{"id":48369,"date":"2024-04-01T04:54:30","date_gmt":"2024-04-01T04:54:30","guid":{"rendered":"https:\/\/e.kosmolat.eu\/product\/cosmeplant-vir-mitrin-zeleja-pec-skusanas-ar-organisko-melisas-ekstraktu-150-ml\/"},"modified":"2026-04-21T09:25:23","modified_gmt":"2026-04-21T09:25:23","slug":"cosmeplant-vir-mitrin-zeleja-pec-skusanas-ar-organisko-melisas-ekstraktu-150-ml","status":"publish","type":"product","link":"https:\/\/e.kosmolat.eu\/lt\/produktas\/cosmeplant-vir-mitrin-zeleja-pec-skusanas-ar-organisko-melisas-ekstraktu-150-ml\/","title":{"rendered":"COSMEPLANT Vyri\u0161kas dr\u0117kinamasis gelis po skutimosi su ekologi\u0161ku melis\u0173 ekstraktu, 150 ml"},"content":{"rendered":"<p>Produktas su \u0105\u017euol\u0173 \u017eiev\u0117s ir ekologi&scaron;k\u0173 melis\u0173 ekstraktais &scaron;velniai ramina ir dr\u0117kina od\u0105, suteikia komforto ir gaivumo.<\/p>\n<p><strong>Naudojimas:<\/strong>&nbsp;po skutimosi nedidel\u012f kiek\u012f gelio u\u017etepkite ant veido odos sukamaisiais judesiais, kol visi&scaron;kai \u012fsigers.<\/p>\n<p>Laikyti t&deg; nuo +5&deg;\u0421 iki +25&deg;\u0421, saugoti nuo tiesiogini\u0173 saul\u0117s spinduli\u0173.<\/p>\n<p><strong>Geriausias:<\/strong> 24 m\u0117nesiai nuo pagaminimo datos.&nbsp;<\/p>\n","protected":false},"excerpt":{"rendered":"<p>Produktas su \u0105\u017euol\u0173 \u017eiev\u0117s ir ekologi&scaron;k\u0173 melis\u0173 ekstraktais &scaron;velniai ramina ir dr\u0117kina od\u0105, suteikia komforto ir gaivumo. Naudojimas:&nbsp;po skutimosi nedidel\u012f kiek\u012f gelio u\u017etepkite ant veido odos sukamaisiais judesiais, kol visi&scaron;kai \u012fsigers. Laikyti t&deg; nuo +5&deg;\u0421 iki +25&deg;\u0421, saugoti nuo tiesiogini\u0173 saul\u0117s spinduli\u0173. Geriausias: 24 m\u0117nesiai nuo pagaminimo datos.&nbsp;<\/p>\n","protected":false},"featured_media":91926,"template":"","meta":[],"product_cat":[2181],"product_tag":[],"class_list":{"0":"post-48369","1":"product","2":"type-product","3":"status-publish","4":"has-post-thumbnail","6":"product_brand-viorica-cosmeplant_bg-lt","7":"product_cat-bez-kategorijas-lt","9":"first","10":"instock","11":"taxable","12":"shipping-taxable","13":"product-type-simple"},"_links":{"self":[{"href":"https:\/\/e.kosmolat.eu\/lt\/wp-json\/wp\/v2\/product\/48369","targetHints":{"allow":["GET"]}}],"collection":[{"href":"https:\/\/e.kosmolat.eu\/lt\/wp-json\/wp\/v2\/product"}],"about":[{"href":"https:\/\/e.kosmolat.eu\/lt\/wp-json\/wp\/v2\/types\/product"}],"wp:featuredmedia":[{"embeddable":true,"href":"https:\/\/e.kosmolat.eu\/lt\/wp-json\/wp\/v2\/media\/91926"}],"wp:attachment":[{"href":"https:\/\/e.kosmolat.eu\/lt\/wp-json\/wp\/v2\/media?parent=48369"}],"wp:term":[{"taxonomy":"product_cat","embeddable":true,"href":"https:\/\/e.kosmolat.eu\/lt\/wp-json\/wp\/v2\/product_cat?post=48369"},{"taxonomy":"product_tag","embeddable":true,"href":"https:\/\/e.kosmolat.eu\/lt\/wp-json\/wp\/v2\/product_tag?post=48369"}],"curies":[{"name":"wp","href":"https:\/\/api.w.org\/{rel}","templated":true}]}}