{"id":48361,"date":"2024-04-01T04:54:16","date_gmt":"2024-04-01T04:54:16","guid":{"rendered":"https:\/\/e.kosmolat.eu\/product\/cosmeplant-viriesu-skus-zel-ar-organisk-lavandas-ekstr-jut-adai-150-ml\/"},"modified":"2026-04-10T05:53:38","modified_gmt":"2026-04-10T05:53:38","slug":"cosmeplant-viriesu-skus-zel-ar-organisk-lavandas-ekstr-jut-adai-150-ml","status":"publish","type":"product","link":"https:\/\/e.kosmolat.eu\/lt\/produktas\/cosmeplant-viriesu-skus-zel-ar-organisk-lavandas-ekstr-jut-adai-150-ml\/","title":{"rendered":"COSMEPLANT Vyri\u0161ka skutimosi \u017eel\u0117 su ekologi\u0161ku levand\u0173 ekstraktu jautriai odai, 150 ml"},"content":{"rendered":"<p>Produktas su \u0105\u017euol\u0173 \u017eiev\u0117s ir organini\u0173 levand\u0173 ekstraktais, skirtas tiksliai ir skland\u017eiai skustis. Mink&scaron;tina od\u0105 ir suteikia &scaron;velnumo poj\u016bt\u012f.<\/p>\n<p><strong>Naudojimas:<\/strong>&nbsp;masa\u017euojan\u010diais judesiais u\u017etepkite ant odos pakankam\u0105 kiek\u012f gelio, kol susidarys putos.<\/p>\n<p>Laikyti t&deg; nuo +5&deg;\u0421 iki +25&deg;\u0421, saugoti nuo tiesiogini\u0173 saul\u0117s spinduli\u0173.<\/p>\n<p><strong>Geriausias: <\/strong>36 m\u0117nesiai nuo pagaminimo datos.&nbsp;<\/p>\n","protected":false},"excerpt":{"rendered":"<p>Produktas su \u0105\u017euol\u0173 \u017eiev\u0117s ir organini\u0173 levand\u0173 ekstraktais, skirtas tiksliai ir skland\u017eiai skustis. Mink&scaron;tina od\u0105 ir suteikia &scaron;velnumo poj\u016bt\u012f. Naudojimas:&nbsp;masa\u017euojan\u010diais judesiais u\u017etepkite ant odos pakankam\u0105 kiek\u012f gelio, kol susidarys putos. Laikyti t&deg; nuo +5&deg;\u0421 iki +25&deg;\u0421, saugoti nuo tiesiogini\u0173 saul\u0117s spinduli\u0173. Geriausias: 36 m\u0117nesiai nuo pagaminimo datos.&nbsp;<\/p>\n","protected":false},"featured_media":91922,"template":"","meta":[],"product_cat":[1682],"product_tag":[],"class_list":{"0":"post-48361","1":"product","2":"type-product","3":"status-publish","4":"has-post-thumbnail","6":"product_brand-viorica-cosmeplant_bg-lt","7":"product_cat-kosmetika-skutimuisi","9":"first","10":"instock","11":"taxable","12":"shipping-taxable","13":"product-type-simple"},"_links":{"self":[{"href":"https:\/\/e.kosmolat.eu\/lt\/wp-json\/wp\/v2\/product\/48361","targetHints":{"allow":["GET"]}}],"collection":[{"href":"https:\/\/e.kosmolat.eu\/lt\/wp-json\/wp\/v2\/product"}],"about":[{"href":"https:\/\/e.kosmolat.eu\/lt\/wp-json\/wp\/v2\/types\/product"}],"wp:featuredmedia":[{"embeddable":true,"href":"https:\/\/e.kosmolat.eu\/lt\/wp-json\/wp\/v2\/media\/91922"}],"wp:attachment":[{"href":"https:\/\/e.kosmolat.eu\/lt\/wp-json\/wp\/v2\/media?parent=48361"}],"wp:term":[{"taxonomy":"product_cat","embeddable":true,"href":"https:\/\/e.kosmolat.eu\/lt\/wp-json\/wp\/v2\/product_cat?post=48361"},{"taxonomy":"product_tag","embeddable":true,"href":"https:\/\/e.kosmolat.eu\/lt\/wp-json\/wp\/v2\/product_tag?post=48361"}],"curies":[{"name":"wp","href":"https:\/\/api.w.org\/{rel}","templated":true}]}}