{"id":48353,"date":"2024-04-01T04:53:59","date_gmt":"2024-04-01T04:53:59","guid":{"rendered":"https:\/\/e.kosmolat.eu\/product\/viorica-attiros-skidr-ziepes-roku-mazgasanai-500-ml\/"},"modified":"2025-09-20T04:28:26","modified_gmt":"2025-09-20T04:28:26","slug":"viorica-attiros-skidr-ziepes-roku-mazgasanai-500-ml","status":"publish","type":"product","link":"https:\/\/e.kosmolat.eu\/lt\/produktas\/viorica-attiros-skidr-ziepes-roku-mazgasanai-500-ml\/","title":{"rendered":"VIORICA Valomasis skystas rank\u0173 muilas, 500 ml"},"content":{"rendered":"<p>&Scaron;velnus muilas su subtiliu vynuogi\u0173 aromatu puikiai valo, i&scaron;laiko rankas jaunatvi&scaron;kas ir i&scaron;puosel\u0117tas. Nat\u016bralus pH idealiai tinka jautriai ir vaik\u0173 odai.<\/p>\n<p><strong>Naudojimas: <\/strong>u\u017etepkite produkt\u0105 ant dr\u0117gnos odos ir suputokite. Nuplaukite vandeniu. Pakartokite, jei reikia. Nebandyta su gyv\u016bnais.<\/p>\n<p>Laikyti t&deg; nuo +5&deg;\u0421 iki +25&deg;\u0421, saugoti nuo tiesiogini\u0173 saul\u0117s spinduli\u0173.<\/p>\n<p><strong>Geriausias:<\/strong> 36 m\u0117nesiai nuo pagaminimo datos.&nbsp;<\/p>\n","protected":false},"excerpt":{"rendered":"<p>&Scaron;velnus muilas su subtiliu vynuogi\u0173 aromatu puikiai valo, i&scaron;laiko rankas jaunatvi&scaron;kas ir i&scaron;puosel\u0117tas. Nat\u016bralus pH idealiai tinka jautriai ir vaik\u0173 odai. Naudojimas: u\u017etepkite produkt\u0105 ant dr\u0117gnos odos ir suputokite. Nuplaukite vandeniu. Pakartokite, jei reikia. Nebandyta su gyv\u016bnais. Laikyti t&deg; nuo +5&deg;\u0421 iki +25&deg;\u0421, saugoti nuo tiesiogini\u0173 saul\u0117s spinduli\u0173. Geriausias: 36 m\u0117nesiai nuo pagaminimo datos.&nbsp;<\/p>\n","protected":false},"featured_media":91918,"template":"","meta":[],"product_cat":[1748],"product_tag":[],"class_list":{"0":"post-48353","1":"product","2":"type-product","3":"status-publish","4":"has-post-thumbnail","6":"product_brand-viorica-cosmeplant_bg-lt","7":"product_cat-skystas-muilas","9":"first","10":"outofstock","11":"taxable","12":"shipping-taxable","13":"product-type-simple"},"_links":{"self":[{"href":"https:\/\/e.kosmolat.eu\/lt\/wp-json\/wp\/v2\/product\/48353","targetHints":{"allow":["GET"]}}],"collection":[{"href":"https:\/\/e.kosmolat.eu\/lt\/wp-json\/wp\/v2\/product"}],"about":[{"href":"https:\/\/e.kosmolat.eu\/lt\/wp-json\/wp\/v2\/types\/product"}],"wp:featuredmedia":[{"embeddable":true,"href":"https:\/\/e.kosmolat.eu\/lt\/wp-json\/wp\/v2\/media\/91918"}],"wp:attachment":[{"href":"https:\/\/e.kosmolat.eu\/lt\/wp-json\/wp\/v2\/media?parent=48353"}],"wp:term":[{"taxonomy":"product_cat","embeddable":true,"href":"https:\/\/e.kosmolat.eu\/lt\/wp-json\/wp\/v2\/product_cat?post=48353"},{"taxonomy":"product_tag","embeddable":true,"href":"https:\/\/e.kosmolat.eu\/lt\/wp-json\/wp\/v2\/product_tag?post=48353"}],"curies":[{"name":"wp","href":"https:\/\/api.w.org\/{rel}","templated":true}]}}