{"id":48345,"date":"2024-04-01T04:53:41","date_gmt":"2024-04-01T04:53:41","guid":{"rendered":"https:\/\/e.kosmolat.eu\/product\/viorica-essentielle-dusas-zeleja-400-ml\/"},"modified":"2026-04-10T05:53:25","modified_gmt":"2026-04-10T05:53:25","slug":"viorica-essentielle-dusas-zeleja-400-ml","status":"publish","type":"product","link":"https:\/\/e.kosmolat.eu\/lt\/produktas\/viorica-essentielle-dusas-zeleja-400-ml\/","title":{"rendered":"VIORICA ESSENTIELLE Du\u0161o \u017eel\u0117, 400 ml"},"content":{"rendered":"<p>Su Litsea Cubeb, citrin\u017eoli\u0173, citrin\u0173 ir eukalipt\u0173 eteriniais aliejais sukurta du&scaron;o \u017eel\u0117 suteikia energijos ir \u017evalumo, tod\u0117l vis\u0105 dien\u0105 jau\u010diat\u0117s gerai. &Scaron;velniai valo, tonizuoja ir apgaubia k\u016bn\u0105 gaiviu aromatu su ilgai i&scaron;liekan\u010diomis citrus\u0173 ir \u017eoleli\u0173 natomis.<\/p>\n<p><strong>Naudojimas: <\/strong>tepkite ant dr\u0117gnos odos, masa\u017euokite ir nuplaukite vandeniu. Nebandyta su gyv\u016bnais.<\/p>\n<p>Laikyti t&deg; nuo +5&deg;\u0421 iki +25&deg;\u0421, saugoti nuo tiesiogini\u0173 saul\u0117s spinduli\u0173.<\/p>\n<p><strong>Geriausias: <\/strong>36 m\u0117nesiai nuo pagaminimo datos.&nbsp;<\/p>\n","protected":false},"excerpt":{"rendered":"<p>Su Litsea Cubeb, citrin\u017eoli\u0173, citrin\u0173 ir eukalipt\u0173 eteriniais aliejais sukurta du&scaron;o \u017eel\u0117 suteikia energijos ir \u017evalumo, tod\u0117l vis\u0105 dien\u0105 jau\u010diat\u0117s gerai. &Scaron;velniai valo, tonizuoja ir apgaubia k\u016bn\u0105 gaiviu aromatu su ilgai i&scaron;liekan\u010diomis citrus\u0173 ir \u017eoleli\u0173 natomis. Naudojimas: tepkite ant dr\u0117gnos odos, masa\u017euokite ir nuplaukite vandeniu. Nebandyta su gyv\u016bnais. Laikyti t&deg; nuo +5&deg;\u0421 iki +25&deg;\u0421, saugoti [&#8230;]\n","protected":false},"featured_media":91914,"template":"","meta":[],"product_cat":[1282],"product_tag":[],"class_list":{"0":"post-48345","1":"product","2":"type-product","3":"status-publish","4":"has-post-thumbnail","6":"product_brand-viorica-cosmeplant_bg-lt","7":"product_cat-duso-geliai-ir-duso-aliejai","9":"first","10":"outofstock","11":"taxable","12":"shipping-taxable","13":"product-type-simple"},"_links":{"self":[{"href":"https:\/\/e.kosmolat.eu\/lt\/wp-json\/wp\/v2\/product\/48345","targetHints":{"allow":["GET"]}}],"collection":[{"href":"https:\/\/e.kosmolat.eu\/lt\/wp-json\/wp\/v2\/product"}],"about":[{"href":"https:\/\/e.kosmolat.eu\/lt\/wp-json\/wp\/v2\/types\/product"}],"wp:featuredmedia":[{"embeddable":true,"href":"https:\/\/e.kosmolat.eu\/lt\/wp-json\/wp\/v2\/media\/91914"}],"wp:attachment":[{"href":"https:\/\/e.kosmolat.eu\/lt\/wp-json\/wp\/v2\/media?parent=48345"}],"wp:term":[{"taxonomy":"product_cat","embeddable":true,"href":"https:\/\/e.kosmolat.eu\/lt\/wp-json\/wp\/v2\/product_cat?post=48345"},{"taxonomy":"product_tag","embeddable":true,"href":"https:\/\/e.kosmolat.eu\/lt\/wp-json\/wp\/v2\/product_tag?post=48345"}],"curies":[{"name":"wp","href":"https:\/\/api.w.org\/{rel}","templated":true}]}}