{"id":48337,"date":"2024-04-01T04:53:26","date_gmt":"2024-04-01T04:53:26","guid":{"rendered":"https:\/\/e.kosmolat.eu\/product\/viorica-essentielle-dusas-zeleja-pilings-200-ml\/"},"modified":"2026-04-17T13:17:06","modified_gmt":"2026-04-17T13:17:06","slug":"viorica-essentielle-dusas-zeleja-pilings-200-ml","status":"publish","type":"product","link":"https:\/\/e.kosmolat.eu\/lt\/produktas\/viorica-essentielle-dusas-zeleja-pilings-200-ml\/","title":{"rendered":"VIORICA ESSENTIELLE Du\u0161o \u017eel\u0117-pilingas, 200 ml"},"content":{"rendered":"<p>Tirpstanti tekst\u016bra su smulkiomis abrazyvin\u0117mis dalel\u0117mis &scaron;velniai valo ir &scaron;vei\u010dia. Dygmin\u0173 ekstrakto ir apelsin\u0173 bei ro\u017eini\u0173 pipir\u0173 eterini\u0173 aliej\u0173 derinys dr\u0117kina ir mink&scaron;tina, apgaubia k\u016bn\u0105 egzoti&scaron;ku ir jausmingu aromatu.&nbsp;Oda i&scaron;lieka aksomin\u0117 ir daug labiau paruo&scaron;ta kitiems prie\u017ei\u016bros etapams.<\/p>\n<p><strong>Naudojimas:<\/strong> tepkite ant dr\u0117gnos odos, masa\u017euokite ir nuplaukite vandeniu. Naudoti 1-3 kartus per savait\u0119.Nebandyta su gyv\u016bnaisLaikyti t&deg; nuo +5&deg;\u0421 iki +25&deg;\u0421, saugoti nuo tiesiogini\u0173 saul\u0117s spinduli\u0173.<\/p>\n<p><strong>Geriausias: <\/strong>30 m\u0117nesiai nuo pagaminimo datos.&nbsp;<\/p>\n","protected":false},"excerpt":{"rendered":"<p>Tirpstanti tekst\u016bra su smulkiomis abrazyvin\u0117mis dalel\u0117mis &scaron;velniai valo ir &scaron;vei\u010dia. Dygmin\u0173 ekstrakto ir apelsin\u0173 bei ro\u017eini\u0173 pipir\u0173 eterini\u0173 aliej\u0173 derinys dr\u0117kina ir mink&scaron;tina, apgaubia k\u016bn\u0105 egzoti&scaron;ku ir jausmingu aromatu.&nbsp;Oda i&scaron;lieka aksomin\u0117 ir daug labiau paruo&scaron;ta kitiems prie\u017ei\u016bros etapams. Naudojimas: tepkite ant dr\u0117gnos odos, masa\u017euokite ir nuplaukite vandeniu. Naudoti 1-3 kartus per savait\u0119.Nebandyta su gyv\u016bnaisLaikyti t&deg; [&#8230;]\n","protected":false},"featured_media":91910,"template":"","meta":[],"product_cat":[1359],"product_tag":[],"class_list":{"0":"post-48337","1":"product","2":"type-product","3":"status-publish","4":"has-post-thumbnail","6":"product_brand-viorica-cosmeplant_bg-lt","7":"product_cat-kuno-sveitikliai-ir-pilingai","9":"first","10":"instock","11":"taxable","12":"shipping-taxable","13":"product-type-simple"},"_links":{"self":[{"href":"https:\/\/e.kosmolat.eu\/lt\/wp-json\/wp\/v2\/product\/48337","targetHints":{"allow":["GET"]}}],"collection":[{"href":"https:\/\/e.kosmolat.eu\/lt\/wp-json\/wp\/v2\/product"}],"about":[{"href":"https:\/\/e.kosmolat.eu\/lt\/wp-json\/wp\/v2\/types\/product"}],"wp:featuredmedia":[{"embeddable":true,"href":"https:\/\/e.kosmolat.eu\/lt\/wp-json\/wp\/v2\/media\/91910"}],"wp:attachment":[{"href":"https:\/\/e.kosmolat.eu\/lt\/wp-json\/wp\/v2\/media?parent=48337"}],"wp:term":[{"taxonomy":"product_cat","embeddable":true,"href":"https:\/\/e.kosmolat.eu\/lt\/wp-json\/wp\/v2\/product_cat?post=48337"},{"taxonomy":"product_tag","embeddable":true,"href":"https:\/\/e.kosmolat.eu\/lt\/wp-json\/wp\/v2\/product_tag?post=48337"}],"curies":[{"name":"wp","href":"https:\/\/api.w.org\/{rel}","templated":true}]}}