{"id":48329,"date":"2024-04-01T04:53:11","date_gmt":"2024-04-01T04:53:11","guid":{"rendered":"https:\/\/e.kosmolat.eu\/product\/cosmeplant-vir-dusas-zeleja-3-in-1-kermenim-sejai-un-mat-ar-org-melisas-ekstraktu-400-ml\/"},"modified":"2026-04-17T07:43:15","modified_gmt":"2026-04-17T07:43:15","slug":"cosmeplant-vir-dusas-zeleja-3-in-1-kermenim-sejai-un-mat-ar-org-melisas-ekstraktu-400-ml","status":"publish","type":"product","link":"https:\/\/e.kosmolat.eu\/lt\/produktas\/cosmeplant-vir-dusas-zeleja-3-in-1-kermenim-sejai-un-mat-ar-org-melisas-ekstraktu-400-ml\/","title":{"rendered":"COSMEPLANT Vyri\u0161ka du\u0161o \u017eel\u0117 3 viename k\u016bnui, veidui ir plaukams su ekologi\u0161k\u0173 melis\u0173 ekstraktu, 400"},"content":{"rendered":"<p>&Scaron;is specialiai vyrams sukurtas produktas su \u0105\u017euol\u0173 \u017eiev\u0117s ekstraktu ir ekologi&scaron;komis &nbsp;melisomis &nbsp;nuvalo veido ir k\u016bno od\u0105 jos nesausindamas ir padaro plaukus &scaron;velnius.<\/p>\n<p><strong>Naudojimas:<\/strong> nedidel\u012f kiek\u012f priemon\u0117s paskirstykite ant dr\u0117gnos veido, k\u016bno ir plauk\u0173 odos, suputokite ir nuplaukite. Jei reikia, pakartokite.<\/p>\n<p>Laikyti t&deg; nuo +5&deg;\u0421 iki +25&deg;\u0421, saugoti nuo tiesiogini\u0173 saul\u0117s spinduli\u0173.&nbsp;<\/p>\n","protected":false},"excerpt":{"rendered":"<p>&Scaron;is specialiai vyrams sukurtas produktas su \u0105\u017euol\u0173 \u017eiev\u0117s ekstraktu ir ekologi&scaron;komis &nbsp;melisomis &nbsp;nuvalo veido ir k\u016bno od\u0105 jos nesausindamas ir padaro plaukus &scaron;velnius. Naudojimas: nedidel\u012f kiek\u012f priemon\u0117s paskirstykite ant dr\u0117gnos veido, k\u016bno ir plauk\u0173 odos, suputokite ir nuplaukite. Jei reikia, pakartokite. Laikyti t&deg; nuo +5&deg;\u0421 iki +25&deg;\u0421, saugoti nuo tiesiogini\u0173 saul\u0117s spinduli\u0173.&nbsp;<\/p>\n","protected":false},"featured_media":91906,"template":"","meta":[],"product_cat":[2181],"product_tag":[],"class_list":{"0":"post-48329","1":"product","2":"type-product","3":"status-publish","4":"has-post-thumbnail","6":"product_brand-viorica-cosmeplant_bg-lt","7":"product_cat-bez-kategorijas-lt","9":"first","10":"instock","11":"taxable","12":"shipping-taxable","13":"product-type-simple"},"_links":{"self":[{"href":"https:\/\/e.kosmolat.eu\/lt\/wp-json\/wp\/v2\/product\/48329","targetHints":{"allow":["GET"]}}],"collection":[{"href":"https:\/\/e.kosmolat.eu\/lt\/wp-json\/wp\/v2\/product"}],"about":[{"href":"https:\/\/e.kosmolat.eu\/lt\/wp-json\/wp\/v2\/types\/product"}],"wp:featuredmedia":[{"embeddable":true,"href":"https:\/\/e.kosmolat.eu\/lt\/wp-json\/wp\/v2\/media\/91906"}],"wp:attachment":[{"href":"https:\/\/e.kosmolat.eu\/lt\/wp-json\/wp\/v2\/media?parent=48329"}],"wp:term":[{"taxonomy":"product_cat","embeddable":true,"href":"https:\/\/e.kosmolat.eu\/lt\/wp-json\/wp\/v2\/product_cat?post=48329"},{"taxonomy":"product_tag","embeddable":true,"href":"https:\/\/e.kosmolat.eu\/lt\/wp-json\/wp\/v2\/product_tag?post=48329"}],"curies":[{"name":"wp","href":"https:\/\/api.w.org\/{rel}","templated":true}]}}