{"id":48321,"date":"2024-04-01T04:52:53","date_gmt":"2024-04-01T04:52:53","guid":{"rendered":"https:\/\/e.kosmolat.eu\/product\/viorica-vie-230c-matu-sprejs-termoaizsardzibai-200-ml\/"},"modified":"2026-04-24T05:28:54","modified_gmt":"2026-04-24T05:28:54","slug":"viorica-vie-230c-matu-sprejs-termoaizsardzibai-200-ml","status":"publish","type":"product","link":"https:\/\/e.kosmolat.eu\/lt\/produktas\/viorica-vie-230c-matu-sprejs-termoaizsardzibai-200-ml\/","title":{"rendered":"VIORICA VIE 230\u0137C Nuo kar\u0161\u010dio apsaugantis plauk\u0173 pur\u0161kiklis, 200 ml"},"content":{"rendered":"<p>Veiksminga da\u017enai termi&scaron;kai apdorot\u0173 plauk\u0173 prie\u017ei\u016bra. <strong>Viefenolis<\/strong> veiksmingai l\u0117tina plauk\u0173 sen\u0117jimo proces\u0105. <strong>Termoaktyvi sistema<\/strong> apsaugo nuo auk&scaron;tos temperat\u016bros ir palengvina formavim\u0105. <strong>Augaliniai baltymai, betainas ir aminor\u016bg&scaron;tys<\/strong> dr\u0117kina ir glotnina plaukus.<\/p>\n<p><strong>Naudojimas: s<\/strong>ukratykite buteliuk\u0105 ir purk&scaron;kite ant dr\u0117gn\u0173 arba saus\u0173 plauk\u0173 prie&scaron; formuodami kar&scaron;tu b\u016bdu.<br \/>\nNebandyta su gyv\u016bnais.<\/p>\n<p>Laikyti t&deg; nuo +5&deg;\u0421 iki +25&deg;\u0421, saugoti nuo tiesiogini\u0173 saul\u0117s spinduli\u0173.<\/p>\n<p><strong>Geriausias: <\/strong>36 m\u0117nesiai nuo pagaminimo datos.&nbsp;<br \/>\n&nbsp;<\/p>\n","protected":false},"excerpt":{"rendered":"<p>Veiksminga da\u017enai termi&scaron;kai apdorot\u0173 plauk\u0173 prie\u017ei\u016bra. Viefenolis veiksmingai l\u0117tina plauk\u0173 sen\u0117jimo proces\u0105. Termoaktyvi sistema apsaugo nuo auk&scaron;tos temperat\u016bros ir palengvina formavim\u0105. Augaliniai baltymai, betainas ir aminor\u016bg&scaron;tys dr\u0117kina ir glotnina plaukus. Naudojimas: sukratykite buteliuk\u0105 ir purk&scaron;kite ant dr\u0117gn\u0173 arba saus\u0173 plauk\u0173 prie&scaron; formuodami kar&scaron;tu b\u016bdu. Nebandyta su gyv\u016bnais. Laikyti t&deg; nuo +5&deg;\u0421 iki +25&deg;\u0421, saugoti nuo [&#8230;]\n","protected":false},"featured_media":91902,"template":"","meta":[],"product_cat":[1404],"product_tag":[],"class_list":{"0":"post-48321","1":"product","2":"type-product","3":"status-publish","4":"has-post-thumbnail","6":"product_brand-viorica-cosmeplant_bg-lt","7":"product_cat-silumine-apsauga","9":"first","10":"instock","11":"taxable","12":"shipping-taxable","13":"product-type-simple"},"_links":{"self":[{"href":"https:\/\/e.kosmolat.eu\/lt\/wp-json\/wp\/v2\/product\/48321","targetHints":{"allow":["GET"]}}],"collection":[{"href":"https:\/\/e.kosmolat.eu\/lt\/wp-json\/wp\/v2\/product"}],"about":[{"href":"https:\/\/e.kosmolat.eu\/lt\/wp-json\/wp\/v2\/types\/product"}],"wp:featuredmedia":[{"embeddable":true,"href":"https:\/\/e.kosmolat.eu\/lt\/wp-json\/wp\/v2\/media\/91902"}],"wp:attachment":[{"href":"https:\/\/e.kosmolat.eu\/lt\/wp-json\/wp\/v2\/media?parent=48321"}],"wp:term":[{"taxonomy":"product_cat","embeddable":true,"href":"https:\/\/e.kosmolat.eu\/lt\/wp-json\/wp\/v2\/product_cat?post=48321"},{"taxonomy":"product_tag","embeddable":true,"href":"https:\/\/e.kosmolat.eu\/lt\/wp-json\/wp\/v2\/product_tag?post=48321"}],"curies":[{"name":"wp","href":"https:\/\/api.w.org\/{rel}","templated":true}]}}