{"id":48313,"date":"2024-04-01T04:52:39","date_gmt":"2024-04-01T04:52:39","guid":{"rendered":"https:\/\/e.kosmolat.eu\/product\/viorica-vie-mitrin-maska-saus-un-dehidr-matiem-200-ml\/"},"modified":"2026-05-08T20:42:09","modified_gmt":"2026-05-08T20:42:09","slug":"viorica-vie-mitrin-maska-saus-un-dehidr-matiem-150-ml","status":"publish","type":"product","link":"https:\/\/e.kosmolat.eu\/lt\/produktas\/viorica-vie-mitrin-maska-saus-un-dehidr-matiem-150-ml\/","title":{"rendered":"VIORICA VIE Dr\u0117kinamoji kauk\u0117 sausiems ir i\u0161saus\u0117jusiems plaukams, 200 ml"},"content":{"rendered":"<p>\u017dymiai pagerina plauk\u0173 strukt\u016br\u0105 ir gr\u0105\u017eina garbanoms gyvybingum\u0105. <strong>Antioksidant\u0173 kompleksas Viephenol<\/strong> veiksmingai l\u0117tina plauk\u0173 sen\u0117jimo proces\u0105. <strong>Avokad\u0173 aliejus<\/strong> ir alavij\u0173 sultys dr\u0117kina, maitina ir stiprina plaukus. <strong>Kamelij\u0173 aliejus<\/strong> atkuria pa\u017eeistus plauk\u0173 \u017evynelius, tod\u0117l garbanos tampa lygios ir stangrios.<\/p>\n<p><strong>Naudojimas: <\/strong>u\u017etepkite kauk\u0119 ant &scaron;vari\u0173, dr\u0117gn\u0173 plauk\u0173, vengdami &scaron;akn\u0173. Po 3-5 minu\u010di\u0173 kruop&scaron;\u010diai nuplaukite vandeniu. Nor\u0117dami gauti ilgalaiki\u0173 rezultat\u0173, naudokite 1-2 kartus per savait\u0119 kartu su Viorica Vie &scaron;amp\u016bnu ir kondicionieriumi. Nebandyta su gyv\u016bnais.<\/p>\n<p>Laikyti t&deg; nuo +5&deg;\u0421 iki +25&deg;\u0421, saugoti nuo tiesiogini\u0173 saul\u0117s spinduli\u0173.<\/p>\n<p><strong>Geriausias:<\/strong> 30 m\u0117nesiai nuo pagaminimo datos.&nbsp;<\/p>\n","protected":false},"excerpt":{"rendered":"<p>\u017dymiai pagerina plauk\u0173 strukt\u016br\u0105 ir gr\u0105\u017eina garbanoms gyvybingum\u0105. Antioksidant\u0173 kompleksas Viephenol veiksmingai l\u0117tina plauk\u0173 sen\u0117jimo proces\u0105. Avokad\u0173 aliejus ir alavij\u0173 sultys dr\u0117kina, maitina ir stiprina plaukus. Kamelij\u0173 aliejus atkuria pa\u017eeistus plauk\u0173 \u017evynelius, tod\u0117l garbanos tampa lygios ir stangrios. Naudojimas: u\u017etepkite kauk\u0119 ant &scaron;vari\u0173, dr\u0117gn\u0173 plauk\u0173, vengdami &scaron;akn\u0173. Po 3-5 minu\u010di\u0173 kruop&scaron;\u010diai nuplaukite vandeniu. Nor\u0117dami gauti [&#8230;]\n","protected":false},"featured_media":91898,"template":"","meta":[],"product_cat":[1256],"product_tag":[],"class_list":{"0":"post-48313","1":"product","2":"type-product","3":"status-publish","4":"has-post-thumbnail","6":"product_brand-viorica-cosmeplant_bg-lt","7":"product_cat-plauku-kaukes","9":"first","10":"instock","11":"taxable","12":"shipping-taxable","13":"product-type-simple"},"_links":{"self":[{"href":"https:\/\/e.kosmolat.eu\/lt\/wp-json\/wp\/v2\/product\/48313","targetHints":{"allow":["GET"]}}],"collection":[{"href":"https:\/\/e.kosmolat.eu\/lt\/wp-json\/wp\/v2\/product"}],"about":[{"href":"https:\/\/e.kosmolat.eu\/lt\/wp-json\/wp\/v2\/types\/product"}],"wp:featuredmedia":[{"embeddable":true,"href":"https:\/\/e.kosmolat.eu\/lt\/wp-json\/wp\/v2\/media\/91898"}],"wp:attachment":[{"href":"https:\/\/e.kosmolat.eu\/lt\/wp-json\/wp\/v2\/media?parent=48313"}],"wp:term":[{"taxonomy":"product_cat","embeddable":true,"href":"https:\/\/e.kosmolat.eu\/lt\/wp-json\/wp\/v2\/product_cat?post=48313"},{"taxonomy":"product_tag","embeddable":true,"href":"https:\/\/e.kosmolat.eu\/lt\/wp-json\/wp\/v2\/product_tag?post=48313"}],"curies":[{"name":"wp","href":"https:\/\/api.w.org\/{rel}","templated":true}]}}