{"id":48305,"date":"2024-04-01T04:50:53","date_gmt":"2024-04-01T04:50:53","guid":{"rendered":"https:\/\/e.kosmolat.eu\/product\/viorica-vie-mitr-matu-balzams-normal-un-saus-matiem-200-ml\/"},"modified":"2026-04-22T11:24:26","modified_gmt":"2026-04-22T11:24:26","slug":"viorica-vie-mitr-matu-balzams-normal-un-saus-matiem-200-ml","status":"publish","type":"product","link":"https:\/\/e.kosmolat.eu\/lt\/produktas\/viorica-vie-mitr-matu-balzams-normal-un-saus-matiem-200-ml\/","title":{"rendered":"VIORICA VIE Dr\u0117kinamasis balzamas normaliems ir sausiems plaukams, 200 ml"},"content":{"rendered":"<p>Suteikia plaukams papildomos prie\u017ei\u016bros, tankina, suteikia blizgesio ir &scaron;ilkinio &scaron;velnumo.&nbsp;<strong>Viefenolio kompleksas<\/strong> efektyviai l\u0117tina plauk\u0173 sen\u0117jimo proces\u0105. <strong>Daig\u0173 aliejus ir kvie\u010di\u0173 s\u0117len\u0173 ekstraktas <\/strong>intensyviai dr\u0117kina plaukus, pa&scaron;alina j\u0173 nepaklusnum\u0105. <strong>Augaliniai keramidai<\/strong> sulaiko dr\u0117gm\u0119, neleid\u017eia plaukams l\u016b\u017ein\u0117ti.<\/p>\n<p><strong>Naudojimas: <\/strong>paskirstykite balzam\u0105 ant dr\u0117gn\u0173, &scaron;amp\u016bnu i&scaron;plaut\u0173 plauk\u0173. Paskirstykite nuo vidurio ilgio iki gal\u0173. Po 1-2 minu\u010di\u0173 kruop&scaron;\u010diai nuplaukite vandeniu. Siekiant ilgalaiki\u0173 rezultat\u0173, naudokite kartu su Viorica Vie dr\u0117kinan\u010diu &scaron;amp\u016bnu ir kauke. Nebandyta su gyv\u016bnais.<\/p>\n<p>Laikyti t&deg; nuo +5&deg;\u0421 iki +25&deg;\u0421, saugoti nuo tiesiogini\u0173 saul\u0117s spinduli\u0173.<\/p>\n<p><strong>Geriausias: <\/strong>30 m\u0117nesiai nuo pagaminimo datos.&nbsp;<\/p>\n","protected":false},"excerpt":{"rendered":"<p>Suteikia plaukams papildomos prie\u017ei\u016bros, tankina, suteikia blizgesio ir &scaron;ilkinio &scaron;velnumo.&nbsp;Viefenolio kompleksas efektyviai l\u0117tina plauk\u0173 sen\u0117jimo proces\u0105. Daig\u0173 aliejus ir kvie\u010di\u0173 s\u0117len\u0173 ekstraktas intensyviai dr\u0117kina plaukus, pa&scaron;alina j\u0173 nepaklusnum\u0105. Augaliniai keramidai sulaiko dr\u0117gm\u0119, neleid\u017eia plaukams l\u016b\u017ein\u0117ti. Naudojimas: paskirstykite balzam\u0105 ant dr\u0117gn\u0173, &scaron;amp\u016bnu i&scaron;plaut\u0173 plauk\u0173. Paskirstykite nuo vidurio ilgio iki gal\u0173. Po 1-2 minu\u010di\u0173 kruop&scaron;\u010diai nuplaukite vandeniu. [&#8230;]\n","protected":false},"featured_media":91894,"template":"","meta":[],"product_cat":[2181],"product_tag":[],"class_list":{"0":"post-48305","1":"product","2":"type-product","3":"status-publish","4":"has-post-thumbnail","6":"product_brand-viorica-cosmeplant_bg-lt","7":"product_cat-bez-kategorijas-lt","9":"first","10":"instock","11":"taxable","12":"shipping-taxable","13":"product-type-simple"},"_links":{"self":[{"href":"https:\/\/e.kosmolat.eu\/lt\/wp-json\/wp\/v2\/product\/48305","targetHints":{"allow":["GET"]}}],"collection":[{"href":"https:\/\/e.kosmolat.eu\/lt\/wp-json\/wp\/v2\/product"}],"about":[{"href":"https:\/\/e.kosmolat.eu\/lt\/wp-json\/wp\/v2\/types\/product"}],"wp:featuredmedia":[{"embeddable":true,"href":"https:\/\/e.kosmolat.eu\/lt\/wp-json\/wp\/v2\/media\/91894"}],"wp:attachment":[{"href":"https:\/\/e.kosmolat.eu\/lt\/wp-json\/wp\/v2\/media?parent=48305"}],"wp:term":[{"taxonomy":"product_cat","embeddable":true,"href":"https:\/\/e.kosmolat.eu\/lt\/wp-json\/wp\/v2\/product_cat?post=48305"},{"taxonomy":"product_tag","embeddable":true,"href":"https:\/\/e.kosmolat.eu\/lt\/wp-json\/wp\/v2\/product_tag?post=48305"}],"curies":[{"name":"wp","href":"https:\/\/api.w.org\/{rel}","templated":true}]}}