{"id":48297,"date":"2024-04-01T04:50:34","date_gmt":"2024-04-01T04:50:34","guid":{"rendered":"https:\/\/e.kosmolat.eu\/product\/viorica-vie-mitrinoss-sampuns-normaliem-un-sausiem-matiem-400-ml\/"},"modified":"2026-04-10T05:51:59","modified_gmt":"2026-04-10T05:51:59","slug":"viorica-vie-mitrinoss-sampuns-normaliem-un-sausiem-matiem-400-ml","status":"publish","type":"product","link":"https:\/\/e.kosmolat.eu\/lt\/produktas\/viorica-vie-mitrinoss-sampuns-normaliem-un-sausiem-matiem-400-ml\/","title":{"rendered":"VIORICA VIE Dr\u0117kinamasis \u0161amp\u016bnas normaliems ir sausiems plaukams, 400 ml"},"content":{"rendered":"<p>&Scaron;velniai valo, prisotina plaukus dr\u0117gme, padaro juos paklusnius ir \u017evilgan\u010dius. <strong>Antioksidant\u0173 kompleksas Viephenol <\/strong>veiksmingai l\u0117tina plauk\u0173 sen\u0117jimo proces\u0105. <strong>Kamelij\u0173 aliejus ir kvie\u010di\u0173 gemal\u0173 ekstraktas <\/strong>dr\u0117kina ir glotnina plaukus. <strong>Augaliniai keramidai <\/strong>sulaiko dr\u0117gm\u0119, neleid\u017eia plaukams l\u016b\u017ein\u0117ti.<\/p>\n<p><strong>Naudojimas: <\/strong>u\u017etepkite &scaron;amp\u016bn\u0105 ant dr\u0117gn\u0173 plauk\u0173, suputokite ir masa\u017euokite. Kruop&scaron;\u010diai nuplaukite &scaron;iltu vandeniu. Jei reikia, pakartokite proced\u016br\u0105. Nor\u0117dami gauti ilgalaiki\u0173 rezultat\u0173, naudokite kartu su Viorica Vie dr\u0117kinan\u010diu balzamu kauke. Nebandyta su gyv\u016bnais.<\/p>\n<p>Laikyti t&deg; nuo +5&deg;\u0421 iki +25&deg;\u0421, saugoti nuo tiesiogini\u0173 saul\u0117s spinduli\u0173.<\/p>\n<p><strong>Geriausias:<\/strong> 30 m\u0117nesiai nuo pagaminimo datos.&nbsp;<\/p>\n","protected":false},"excerpt":{"rendered":"<p>&Scaron;velniai valo, prisotina plaukus dr\u0117gme, padaro juos paklusnius ir \u017evilgan\u010dius. Antioksidant\u0173 kompleksas Viephenol veiksmingai l\u0117tina plauk\u0173 sen\u0117jimo proces\u0105. Kamelij\u0173 aliejus ir kvie\u010di\u0173 gemal\u0173 ekstraktas dr\u0117kina ir glotnina plaukus. Augaliniai keramidai sulaiko dr\u0117gm\u0119, neleid\u017eia plaukams l\u016b\u017ein\u0117ti. Naudojimas: u\u017etepkite &scaron;amp\u016bn\u0105 ant dr\u0117gn\u0173 plauk\u0173, suputokite ir masa\u017euokite. Kruop&scaron;\u010diai nuplaukite &scaron;iltu vandeniu. Jei reikia, pakartokite proced\u016br\u0105. Nor\u0117dami gauti ilgalaiki\u0173 [&#8230;]\n","protected":false},"featured_media":91890,"template":"","meta":[],"product_cat":[2181],"product_tag":[],"class_list":{"0":"post-48297","1":"product","2":"type-product","3":"status-publish","4":"has-post-thumbnail","6":"product_brand-viorica-cosmeplant_bg-lt","7":"product_cat-bez-kategorijas-lt","9":"first","10":"instock","11":"taxable","12":"shipping-taxable","13":"product-type-simple"},"_links":{"self":[{"href":"https:\/\/e.kosmolat.eu\/lt\/wp-json\/wp\/v2\/product\/48297","targetHints":{"allow":["GET"]}}],"collection":[{"href":"https:\/\/e.kosmolat.eu\/lt\/wp-json\/wp\/v2\/product"}],"about":[{"href":"https:\/\/e.kosmolat.eu\/lt\/wp-json\/wp\/v2\/types\/product"}],"wp:featuredmedia":[{"embeddable":true,"href":"https:\/\/e.kosmolat.eu\/lt\/wp-json\/wp\/v2\/media\/91890"}],"wp:attachment":[{"href":"https:\/\/e.kosmolat.eu\/lt\/wp-json\/wp\/v2\/media?parent=48297"}],"wp:term":[{"taxonomy":"product_cat","embeddable":true,"href":"https:\/\/e.kosmolat.eu\/lt\/wp-json\/wp\/v2\/product_cat?post=48297"},{"taxonomy":"product_tag","embeddable":true,"href":"https:\/\/e.kosmolat.eu\/lt\/wp-json\/wp\/v2\/product_tag?post=48297"}],"curies":[{"name":"wp","href":"https:\/\/api.w.org\/{rel}","templated":true}]}}