{"id":48289,"date":"2024-04-01T04:50:15","date_gmt":"2024-04-01T04:50:15","guid":{"rendered":"https:\/\/e.kosmolat.eu\/product\/cosmeplant-vir-stiprin-sampuns-balzams-2-in-1-ar-sark-piparu-ekst-400-ml\/"},"modified":"2026-04-17T13:16:51","modified_gmt":"2026-04-17T13:16:51","slug":"cosmeplant-vir-stiprin-sampuns-balzams-2-in-1-ar-sark-piparu-ekst-400-ml","status":"publish","type":"product","link":"https:\/\/e.kosmolat.eu\/lt\/produktas\/cosmeplant-vir-stiprin-sampuns-balzams-2-in-1-ar-sark-piparu-ekst-400-ml\/","title":{"rendered":"COSMEPLANT Vyri\u0161kas stiprinantis \u0161amp\u016bnas + plauk\u0173 balzamas 2 in 1 su raudon\u0173j\u0173 pipir\u0173 ekstraktu, 40"},"content":{"rendered":"<p>&Scaron;is specialiai vyrams sukurtas produktas su \u0105\u017euol\u0173 \u017eiev\u0117s ekstraktu ir ekologi&scaron;komis melisomis &nbsp;nuvalo veido ir k\u016bno od\u0105 jos nesausindamas ir padaro plaukus &scaron;velnius.<\/p>\n<p><strong>Naudojimas: <\/strong>nedidel\u012f kiek\u012f priemon\u0117s paskirstykite ant dr\u0117gnos galvos odos ir plauk\u0173, suputokite ir i&scaron;skalaukite. Jei reikia, pakartokite.<\/p>\n<p>Laikyti t&deg; nuo +5&deg;\u0421 iki +25&deg;\u0421, saugoti nuo tiesiogini\u0173 saul\u0117s spinduli\u0173.&nbsp;<\/p>\n","protected":false},"excerpt":{"rendered":"<p>&Scaron;is specialiai vyrams sukurtas produktas su \u0105\u017euol\u0173 \u017eiev\u0117s ekstraktu ir ekologi&scaron;komis melisomis &nbsp;nuvalo veido ir k\u016bno od\u0105 jos nesausindamas ir padaro plaukus &scaron;velnius. Naudojimas: nedidel\u012f kiek\u012f priemon\u0117s paskirstykite ant dr\u0117gnos galvos odos ir plauk\u0173, suputokite ir i&scaron;skalaukite. Jei reikia, pakartokite. Laikyti t&deg; nuo +5&deg;\u0421 iki +25&deg;\u0421, saugoti nuo tiesiogini\u0173 saul\u0117s spinduli\u0173.&nbsp;<\/p>\n","protected":false},"featured_media":91886,"template":"","meta":[],"product_cat":[1688],"product_tag":[],"class_list":{"0":"post-48289","1":"product","2":"type-product","3":"status-publish","4":"has-post-thumbnail","6":"product_brand-viorica-cosmeplant_bg-lt","7":"product_cat-plauku-prieziura-vyrams-2","9":"first","10":"instock","11":"taxable","12":"shipping-taxable","13":"product-type-simple"},"_links":{"self":[{"href":"https:\/\/e.kosmolat.eu\/lt\/wp-json\/wp\/v2\/product\/48289","targetHints":{"allow":["GET"]}}],"collection":[{"href":"https:\/\/e.kosmolat.eu\/lt\/wp-json\/wp\/v2\/product"}],"about":[{"href":"https:\/\/e.kosmolat.eu\/lt\/wp-json\/wp\/v2\/types\/product"}],"wp:featuredmedia":[{"embeddable":true,"href":"https:\/\/e.kosmolat.eu\/lt\/wp-json\/wp\/v2\/media\/91886"}],"wp:attachment":[{"href":"https:\/\/e.kosmolat.eu\/lt\/wp-json\/wp\/v2\/media?parent=48289"}],"wp:term":[{"taxonomy":"product_cat","embeddable":true,"href":"https:\/\/e.kosmolat.eu\/lt\/wp-json\/wp\/v2\/product_cat?post=48289"},{"taxonomy":"product_tag","embeddable":true,"href":"https:\/\/e.kosmolat.eu\/lt\/wp-json\/wp\/v2\/product_tag?post=48289"}],"curies":[{"name":"wp","href":"https:\/\/api.w.org\/{rel}","templated":true}]}}