{"id":48281,"date":"2024-04-01T04:49:54","date_gmt":"2024-04-01T04:49:54","guid":{"rendered":"https:\/\/e.kosmolat.eu\/product\/viorica-essentielle-roku-un-kermena-losjons-300-ml\/"},"modified":"2026-04-10T05:51:31","modified_gmt":"2026-04-10T05:51:31","slug":"viorica-essentielle-roku-un-kermena-losjons-300-ml","status":"publish","type":"product","link":"https:\/\/e.kosmolat.eu\/lt\/produktas\/viorica-essentielle-roku-un-kermena-losjons-300-ml\/","title":{"rendered":"VIORICA ESSENTIELLE Rank\u0173 ir k\u016bno losjonas, 300 ml"},"content":{"rendered":"<p>&Scaron;is losjonas, kurio sud\u0117tyje yra litsea cubeba, citrin\u017eoli\u0173, citrin\u0173 ir eukalipt\u0173 eterini\u0173 aliej\u0173, paver\u010dia j\u016bs\u0173 odos prie\u017ei\u016bros rutin\u0105 aromaterapijos ritualu. Jis dr\u0117kina, mink&scaron;tina ir apgaubia k\u016bn\u0105 intensyvi\u0173 citrusini\u0173 \u017eoleli\u0173 nat\u0173 &scaron;ydu. Lengva tekst\u016bra akimirksniu susigeria.<\/p>\n<p><strong>Naudojimas: <\/strong>tepkite ant odos po rank\u0173 plovimo, du&scaron;o ar vonios. Masa\u017euokite, kol visi&scaron;kai \u012fsigers. Nor\u0117dami gauti geriausi\u0105 efekt\u0105, derinkite su Essentielle du&scaron;o \u017eel\u0117. Nebandyta su gyv\u016bnais.<\/p>\n<p>Laikyti t&deg; nuo +5&deg;\u0421 iki +25&deg;\u0421, saugoti nuo tiesiogini\u0173 saul\u0117s spinduli\u0173.<\/p>\n<p><strong>Geriausias:<\/strong> 24 m\u0117nesiai nuo pagaminimo datos.&nbsp;<\/p>\n","protected":false},"excerpt":{"rendered":"<p>&Scaron;is losjonas, kurio sud\u0117tyje yra litsea cubeba, citrin\u017eoli\u0173, citrin\u0173 ir eukalipt\u0173 eterini\u0173 aliej\u0173, paver\u010dia j\u016bs\u0173 odos prie\u017ei\u016bros rutin\u0105 aromaterapijos ritualu. Jis dr\u0117kina, mink&scaron;tina ir apgaubia k\u016bn\u0105 intensyvi\u0173 citrusini\u0173 \u017eoleli\u0173 nat\u0173 &scaron;ydu. Lengva tekst\u016bra akimirksniu susigeria. Naudojimas: tepkite ant odos po rank\u0173 plovimo, du&scaron;o ar vonios. Masa\u017euokite, kol visi&scaron;kai \u012fsigers. Nor\u0117dami gauti geriausi\u0105 efekt\u0105, derinkite su [&#8230;]\n","protected":false},"featured_media":91882,"template":"","meta":[],"product_cat":[1390],"product_tag":[],"class_list":{"0":"post-48281","1":"product","2":"type-product","3":"status-publish","4":"has-post-thumbnail","6":"product_brand-viorica-cosmeplant_bg-lt","7":"product_cat-kremai-aliejai-kuno-pienelis","9":"first","10":"outofstock","11":"taxable","12":"shipping-taxable","13":"product-type-simple"},"_links":{"self":[{"href":"https:\/\/e.kosmolat.eu\/lt\/wp-json\/wp\/v2\/product\/48281","targetHints":{"allow":["GET"]}}],"collection":[{"href":"https:\/\/e.kosmolat.eu\/lt\/wp-json\/wp\/v2\/product"}],"about":[{"href":"https:\/\/e.kosmolat.eu\/lt\/wp-json\/wp\/v2\/types\/product"}],"wp:featuredmedia":[{"embeddable":true,"href":"https:\/\/e.kosmolat.eu\/lt\/wp-json\/wp\/v2\/media\/91882"}],"wp:attachment":[{"href":"https:\/\/e.kosmolat.eu\/lt\/wp-json\/wp\/v2\/media?parent=48281"}],"wp:term":[{"taxonomy":"product_cat","embeddable":true,"href":"https:\/\/e.kosmolat.eu\/lt\/wp-json\/wp\/v2\/product_cat?post=48281"},{"taxonomy":"product_tag","embeddable":true,"href":"https:\/\/e.kosmolat.eu\/lt\/wp-json\/wp\/v2\/product_tag?post=48281"}],"curies":[{"name":"wp","href":"https:\/\/api.w.org\/{rel}","templated":true}]}}