{"id":48273,"date":"2024-04-01T04:49:35","date_gmt":"2024-04-01T04:49:35","guid":{"rendered":"https:\/\/e.kosmolat.eu\/product\/viorica-elixir-floral-lacramioara-alba-parfimets-kerm-pienins-200-ml\/"},"modified":"2026-04-10T05:51:17","modified_gmt":"2026-04-10T05:51:17","slug":"viorica-elixir-floral-lacramioara-alba-parfimets-kerm-pienins-200-ml","status":"publish","type":"product","link":"https:\/\/e.kosmolat.eu\/lt\/produktas\/viorica-elixir-floral-lacramioara-alba-parfimets-kerm-pienins-200-ml\/","title":{"rendered":"VIORICA Elixir Floral Lacramioara Alba parfumuotas k\u016bno pienelis, 200 ml"},"content":{"rendered":"<p>Pienelis apgaubia j\u016bs\u0173 k\u016bn\u0105 sald\u017eiu pakalnu\u010di\u0173 aromatu, o jo &scaron;ilkin\u0117 tekst\u016bra suteiks j\u016bs\u0173 odai tikros palaimos.<\/p>\n<p><strong>Naudojimas:<\/strong> u\u017etepkite produkt\u0105 ant odos i&scaron; karto po du&scaron;o ar vonios. Masa\u017euokite, kol visi&scaron;kai \u012fsigers. Nebandyta su gyv\u016bnais.<\/p>\n<p>Laikyti t&deg; nuo +5&deg;\u0421 iki +25&deg;\u0421, saugoti nuo tiesiogini\u0173 saul\u0117s spinduli\u0173.&nbsp;<\/p>\n<p><strong>Geriausias: <\/strong>24 m\u0117nesiai nuo pagaminimo datos.&nbsp;<\/p>\n","protected":false},"excerpt":{"rendered":"<p>Pienelis apgaubia j\u016bs\u0173 k\u016bn\u0105 sald\u017eiu pakalnu\u010di\u0173 aromatu, o jo &scaron;ilkin\u0117 tekst\u016bra suteiks j\u016bs\u0173 odai tikros palaimos. Naudojimas: u\u017etepkite produkt\u0105 ant odos i&scaron; karto po du&scaron;o ar vonios. Masa\u017euokite, kol visi&scaron;kai \u012fsigers. Nebandyta su gyv\u016bnais. Laikyti t&deg; nuo +5&deg;\u0421 iki +25&deg;\u0421, saugoti nuo tiesiogini\u0173 saul\u0117s spinduli\u0173.&nbsp; Geriausias: 24 m\u0117nesiai nuo pagaminimo datos.&nbsp;<\/p>\n","protected":false},"featured_media":91878,"template":"","meta":[],"product_cat":[1390],"product_tag":[],"class_list":{"0":"post-48273","1":"product","2":"type-product","3":"status-publish","4":"has-post-thumbnail","6":"product_brand-sale-lt","7":"product_cat-kremai-aliejai-kuno-pienelis","9":"first","10":"outofstock","11":"taxable","12":"shipping-taxable","13":"product-type-simple"},"_links":{"self":[{"href":"https:\/\/e.kosmolat.eu\/lt\/wp-json\/wp\/v2\/product\/48273","targetHints":{"allow":["GET"]}}],"collection":[{"href":"https:\/\/e.kosmolat.eu\/lt\/wp-json\/wp\/v2\/product"}],"about":[{"href":"https:\/\/e.kosmolat.eu\/lt\/wp-json\/wp\/v2\/types\/product"}],"wp:featuredmedia":[{"embeddable":true,"href":"https:\/\/e.kosmolat.eu\/lt\/wp-json\/wp\/v2\/media\/91878"}],"wp:attachment":[{"href":"https:\/\/e.kosmolat.eu\/lt\/wp-json\/wp\/v2\/media?parent=48273"}],"wp:term":[{"taxonomy":"product_cat","embeddable":true,"href":"https:\/\/e.kosmolat.eu\/lt\/wp-json\/wp\/v2\/product_cat?post=48273"},{"taxonomy":"product_tag","embeddable":true,"href":"https:\/\/e.kosmolat.eu\/lt\/wp-json\/wp\/v2\/product_tag?post=48273"}],"curies":[{"name":"wp","href":"https:\/\/api.w.org\/{rel}","templated":true}]}}