{"id":48265,"date":"2024-04-01T04:49:19","date_gmt":"2024-04-01T04:49:19","guid":{"rendered":"https:\/\/e.kosmolat.eu\/product\/viorica-elixir-floral-rosa-nobilis-parfimets-kerm-pienins-200-ml\/"},"modified":"2026-05-08T20:38:22","modified_gmt":"2026-05-08T20:38:22","slug":"viorica-elixir-floral-rosa-nobilis-parfimets-kerm-pienins-200-ml","status":"publish","type":"product","link":"https:\/\/e.kosmolat.eu\/lt\/produktas\/viorica-elixir-floral-rosa-nobilis-parfimets-kerm-pienins-200-ml\/","title":{"rendered":"VIORICA Elixir Floral Rosa Nobilis Parfumuotas k\u016bno pienelis, 200 ml"},"content":{"rendered":"<p>Pienelis apgaubs j\u016bs\u0173 k\u016bn\u0105 jausmingu ro\u017ei\u0173 kvapu, o &scaron;ilkin\u0117 tekst\u016bra suteiks odai tikros palaimos.<\/p>\n<p><strong>Naudojimas: <\/strong>u\u017etepkite produkt\u0105 ant odos i&scaron; karto po du&scaron;o ar vonios. Masa\u017euokite, kol visi&scaron;kai \u012fsigers. Nebandyta su gyv\u016bnais.<\/p>\n<p>Laikyti t&deg; nuo +5&deg;\u0421 iki +25&deg;\u0421, saugoti nuo tiesiogini\u0173 saul\u0117s spinduli\u0173.<\/p>\n<p><strong>Geriausias:<\/strong> 24 m\u0117nesiai nuo pagaminimo datos.&nbsp;<br \/>\n&nbsp;<\/p>\n","protected":false},"excerpt":{"rendered":"<p>Pienelis apgaubs j\u016bs\u0173 k\u016bn\u0105 jausmingu ro\u017ei\u0173 kvapu, o &scaron;ilkin\u0117 tekst\u016bra suteiks odai tikros palaimos. Naudojimas: u\u017etepkite produkt\u0105 ant odos i&scaron; karto po du&scaron;o ar vonios. Masa\u017euokite, kol visi&scaron;kai \u012fsigers. Nebandyta su gyv\u016bnais. Laikyti t&deg; nuo +5&deg;\u0421 iki +25&deg;\u0421, saugoti nuo tiesiogini\u0173 saul\u0117s spinduli\u0173. Geriausias: 24 m\u0117nesiai nuo pagaminimo datos.&nbsp; &nbsp;<\/p>\n","protected":false},"featured_media":91874,"template":"","meta":[],"product_cat":[1390],"product_tag":[],"class_list":{"0":"post-48265","1":"product","2":"type-product","3":"status-publish","4":"has-post-thumbnail","6":"product_brand-sale-lt","7":"product_cat-kremai-aliejai-kuno-pienelis","9":"first","10":"instock","11":"taxable","12":"shipping-taxable","13":"product-type-simple"},"_links":{"self":[{"href":"https:\/\/e.kosmolat.eu\/lt\/wp-json\/wp\/v2\/product\/48265","targetHints":{"allow":["GET"]}}],"collection":[{"href":"https:\/\/e.kosmolat.eu\/lt\/wp-json\/wp\/v2\/product"}],"about":[{"href":"https:\/\/e.kosmolat.eu\/lt\/wp-json\/wp\/v2\/types\/product"}],"wp:featuredmedia":[{"embeddable":true,"href":"https:\/\/e.kosmolat.eu\/lt\/wp-json\/wp\/v2\/media\/91874"}],"wp:attachment":[{"href":"https:\/\/e.kosmolat.eu\/lt\/wp-json\/wp\/v2\/media?parent=48265"}],"wp:term":[{"taxonomy":"product_cat","embeddable":true,"href":"https:\/\/e.kosmolat.eu\/lt\/wp-json\/wp\/v2\/product_cat?post=48265"},{"taxonomy":"product_tag","embeddable":true,"href":"https:\/\/e.kosmolat.eu\/lt\/wp-json\/wp\/v2\/product_tag?post=48265"}],"curies":[{"name":"wp","href":"https:\/\/api.w.org\/{rel}","templated":true}]}}