{"id":48257,"date":"2024-04-01T04:49:02","date_gmt":"2024-04-01T04:49:02","guid":{"rendered":"https:\/\/e.kosmolat.eu\/product\/viorica-a0-matejoss-dienas-krems-spf-10-50-ml\/"},"modified":"2026-04-17T13:03:30","modified_gmt":"2026-04-17T13:03:30","slug":"viorica-a0-matejoss-dienas-krems-spf-10-50-ml","status":"publish","type":"product","link":"https:\/\/e.kosmolat.eu\/lt\/produktas\/viorica-a0-matejoss-dienas-krems-spf-10-50-ml\/","title":{"rendered":"VIORICA A0 Matinis dieninis kremas SPF 10, 50 ml"},"content":{"rendered":"<p>&Scaron;i riebal\u0173 kiek\u012f reguliuojanti formul\u0117 yra specialiai sukurta riebiai ir \u012f spuogus linkusiai odai. U\u017etikrina optimal\u0173 odos dr\u0117kinimo lyg\u012f, reguliuoja riebalini\u0173 liauk\u0173 veikl\u0105 ir vizualiai suma\u017eina poras, saugo nuo agresyvaus aplinkos poveikio. Ilgainiui oda i&scaron;lieka matin\u0117 ir i&scaron;lygina jos i&scaron;vaizd\u0105. <strong>Sebaril&reg;<\/strong> reguliuoja riebal\u0173 sekrecij\u0105, pa&scaron;alina negra\u017e\u0173 blizges\u012f ir sutraukia poras. <strong>Alantoinas<\/strong> regeneruoja od\u0105, gerina jos elastingum\u0105 ir atkuria odos barjer\u0105. <strong>Medetk\u0173, laki&scaron;i\u0173, ramun\u0117li\u0173 ir alavij\u0173 ekstrakt\u0173 kompleksas<\/strong> pasi\u017eymi raminamuoju ir dr\u0117kinamuoju poveikiu.<\/p>\n<p><strong>Naudojimas: <\/strong>Tepkite ant &scaron;varios, sausos odos sukamaisiais judesiais. Naudokite tik dien\u0105 kaip paskutin\u012f rytin\u0117s rutinos \u017eingsn\u012f. Nebandyta su gyv\u016bnais.<\/p>\n<p>Laikyti t&deg; nuo +5&deg;\u0421 iki +25&deg;\u0421, saugoti nuo tiesiogini\u0173 saul\u0117s spinduli\u0173.<\/p>\n<p><strong>Geriausias:<\/strong> 24 m\u0117nesiai nuo pagaminimo datos.&nbsp;<\/p>\n","protected":false},"excerpt":{"rendered":"<p>&Scaron;i riebal\u0173 kiek\u012f reguliuojanti formul\u0117 yra specialiai sukurta riebiai ir \u012f spuogus linkusiai odai. U\u017etikrina optimal\u0173 odos dr\u0117kinimo lyg\u012f, reguliuoja riebalini\u0173 liauk\u0173 veikl\u0105 ir vizualiai suma\u017eina poras, saugo nuo agresyvaus aplinkos poveikio. Ilgainiui oda i&scaron;lieka matin\u0117 ir i&scaron;lygina jos i&scaron;vaizd\u0105. Sebaril&reg; reguliuoja riebal\u0173 sekrecij\u0105, pa&scaron;alina negra\u017e\u0173 blizges\u012f ir sutraukia poras. Alantoinas regeneruoja od\u0105, gerina jos [&#8230;]\n","protected":false},"featured_media":91870,"template":"","meta":[],"product_cat":[1322],"product_tag":[],"class_list":{"0":"post-48257","1":"product","2":"type-product","3":"status-publish","4":"has-post-thumbnail","6":"product_brand-sale-lt","7":"product_cat-veido-kremai","9":"first","10":"instock","11":"taxable","12":"shipping-taxable","13":"product-type-simple"},"_links":{"self":[{"href":"https:\/\/e.kosmolat.eu\/lt\/wp-json\/wp\/v2\/product\/48257","targetHints":{"allow":["GET"]}}],"collection":[{"href":"https:\/\/e.kosmolat.eu\/lt\/wp-json\/wp\/v2\/product"}],"about":[{"href":"https:\/\/e.kosmolat.eu\/lt\/wp-json\/wp\/v2\/types\/product"}],"wp:featuredmedia":[{"embeddable":true,"href":"https:\/\/e.kosmolat.eu\/lt\/wp-json\/wp\/v2\/media\/91870"}],"wp:attachment":[{"href":"https:\/\/e.kosmolat.eu\/lt\/wp-json\/wp\/v2\/media?parent=48257"}],"wp:term":[{"taxonomy":"product_cat","embeddable":true,"href":"https:\/\/e.kosmolat.eu\/lt\/wp-json\/wp\/v2\/product_cat?post=48257"},{"taxonomy":"product_tag","embeddable":true,"href":"https:\/\/e.kosmolat.eu\/lt\/wp-json\/wp\/v2\/product_tag?post=48257"}],"curies":[{"name":"wp","href":"https:\/\/api.w.org\/{rel}","templated":true}]}}