{"id":48249,"date":"2024-04-01T04:48:15","date_gmt":"2024-04-01T04:48:15","guid":{"rendered":"https:\/\/e.kosmolat.eu\/product\/viorica-a0-sos-anti-acne-serums-30-ml\/"},"modified":"2026-04-10T05:50:36","modified_gmt":"2026-04-10T05:50:36","slug":"viorica-a0-sos-anti-acne-serums-30-ml","status":"publish","type":"product","link":"https:\/\/e.kosmolat.eu\/lt\/produktas\/viorica-a0-sos-anti-acne-serums-30-ml\/","title":{"rendered":"VIORICA A0 SOS serumas nuo spuog\u0173, 30 ml"},"content":{"rendered":"<p>&Scaron;i formul\u0117 yra specialiai sukurta kasdienei riebios ir \u012f spuogus linkusios odos prie\u017ei\u016brai. Serumas \u017eenkliai suma\u017eina b\u0117rimus ir suma\u017eina \u017eymes po spuog\u0173<strong>. Nat\u016brali salicilo r\u016bg&scaron;tis <\/strong>skatina l\u0105steli\u0173 atsinaujinim\u0105, efektyviai nu&scaron;vei\u010dia negyvas l\u0105steles ir i&scaron;valo poras nuo riebal\u0173 pertekliaus bei ne&scaron;varum\u0173. <strong>Cinkas <\/strong>reguliuoja riebal\u0173 sekrecij\u0105 ir skatina spuog\u0173 gijim\u0105.<strong> Bioaktyvus augalinis kompleksas <\/strong>i&scaron; 4 odai nauding\u0173 augal\u0173 ekstrakt\u0173 &ndash; ramun\u0117li\u0173, laki&scaron;i\u0173, medetk\u0173 ir alavij\u0173 &ndash; pasi\u017eymi optimaliu raminamuoju ir dr\u0117kinamuoju poveikiu. <strong>D-pantenolis<\/strong> atkuria od\u0105, \u017eymiai pagerindamas jos tekst\u016br\u0105.<\/p>\n<p><strong>Naudojimas: <\/strong>tepkite ant problemin\u0117s vietos ryte ir vakare, i&scaron;kart po odos valymo ir tonizavimo. Po 15-20 minu\u010di\u0173 prie\u017ei\u016bros rutin\u0105 u\u017ebaigite kremu &ndash; dien\u0105 rekomenduojama naudoti SPF.<\/p>\n<p>Nebandyta su gyv\u016bnais.<\/p>\n<p>Laikyti t&deg; nuo +5&deg;\u0421 iki +25&deg;\u0421, saugoti nuo tiesiogini\u0173 saul\u0117s spinduli\u0173.&nbsp;<\/p>\n<p><strong>Geriausias:<\/strong> 24 m\u0117nesiai nuo pagaminimo datos.&nbsp;<\/p>\n","protected":false},"excerpt":{"rendered":"<p>&Scaron;i formul\u0117 yra specialiai sukurta kasdienei riebios ir \u012f spuogus linkusios odos prie\u017ei\u016brai. Serumas \u017eenkliai suma\u017eina b\u0117rimus ir suma\u017eina \u017eymes po spuog\u0173. Nat\u016brali salicilo r\u016bg&scaron;tis skatina l\u0105steli\u0173 atsinaujinim\u0105, efektyviai nu&scaron;vei\u010dia negyvas l\u0105steles ir i&scaron;valo poras nuo riebal\u0173 pertekliaus bei ne&scaron;varum\u0173. Cinkas reguliuoja riebal\u0173 sekrecij\u0105 ir skatina spuog\u0173 gijim\u0105. Bioaktyvus augalinis kompleksas i&scaron; 4 odai nauding\u0173 [&#8230;]\n","protected":false},"featured_media":91866,"template":"","meta":[],"product_cat":[1327],"product_tag":[],"class_list":{"0":"post-48249","1":"product","2":"type-product","3":"status-publish","4":"has-post-thumbnail","6":"product_brand-sale-lt","7":"product_cat-serumai","9":"first","10":"outofstock","11":"taxable","12":"shipping-taxable","13":"product-type-simple"},"_links":{"self":[{"href":"https:\/\/e.kosmolat.eu\/lt\/wp-json\/wp\/v2\/product\/48249","targetHints":{"allow":["GET"]}}],"collection":[{"href":"https:\/\/e.kosmolat.eu\/lt\/wp-json\/wp\/v2\/product"}],"about":[{"href":"https:\/\/e.kosmolat.eu\/lt\/wp-json\/wp\/v2\/types\/product"}],"wp:featuredmedia":[{"embeddable":true,"href":"https:\/\/e.kosmolat.eu\/lt\/wp-json\/wp\/v2\/media\/91866"}],"wp:attachment":[{"href":"https:\/\/e.kosmolat.eu\/lt\/wp-json\/wp\/v2\/media?parent=48249"}],"wp:term":[{"taxonomy":"product_cat","embeddable":true,"href":"https:\/\/e.kosmolat.eu\/lt\/wp-json\/wp\/v2\/product_cat?post=48249"},{"taxonomy":"product_tag","embeddable":true,"href":"https:\/\/e.kosmolat.eu\/lt\/wp-json\/wp\/v2\/product_tag?post=48249"}],"curies":[{"name":"wp","href":"https:\/\/api.w.org\/{rel}","templated":true}]}}