{"id":48241,"date":"2024-04-01T04:47:57","date_gmt":"2024-04-01T04:47:57","guid":{"rendered":"https:\/\/e.kosmolat.eu\/product\/viorica-a0-lidzsvarojoss-toneris-200-ml\/"},"modified":"2026-04-21T09:25:05","modified_gmt":"2026-04-21T09:25:05","slug":"viorica-a0-lidzsvarojoss-toneris-200-ml","status":"publish","type":"product","link":"https:\/\/e.kosmolat.eu\/lt\/produktas\/viorica-a0-lidzsvarojoss-toneris-200-ml\/","title":{"rendered":"VIORICA A0 balansuojantis toneris, 200 ml"},"content":{"rendered":"<p>&Scaron;i formul\u0117 be alkoholio yra specialiai sukurta reguliuoti riebios ir \u012f spuogus linkusios odos riebal\u0173 i&scaron;siskyrim\u0105. Tonikas efektyviai subalansuoja odos pH ir saugo j\u0105 nuo i&scaron;orini\u0173 veiksni\u0173, tuo pa\u010diu dr\u0117kindamas ir gerindamas odos i&scaron;vaizd\u0105. Reguliariai naudojant, j\u016bs\u0173 oda bus lygesn\u0117 ir matin\u0117. <strong>Sebaril&reg; <\/strong>reguliuoja riebal\u0173 sekrecij\u0105, pa&scaron;alina negra\u017e\u0173 blizges\u012f ir sutraukia poras. <strong>Niacinamidas <\/strong>sutraukia i&scaron;sipl\u0117tusias poras ir stiprina hidrolipidin\u0119 mantij\u0105, lygina od\u0105. <strong>Propolio ekstraktas<\/strong> turi sen\u0117jim\u0105 stabdan\u010di\u0173 savybi\u0173. <strong>Medetk\u0173, laki&scaron;i\u0173, ramun\u0117li\u0173 ir alavij\u0173 ekstrakt\u0173 kompleksas<\/strong> pasi\u017eymi raminamuoju ir dr\u0117kinamuoju poveikiu. Nebandyta su gyv\u016bnais.<\/p>\n<p><strong>Naudojimas:<\/strong> vatos diskeliu tepkite ant &scaron;varios odos, vengdami srities aplink akis. Nenuplaukite. Naudokite ryte ir vakare prie&scaron; tepdami serum\u0105 ar krem\u0105. Nebandyta su gyv\u016bnais.<\/p>\n<p>Laikyti t&deg; nuo +5&deg;\u0421 iki +25&deg;\u0421, saugoti nuo tiesiogini\u0173 saul\u0117s spinduli\u0173.<\/p>\n<p><strong>Geriausias: <\/strong>24 m\u0117nesiai nuo pagaminimo datos.&nbsp;<\/p>\n<p>\n&nbsp;<\/p>\n","protected":false},"excerpt":{"rendered":"<p>&Scaron;i formul\u0117 be alkoholio yra specialiai sukurta reguliuoti riebios ir \u012f spuogus linkusios odos riebal\u0173 i&scaron;siskyrim\u0105. Tonikas efektyviai subalansuoja odos pH ir saugo j\u0105 nuo i&scaron;orini\u0173 veiksni\u0173, tuo pa\u010diu dr\u0117kindamas ir gerindamas odos i&scaron;vaizd\u0105. Reguliariai naudojant, j\u016bs\u0173 oda bus lygesn\u0117 ir matin\u0117. Sebaril&reg; reguliuoja riebal\u0173 sekrecij\u0105, pa&scaron;alina negra\u017e\u0173 blizges\u012f ir sutraukia poras. Niacinamidas sutraukia i&scaron;sipl\u0117tusias [&#8230;]\n","protected":false},"featured_media":91862,"template":"","meta":[],"product_cat":[2181],"product_tag":[],"class_list":{"0":"post-48241","1":"product","2":"type-product","3":"status-publish","4":"has-post-thumbnail","6":"product_brand-sale-lt","7":"product_cat-bez-kategorijas-lt","9":"first","10":"instock","11":"taxable","12":"shipping-taxable","13":"product-type-simple"},"_links":{"self":[{"href":"https:\/\/e.kosmolat.eu\/lt\/wp-json\/wp\/v2\/product\/48241","targetHints":{"allow":["GET"]}}],"collection":[{"href":"https:\/\/e.kosmolat.eu\/lt\/wp-json\/wp\/v2\/product"}],"about":[{"href":"https:\/\/e.kosmolat.eu\/lt\/wp-json\/wp\/v2\/types\/product"}],"wp:featuredmedia":[{"embeddable":true,"href":"https:\/\/e.kosmolat.eu\/lt\/wp-json\/wp\/v2\/media\/91862"}],"wp:attachment":[{"href":"https:\/\/e.kosmolat.eu\/lt\/wp-json\/wp\/v2\/media?parent=48241"}],"wp:term":[{"taxonomy":"product_cat","embeddable":true,"href":"https:\/\/e.kosmolat.eu\/lt\/wp-json\/wp\/v2\/product_cat?post=48241"},{"taxonomy":"product_tag","embeddable":true,"href":"https:\/\/e.kosmolat.eu\/lt\/wp-json\/wp\/v2\/product_tag?post=48241"}],"curies":[{"name":"wp","href":"https:\/\/api.w.org\/{rel}","templated":true}]}}