{"id":48233,"date":"2024-04-01T04:47:21","date_gmt":"2024-04-01T04:47:21","guid":{"rendered":"https:\/\/e.kosmolat.eu\/product\/viorica-a0-attirosa-zeleja-sejas-mazgasanai-200-ml\/"},"modified":"2026-04-10T05:50:05","modified_gmt":"2026-04-10T05:50:05","slug":"viorica-a0-attirosa-zeleja-sejas-mazgasanai-200-ml","status":"publish","type":"product","link":"https:\/\/e.kosmolat.eu\/lt\/produktas\/viorica-a0-attirosa-zeleja-sejas-mazgasanai-200-ml\/","title":{"rendered":"VIORICA A0 Valomasis gelis prausimuisi, 200 ml"},"content":{"rendered":"<p>&Scaron;i formul\u0117 specialiai sukurta kasdieniam riebios ir \u012f spuogus linkusios odos valymui. Efektyviai ma\u017eina odos netobulumus, reguliuoja riebal\u0173 pertekli\u0173, o tai \u017eenkliai suma\u017eina b\u0117rimus. Reguliariai naudojant, j\u016bs\u0173 oda atrodys sveikesn\u0117. <strong>Sebaril&reg;<\/strong> reguliuoja riebal\u0173 sekrecij\u0105, pa&scaron;alina negra\u017e\u0173 blizges\u012f ir sutraukia poras. <strong>Nat\u016brali salicilo r\u016bg&scaron;tis <\/strong>suma\u017eina odos i&scaron;b\u0117rim\u0173 rizik\u0105. <strong>Medetk\u0173, laki&scaron;i\u0173, ramun\u0117li\u0173 ir alavij\u0173 ekstrakt\u0173 kompleksas <\/strong>pasi\u017eymi raminamuoju ir dr\u0117kinamuoju poveikiu.<strong> <\/strong><\/p>\n<p><strong>Naudojimas:<\/strong> u\u017etepkite ant dr\u0117gnos odos, suputokite ir nuplaukite &scaron;iltu vandeniu. Naudokite ryte kaip pirm\u0105 \u017eingsn\u012f valant od\u0105. Nebandyta su gyv\u016bnais.<\/p>\n<p>Laikyti t&deg; nuo +5&deg;\u0421 iki +25&deg;\u0421, saugoti nuo tiesiogini\u0173 saul\u0117s spinduli\u0173.<\/p>\n<p><strong>Geriausias:<\/strong> 36 m\u0117nesiai nuo pagaminimo datos.&nbsp;<\/p>\n","protected":false},"excerpt":{"rendered":"<p>&Scaron;i formul\u0117 specialiai sukurta kasdieniam riebios ir \u012f spuogus linkusios odos valymui. Efektyviai ma\u017eina odos netobulumus, reguliuoja riebal\u0173 pertekli\u0173, o tai \u017eenkliai suma\u017eina b\u0117rimus. Reguliariai naudojant, j\u016bs\u0173 oda atrodys sveikesn\u0117. Sebaril&reg; reguliuoja riebal\u0173 sekrecij\u0105, pa&scaron;alina negra\u017e\u0173 blizges\u012f ir sutraukia poras. Nat\u016brali salicilo r\u016bg&scaron;tis suma\u017eina odos i&scaron;b\u0117rim\u0173 rizik\u0105. Medetk\u0173, laki&scaron;i\u0173, ramun\u0117li\u0173 ir alavij\u0173 ekstrakt\u0173 kompleksas pasi\u017eymi [&#8230;]\n","protected":false},"featured_media":91858,"template":"","meta":[],"product_cat":[1577],"product_tag":[],"class_list":{"0":"post-48233","1":"product","2":"type-product","3":"status-publish","4":"has-post-thumbnail","6":"product_brand-sale-lt","7":"product_cat-gelis","9":"first","10":"instock","11":"taxable","12":"shipping-taxable","13":"product-type-simple"},"_links":{"self":[{"href":"https:\/\/e.kosmolat.eu\/lt\/wp-json\/wp\/v2\/product\/48233","targetHints":{"allow":["GET"]}}],"collection":[{"href":"https:\/\/e.kosmolat.eu\/lt\/wp-json\/wp\/v2\/product"}],"about":[{"href":"https:\/\/e.kosmolat.eu\/lt\/wp-json\/wp\/v2\/types\/product"}],"wp:featuredmedia":[{"embeddable":true,"href":"https:\/\/e.kosmolat.eu\/lt\/wp-json\/wp\/v2\/media\/91858"}],"wp:attachment":[{"href":"https:\/\/e.kosmolat.eu\/lt\/wp-json\/wp\/v2\/media?parent=48233"}],"wp:term":[{"taxonomy":"product_cat","embeddable":true,"href":"https:\/\/e.kosmolat.eu\/lt\/wp-json\/wp\/v2\/product_cat?post=48233"},{"taxonomy":"product_tag","embeddable":true,"href":"https:\/\/e.kosmolat.eu\/lt\/wp-json\/wp\/v2\/product_tag?post=48233"}],"curies":[{"name":"wp","href":"https:\/\/api.w.org\/{rel}","templated":true}]}}