{"id":48225,"date":"2024-04-01T04:47:06","date_gmt":"2024-04-01T04:47:06","guid":{"rendered":"https:\/\/e.kosmolat.eu\/product\/viorica-vie-anti-age-depigmentejoss-sejas-toneris-200-ml\/"},"modified":"2026-04-24T05:28:39","modified_gmt":"2026-04-24T05:28:39","slug":"viorica-vie-anti-age-depigmentejoss-sejas-toneris-200-ml","status":"publish","type":"product","link":"https:\/\/e.kosmolat.eu\/lt\/produktas\/viorica-vie-anti-age-depigmentejoss-sejas-toneris-200-ml\/","title":{"rendered":"VIORICA VIE Anti-age Depigmentuojantis veido toneris, 200 ml"},"content":{"rendered":"<p>Unikalus stipriausi\u0173 antioksidant\u0173 derinys su ry&scaron;kiu jauninamuoju ir depigmentuojan\u010diu poveikiu gr\u0105\u017eina brand\u017eiai veido odai tolyg\u0173 atspalv\u012f, spindin\u010di\u0105 ir gaivi\u0105 i&scaron;vaizd\u0105. <strong>Antioksidant\u0173 kompleksas Viephenol<\/strong> palaiko l\u0105steli\u0173 atk\u016brimo proces\u0105 ir apsaugo nuo fotosen\u0117jimo.<strong> Kojic r\u016bg&scaron;tis ir saldymed\u017ei\u0173 ekstraktas<\/strong> pasi\u017eymi intensyviu depigmentuojan\u010diu poveikiu, &scaron;viesina am\u017eiaus d\u0117mes. <strong>Resveratrolis<\/strong> skatina kolageno sintez\u0119 ir odos atsinaujinim\u0105, gerina jos spalv\u0105 ir tekst\u016br\u0105. <strong>Nat\u016bralios r\u016bg&scaron;tys i&scaron; ekologi&scaron;k\u0173 vynuogi\u0173 &scaron;velniai<\/strong> ir saugiai nu&scaron;vei\u010dia bei ma\u017eina smulkias rauk&scaron;leles ir kitus odos netobulumus.<\/p>\n<p><strong>Naudojimas: <\/strong>u\u017etepkite ant vatos diskelio ir &scaron;velniai nuvalykite veid\u0105, vengdami srities aplink akis. Kad poveikis b\u016bt\u0173 ilgalaikis, naudokite kasdien, ryte ir vakare. Kasdien\u0119 rutin\u0105 rekomenduojama u\u017ebaigti su Viorica Vie Anti-Aging Multi-Protection Cream su SPF 20. Prie&scaron; naudodami ant alergi&scaron;kos ar jautrios odos, i&scaron;bandykite produkt\u0105 ant vidinio dilbio pavir&scaron;iaus. Nebandyta su gyv\u016bnais.<\/p>\n<p>Laikyti t&deg; nuo +5&deg;\u0421 iki +25&deg;\u0421, saugoti nuo tiesiogini\u0173 saul\u0117s spinduli\u0173.<\/p>\n<p><strong>Geriausias:<\/strong> 24 m\u0117nesiai nuo pagaminimo datos.&nbsp;<\/p>\n","protected":false},"excerpt":{"rendered":"<p>Unikalus stipriausi\u0173 antioksidant\u0173 derinys su ry&scaron;kiu jauninamuoju ir depigmentuojan\u010diu poveikiu gr\u0105\u017eina brand\u017eiai veido odai tolyg\u0173 atspalv\u012f, spindin\u010di\u0105 ir gaivi\u0105 i&scaron;vaizd\u0105. Antioksidant\u0173 kompleksas Viephenol palaiko l\u0105steli\u0173 atk\u016brimo proces\u0105 ir apsaugo nuo fotosen\u0117jimo. Kojic r\u016bg&scaron;tis ir saldymed\u017ei\u0173 ekstraktas pasi\u017eymi intensyviu depigmentuojan\u010diu poveikiu, &scaron;viesina am\u017eiaus d\u0117mes. Resveratrolis skatina kolageno sintez\u0119 ir odos atsinaujinim\u0105, gerina jos spalv\u0105 ir tekst\u016br\u0105. [&#8230;]\n","protected":false},"featured_media":91854,"template":"","meta":[],"product_cat":[1580],"product_tag":[],"class_list":{"0":"post-48225","1":"product","2":"type-product","3":"status-publish","4":"has-post-thumbnail","6":"product_brand-sale-lt","7":"product_cat-losjonai-ir-tonikai","9":"first","10":"instock","11":"taxable","12":"shipping-taxable","13":"product-type-simple"},"_links":{"self":[{"href":"https:\/\/e.kosmolat.eu\/lt\/wp-json\/wp\/v2\/product\/48225","targetHints":{"allow":["GET"]}}],"collection":[{"href":"https:\/\/e.kosmolat.eu\/lt\/wp-json\/wp\/v2\/product"}],"about":[{"href":"https:\/\/e.kosmolat.eu\/lt\/wp-json\/wp\/v2\/types\/product"}],"wp:featuredmedia":[{"embeddable":true,"href":"https:\/\/e.kosmolat.eu\/lt\/wp-json\/wp\/v2\/media\/91854"}],"wp:attachment":[{"href":"https:\/\/e.kosmolat.eu\/lt\/wp-json\/wp\/v2\/media?parent=48225"}],"wp:term":[{"taxonomy":"product_cat","embeddable":true,"href":"https:\/\/e.kosmolat.eu\/lt\/wp-json\/wp\/v2\/product_cat?post=48225"},{"taxonomy":"product_tag","embeddable":true,"href":"https:\/\/e.kosmolat.eu\/lt\/wp-json\/wp\/v2\/product_tag?post=48225"}],"curies":[{"name":"wp","href":"https:\/\/api.w.org\/{rel}","templated":true}]}}