{"id":48217,"date":"2024-04-01T04:46:43","date_gmt":"2024-04-01T04:46:43","guid":{"rendered":"https:\/\/e.kosmolat.eu\/product\/viorica-pedu-krems-atjaunojoss-75-ml\/"},"modified":"2026-04-18T12:54:58","modified_gmt":"2026-04-18T12:54:58","slug":"viorica-pedu-krems-atjaunojoss-75-ml","status":"publish","type":"product","link":"https:\/\/e.kosmolat.eu\/lt\/produktas\/viorica-pedu-krems-atjaunojoss-75-ml\/","title":{"rendered":"VIORICA Atkuriamasis p\u0117d\u0173 kremas, 75 ml"},"content":{"rendered":"<p>Kremas aktyviai mink&scaron;tina ir maitina p\u0117d\u0173 od\u0105, u\u017ekertant keli\u0105 nuospaud\u0173 ir nutrynim\u0173 susidarymui.<\/p>\n<p><strong>Naudojimas:<\/strong> tepkite ant &scaron;varios koj\u0173 odos, ypating\u0105 d\u0117mes\u012f skirdami p\u0117doms. Nor\u0117dami gauti ilgalaiki\u0173 rezultat\u0173, naudokite kiekvien\u0105 vakar\u0105. Jei reikia, naudokite kelis kartus per dien\u0105. Nebandyta su gyv\u016bnais.<\/p>\n<p>Laikyti t&deg; nuo +5&deg;\u0421 iki +25&deg;\u0421, saugoti nuo tiesiogini\u0173 saul\u0117s spinduli\u0173.<\/p>\n<p><strong>Geriausias:<\/strong> 30 m\u0117nesiai nuo pagaminimo datos.&nbsp;<\/p>\n","protected":false},"excerpt":{"rendered":"<p>Kremas aktyviai mink&scaron;tina ir maitina p\u0117d\u0173 od\u0105, u\u017ekertant keli\u0105 nuospaud\u0173 ir nutrynim\u0173 susidarymui. Naudojimas: tepkite ant &scaron;varios koj\u0173 odos, ypating\u0105 d\u0117mes\u012f skirdami p\u0117doms. Nor\u0117dami gauti ilgalaiki\u0173 rezultat\u0173, naudokite kiekvien\u0105 vakar\u0105. Jei reikia, naudokite kelis kartus per dien\u0105. Nebandyta su gyv\u016bnais. Laikyti t&deg; nuo +5&deg;\u0421 iki +25&deg;\u0421, saugoti nuo tiesiogini\u0173 saul\u0117s spinduli\u0173. Geriausias: 30 m\u0117nesiai nuo [&#8230;]\n","protected":false},"featured_media":91850,"template":"","meta":[],"product_cat":[1763],"product_tag":[],"class_list":{"0":"post-48217","1":"product","2":"type-product","3":"status-publish","4":"has-post-thumbnail","6":"product_brand-viorica-cosmeplant_bg-lt","7":"product_cat-koju-prieziuros-kosmetika","9":"first","10":"instock","11":"taxable","12":"shipping-taxable","13":"product-type-simple"},"_links":{"self":[{"href":"https:\/\/e.kosmolat.eu\/lt\/wp-json\/wp\/v2\/product\/48217","targetHints":{"allow":["GET"]}}],"collection":[{"href":"https:\/\/e.kosmolat.eu\/lt\/wp-json\/wp\/v2\/product"}],"about":[{"href":"https:\/\/e.kosmolat.eu\/lt\/wp-json\/wp\/v2\/types\/product"}],"wp:featuredmedia":[{"embeddable":true,"href":"https:\/\/e.kosmolat.eu\/lt\/wp-json\/wp\/v2\/media\/91850"}],"wp:attachment":[{"href":"https:\/\/e.kosmolat.eu\/lt\/wp-json\/wp\/v2\/media?parent=48217"}],"wp:term":[{"taxonomy":"product_cat","embeddable":true,"href":"https:\/\/e.kosmolat.eu\/lt\/wp-json\/wp\/v2\/product_cat?post=48217"},{"taxonomy":"product_tag","embeddable":true,"href":"https:\/\/e.kosmolat.eu\/lt\/wp-json\/wp\/v2\/product_tag?post=48217"}],"curies":[{"name":"wp","href":"https:\/\/api.w.org\/{rel}","templated":true}]}}