{"id":48209,"date":"2024-04-01T04:46:25","date_gmt":"2024-04-01T04:46:25","guid":{"rendered":"https:\/\/e.kosmolat.eu\/product\/viorica-roku-krems-mitrinoss-75-ml\/"},"modified":"2026-04-15T06:19:56","modified_gmt":"2026-04-15T06:19:56","slug":"viorica-roku-krems-mitrinoss-75-ml","status":"publish","type":"product","link":"https:\/\/e.kosmolat.eu\/lt\/produktas\/viorica-roku-krems-mitrinoss-75-ml\/","title":{"rendered":"VIORICA dr\u0117kinamasis rank\u0173 kremas, 75 ml"},"content":{"rendered":"<p>&Scaron;is lengvas, dosnus kremas akimirksniu susigeria ir apgaubia j\u016bs\u0173 rankas subtiliu abrikos\u0173 \u017eied\u0173 kvapu. Dr\u0117kina, mink&scaron;tina ir ramina od\u0105, sudarydama ant jos apsaugin\u012f barjer\u0105. Nebandyta su gyv\u016bnais.<\/p>\n<p><strong>Naudojimas:<\/strong>&nbsp;tepkite ant &scaron;vari\u0173, saus\u0173 rank\u0173 ir masa\u017euokite, kol visi&scaron;kai \u012fsigers. Kad poveikis b\u016bt\u0173 ilgalaikis, jei reikia, naudokite kelis kartus per dien\u0105.<\/p>\n<p>Laikyti t&deg; nuo +5&deg;\u0421 iki +25&deg;\u0421, saugoti nuo tiesiogini\u0173 saul\u0117s spinduli\u0173.<\/p>\n<p><strong>Geriausias: <\/strong>30 m\u0117nesiai nuo pagaminimo datos.&nbsp;<\/p>\n","protected":false},"excerpt":{"rendered":"<p>&Scaron;is lengvas, dosnus kremas akimirksniu susigeria ir apgaubia j\u016bs\u0173 rankas subtiliu abrikos\u0173 \u017eied\u0173 kvapu. Dr\u0117kina, mink&scaron;tina ir ramina od\u0105, sudarydama ant jos apsaugin\u012f barjer\u0105. Nebandyta su gyv\u016bnais. Naudojimas:&nbsp;tepkite ant &scaron;vari\u0173, saus\u0173 rank\u0173 ir masa\u017euokite, kol visi&scaron;kai \u012fsigers. Kad poveikis b\u016bt\u0173 ilgalaikis, jei reikia, naudokite kelis kartus per dien\u0105. Laikyti t&deg; nuo +5&deg;\u0421 iki +25&deg;\u0421, saugoti [&#8230;]\n","protected":false},"featured_media":91846,"template":"","meta":[],"product_cat":[1304],"product_tag":[],"class_list":{"0":"post-48209","1":"product","2":"type-product","3":"status-publish","4":"has-post-thumbnail","6":"product_brand-viorica-cosmeplant_bg-lt","7":"product_cat-ranku-prieziuros-kosmetika","9":"first","10":"outofstock","11":"taxable","12":"shipping-taxable","13":"product-type-simple"},"_links":{"self":[{"href":"https:\/\/e.kosmolat.eu\/lt\/wp-json\/wp\/v2\/product\/48209","targetHints":{"allow":["GET"]}}],"collection":[{"href":"https:\/\/e.kosmolat.eu\/lt\/wp-json\/wp\/v2\/product"}],"about":[{"href":"https:\/\/e.kosmolat.eu\/lt\/wp-json\/wp\/v2\/types\/product"}],"wp:featuredmedia":[{"embeddable":true,"href":"https:\/\/e.kosmolat.eu\/lt\/wp-json\/wp\/v2\/media\/91846"}],"wp:attachment":[{"href":"https:\/\/e.kosmolat.eu\/lt\/wp-json\/wp\/v2\/media?parent=48209"}],"wp:term":[{"taxonomy":"product_cat","embeddable":true,"href":"https:\/\/e.kosmolat.eu\/lt\/wp-json\/wp\/v2\/product_cat?post=48209"},{"taxonomy":"product_tag","embeddable":true,"href":"https:\/\/e.kosmolat.eu\/lt\/wp-json\/wp\/v2\/product_tag?post=48209"}],"curies":[{"name":"wp","href":"https:\/\/api.w.org\/{rel}","templated":true}]}}