{"id":48201,"date":"2024-04-01T04:45:46","date_gmt":"2024-04-01T04:45:46","guid":{"rendered":"https:\/\/e.kosmolat.eu\/product\/viorica-multivitaminu-sejas-maska-75-ml\/"},"modified":"2026-04-10T05:49:07","modified_gmt":"2026-04-10T05:49:07","slug":"viorica-multivitaminu-sejas-maska-75-ml","status":"publish","type":"product","link":"https:\/\/e.kosmolat.eu\/lt\/produktas\/viorica-multivitaminu-sejas-maska-75-ml\/","title":{"rendered":"VIORICA Multivitaminin\u0117 veido kauk\u0117, 75 ml"},"content":{"rendered":"<p>Aktyvi kauk\u0117 giliam dr\u0117kinimui, maitinimui ir odos atk\u016brimui. Prisotina vitaminais ir atkuria od\u0105. <strong>Graikini\u0173 rie&scaron;ut\u0173 aliejus<\/strong> intensyviai maitina ir atkuria od\u0105.<br \/>\n<strong>Vitamin\u0173 A, E, B3, B5 kompleksas<\/strong> stiprina apsaugin\u012f odos barjer\u0105.&nbsp;Sud\u0117tyje yra vitamino A. Prie&scaron; naudojant atsi\u017evelgti \u012f paros doze.<\/p>\n<p><strong>Naudojimas:<\/strong>&nbsp;u\u017etepkite pakankam\u0105 kiek\u012f kauk\u0117s ant &scaron;varios veido ir dekolt\u0117 odos, vengdami srities aplink akis. Palikite 20-30 minu\u010di\u0173, tada nuplaukite &scaron;iltu vandeniu. Naudokite kart\u0105 per savait\u0119 arba labai sausai ir pleiskanojan\u010diai odai naudokite 2-3 kartus per savait\u0119. Nebandyta su gyv\u016bnais.<\/p>\n<p>Laikyti t&deg; nuo +5&deg;\u0421 iki +25&deg;\u0421, saugoti nuo tiesiogini\u0173 saul\u0117s spinduli\u0173.<\/p>\n<p><strong>Geriausias: <\/strong>30 m\u0117nesiai nuo pagaminimo datos.&nbsp;<br \/>\n&nbsp;<\/p>\n","protected":false},"excerpt":{"rendered":"<p>Aktyvi kauk\u0117 giliam dr\u0117kinimui, maitinimui ir odos atk\u016brimui. Prisotina vitaminais ir atkuria od\u0105. Graikini\u0173 rie&scaron;ut\u0173 aliejus intensyviai maitina ir atkuria od\u0105. Vitamin\u0173 A, E, B3, B5 kompleksas stiprina apsaugin\u012f odos barjer\u0105.&nbsp;Sud\u0117tyje yra vitamino A. Prie&scaron; naudojant atsi\u017evelgti \u012f paros doze. Naudojimas:&nbsp;u\u017etepkite pakankam\u0105 kiek\u012f kauk\u0117s ant &scaron;varios veido ir dekolt\u0117 odos, vengdami srities aplink akis. Palikite [&#8230;]\n","protected":false},"featured_media":91842,"template":"","meta":[],"product_cat":[1369],"product_tag":[],"class_list":{"0":"post-48201","1":"product","2":"type-product","3":"status-publish","4":"has-post-thumbnail","6":"product_brand-viorica-cosmeplant_bg-lt","7":"product_cat-veido-kaukes","9":"first","10":"outofstock","11":"taxable","12":"shipping-taxable","13":"product-type-simple"},"_links":{"self":[{"href":"https:\/\/e.kosmolat.eu\/lt\/wp-json\/wp\/v2\/product\/48201","targetHints":{"allow":["GET"]}}],"collection":[{"href":"https:\/\/e.kosmolat.eu\/lt\/wp-json\/wp\/v2\/product"}],"about":[{"href":"https:\/\/e.kosmolat.eu\/lt\/wp-json\/wp\/v2\/types\/product"}],"wp:featuredmedia":[{"embeddable":true,"href":"https:\/\/e.kosmolat.eu\/lt\/wp-json\/wp\/v2\/media\/91842"}],"wp:attachment":[{"href":"https:\/\/e.kosmolat.eu\/lt\/wp-json\/wp\/v2\/media?parent=48201"}],"wp:term":[{"taxonomy":"product_cat","embeddable":true,"href":"https:\/\/e.kosmolat.eu\/lt\/wp-json\/wp\/v2\/product_cat?post=48201"},{"taxonomy":"product_tag","embeddable":true,"href":"https:\/\/e.kosmolat.eu\/lt\/wp-json\/wp\/v2\/product_tag?post=48201"}],"curies":[{"name":"wp","href":"https:\/\/api.w.org\/{rel}","templated":true}]}}