{"id":48193,"date":"2024-04-01T04:45:21","date_gmt":"2024-04-01T04:45:21","guid":{"rendered":"https:\/\/e.kosmolat.eu\/product\/viorica-ipasi-mitrinoss-nakts-krems-50-ml\/"},"modified":"2026-04-21T09:24:47","modified_gmt":"2026-04-21T09:24:47","slug":"viorica-ipasi-mitrinoss-nakts-krems-50-ml","status":"publish","type":"product","link":"https:\/\/e.kosmolat.eu\/lt\/produktas\/viorica-ipasi-mitrinoss-nakts-krems-50-ml\/","title":{"rendered":"VIORICA Ultra-dr\u0117kinantis naktinis kremas, 50 ml"},"content":{"rendered":"<p>Aktyvi formul\u0117 intensyviam naktiniam dr\u0117kinimui ir odos atk\u016brimui.<\/p>\n<p><strong>Naudojimas:<\/strong> lengvais masa\u017euojamaisiais judesiais tepkite krem\u0105 ant &scaron;varios veido, kaklo ir dekolt\u0117 odos. Norint pasiekti ilgalaik\u012f ir tvar\u0173 poveik\u012f, naudokite kiekvien\u0105 vakar\u0105 1 valand\u0105 prie&scaron; mieg\u0105. Nor\u0117dami gauti ilgalaiki\u0173 rezultat\u0173, derinkite &scaron;\u012f krem\u0105 su Viorica itin dr\u0117kinan\u010diu kremu. Nebandyta su gyv\u016bnais.<\/p>\n<p>Laikyti t&deg; nuo +5&deg;\u0421 iki +25&deg;\u0421, saugoti nuo tiesiogini\u0173 saul\u0117s spinduli\u0173.<\/p>\n<p><strong>Geriausias: <\/strong>30 m\u0117nesiai nuo pagaminimo datos.&nbsp;<\/p>\n","protected":false},"excerpt":{"rendered":"<p>Aktyvi formul\u0117 intensyviam naktiniam dr\u0117kinimui ir odos atk\u016brimui. Naudojimas: lengvais masa\u017euojamaisiais judesiais tepkite krem\u0105 ant &scaron;varios veido, kaklo ir dekolt\u0117 odos. Norint pasiekti ilgalaik\u012f ir tvar\u0173 poveik\u012f, naudokite kiekvien\u0105 vakar\u0105 1 valand\u0105 prie&scaron; mieg\u0105. Nor\u0117dami gauti ilgalaiki\u0173 rezultat\u0173, derinkite &scaron;\u012f krem\u0105 su Viorica itin dr\u0117kinan\u010diu kremu. Nebandyta su gyv\u016bnais. Laikyti t&deg; nuo +5&deg;\u0421 iki +25&deg;\u0421, [&#8230;]\n","protected":false},"featured_media":91838,"template":"","meta":[],"product_cat":[2181],"product_tag":[],"class_list":{"0":"post-48193","1":"product","2":"type-product","3":"status-publish","4":"has-post-thumbnail","6":"product_brand-viorica-cosmeplant_bg-lt","7":"product_cat-bez-kategorijas-lt","9":"first","10":"outofstock","11":"taxable","12":"shipping-taxable","13":"product-type-simple"},"_links":{"self":[{"href":"https:\/\/e.kosmolat.eu\/lt\/wp-json\/wp\/v2\/product\/48193","targetHints":{"allow":["GET"]}}],"collection":[{"href":"https:\/\/e.kosmolat.eu\/lt\/wp-json\/wp\/v2\/product"}],"about":[{"href":"https:\/\/e.kosmolat.eu\/lt\/wp-json\/wp\/v2\/types\/product"}],"wp:featuredmedia":[{"embeddable":true,"href":"https:\/\/e.kosmolat.eu\/lt\/wp-json\/wp\/v2\/media\/91838"}],"wp:attachment":[{"href":"https:\/\/e.kosmolat.eu\/lt\/wp-json\/wp\/v2\/media?parent=48193"}],"wp:term":[{"taxonomy":"product_cat","embeddable":true,"href":"https:\/\/e.kosmolat.eu\/lt\/wp-json\/wp\/v2\/product_cat?post=48193"},{"taxonomy":"product_tag","embeddable":true,"href":"https:\/\/e.kosmolat.eu\/lt\/wp-json\/wp\/v2\/product_tag?post=48193"}],"curies":[{"name":"wp","href":"https:\/\/api.w.org\/{rel}","templated":true}]}}