{"id":48185,"date":"2024-04-01T04:42:40","date_gmt":"2024-04-01T04:42:40","guid":{"rendered":"https:\/\/e.kosmolat.eu\/product\/viorica-nakts-pretgrumbu-krems-45-50-ml\/"},"modified":"2026-04-10T05:48:38","modified_gmt":"2026-04-10T05:48:38","slug":"viorica-nakts-pretgrumbu-krems-45-50-ml","status":"publish","type":"product","link":"https:\/\/e.kosmolat.eu\/lt\/produktas\/viorica-nakts-pretgrumbu-krems-45-50-ml\/","title":{"rendered":"VIORICA Naktinis kremas nuo rauk\u0161li\u0173 45+, 50 ml"},"content":{"rendered":"<p>Kompleksin\u0117 &nbsp;formul\u0117 brand\u017eiai odai atkurti ir jos i&scaron;vaizdai pagerinti. <strong>&Scaron;altalanki\u0173 aliejus<\/strong> ma\u017eina statini\u0173 ir i&scaron;rai&scaron;king\u0173 rauk&scaron;li\u0173 atsiradim\u0105. <strong>Tamarind\u0173 polisacharidai <\/strong>intensyviai dr\u0117kina, tod\u0117l oda tampa stangri ir lygi.<strong> Moli\u016bg\u0173 s\u0117kl\u0173 aliejus<\/strong> maitina ir prisotina vitamin\u0173.<\/p>\n<p><strong>Naudojimas:<\/strong> lengvais masa\u017euojamaisiais judesiais tepkite krem\u0105 ant &scaron;varios veido, kaklo ir dekolt\u0117 odos. Norint pasiekti ilgalaik\u012f ir tvar\u0173 poveik\u012f, naudokite kiekvien\u0105 vakar\u0105 1 valand\u0105 prie&scaron; mieg\u0105 ir derinkite su Viorica kremu nuo rauk&scaron;li\u0173 45+. Nebandyta su gyv\u016bnais.<\/p>\n<p>Laikyti t&deg; nuo +5&deg;\u0421 iki +25&deg;\u0421, saugoti nuo tiesiogini\u0173 saul\u0117s spinduli\u0173.<\/p>\n<p><strong>Geriausias:<\/strong> 30 m\u0117nesiai nuo pagaminimo datos.&nbsp;<\/p>\n","protected":false},"excerpt":{"rendered":"<p>Kompleksin\u0117 &nbsp;formul\u0117 brand\u017eiai odai atkurti ir jos i&scaron;vaizdai pagerinti. &Scaron;altalanki\u0173 aliejus ma\u017eina statini\u0173 ir i&scaron;rai&scaron;king\u0173 rauk&scaron;li\u0173 atsiradim\u0105. Tamarind\u0173 polisacharidai intensyviai dr\u0117kina, tod\u0117l oda tampa stangri ir lygi. Moli\u016bg\u0173 s\u0117kl\u0173 aliejus maitina ir prisotina vitamin\u0173. Naudojimas: lengvais masa\u017euojamaisiais judesiais tepkite krem\u0105 ant &scaron;varios veido, kaklo ir dekolt\u0117 odos. Norint pasiekti ilgalaik\u012f ir tvar\u0173 poveik\u012f, naudokite kiekvien\u0105 [&#8230;]\n","protected":false},"featured_media":91834,"template":"","meta":[],"product_cat":[1322],"product_tag":[],"class_list":{"0":"post-48185","1":"product","2":"type-product","3":"status-publish","4":"has-post-thumbnail","6":"product_brand-viorica-cosmeplant_bg-lt","7":"product_cat-veido-kremai","9":"first","10":"outofstock","11":"taxable","12":"shipping-taxable","13":"product-type-simple"},"_links":{"self":[{"href":"https:\/\/e.kosmolat.eu\/lt\/wp-json\/wp\/v2\/product\/48185","targetHints":{"allow":["GET"]}}],"collection":[{"href":"https:\/\/e.kosmolat.eu\/lt\/wp-json\/wp\/v2\/product"}],"about":[{"href":"https:\/\/e.kosmolat.eu\/lt\/wp-json\/wp\/v2\/types\/product"}],"wp:featuredmedia":[{"embeddable":true,"href":"https:\/\/e.kosmolat.eu\/lt\/wp-json\/wp\/v2\/media\/91834"}],"wp:attachment":[{"href":"https:\/\/e.kosmolat.eu\/lt\/wp-json\/wp\/v2\/media?parent=48185"}],"wp:term":[{"taxonomy":"product_cat","embeddable":true,"href":"https:\/\/e.kosmolat.eu\/lt\/wp-json\/wp\/v2\/product_cat?post=48185"},{"taxonomy":"product_tag","embeddable":true,"href":"https:\/\/e.kosmolat.eu\/lt\/wp-json\/wp\/v2\/product_tag?post=48185"}],"curies":[{"name":"wp","href":"https:\/\/api.w.org\/{rel}","templated":true}]}}