{"id":48177,"date":"2024-04-01T04:42:22","date_gmt":"2024-04-01T04:42:22","guid":{"rendered":"https:\/\/e.kosmolat.eu\/product\/viorica-pretgrumbu-sejas-krems-45-50-ml\/"},"modified":"2026-04-14T05:53:26","modified_gmt":"2026-04-14T05:53:26","slug":"viorica-pretgrumbu-sejas-krems-45-50-ml","status":"publish","type":"product","link":"https:\/\/e.kosmolat.eu\/lt\/produktas\/viorica-pretgrumbu-sejas-krems-45-50-ml\/","title":{"rendered":"VIORICA Veido kremas nuo rauk\u0161li\u0173 45+, 50 ml"},"content":{"rendered":"<p>Daugiapakop\u0117 formul\u0117 dr\u0117kina ir ma\u017eina su am\u017eiumi susijusius odos poky\u010dius. <strong>Graikini\u0173 rie&scaron;ut\u0173 <\/strong>aliejus i&scaron;lygina matomas rauk&scaron;les. <strong>Mieli\u0173 beta-gliukanas <\/strong>atstato ir intensyviai dr\u0117kina. <strong>Moli\u016bg\u0173 s\u0117kl\u0173 aliejus<\/strong> maitina ir prisotina vitaminais<\/p>\n<p><strong>Naudojimas:<\/strong> lengvais masa\u017euojamaisiais judesiais tepkite krem\u0105 ant nuvalytos veido, kaklo ir dekolt\u0117 odos. Nor\u0117dami gauti ilgalaiki\u0173 ir tvari\u0173 rezultat\u0173, naudokite krem\u0105 kiekvien\u0105 ryt\u0105 ir derinkite su Viorica naktiniu kremu nuo rauk&scaron;li\u0173 45+.<\/p>\n<p>Nebandyta su gyv\u016bnais. Laikyti t&deg; nuo +5&deg;\u0421 iki +25&deg;\u0421, saugoti nuo tiesiogini\u0173 saul\u0117s spinduli\u0173.<\/p>\n<p><strong>Geriausias:<\/strong> 30 m\u0117nesiai nuo pagaminimo datos.&nbsp;<\/p>\n","protected":false},"excerpt":{"rendered":"<p>Daugiapakop\u0117 formul\u0117 dr\u0117kina ir ma\u017eina su am\u017eiumi susijusius odos poky\u010dius. Graikini\u0173 rie&scaron;ut\u0173 aliejus i&scaron;lygina matomas rauk&scaron;les. Mieli\u0173 beta-gliukanas atstato ir intensyviai dr\u0117kina. Moli\u016bg\u0173 s\u0117kl\u0173 aliejus maitina ir prisotina vitaminais Naudojimas: lengvais masa\u017euojamaisiais judesiais tepkite krem\u0105 ant nuvalytos veido, kaklo ir dekolt\u0117 odos. Nor\u0117dami gauti ilgalaiki\u0173 ir tvari\u0173 rezultat\u0173, naudokite krem\u0105 kiekvien\u0105 ryt\u0105 ir derinkite su [&#8230;]\n","protected":false},"featured_media":91830,"template":"","meta":[],"product_cat":[1322],"product_tag":[],"class_list":{"0":"post-48177","1":"product","2":"type-product","3":"status-publish","4":"has-post-thumbnail","6":"product_brand-viorica-cosmeplant_bg-lt","7":"product_cat-veido-kremai","9":"first","10":"outofstock","11":"taxable","12":"shipping-taxable","13":"product-type-simple"},"_links":{"self":[{"href":"https:\/\/e.kosmolat.eu\/lt\/wp-json\/wp\/v2\/product\/48177","targetHints":{"allow":["GET"]}}],"collection":[{"href":"https:\/\/e.kosmolat.eu\/lt\/wp-json\/wp\/v2\/product"}],"about":[{"href":"https:\/\/e.kosmolat.eu\/lt\/wp-json\/wp\/v2\/types\/product"}],"wp:featuredmedia":[{"embeddable":true,"href":"https:\/\/e.kosmolat.eu\/lt\/wp-json\/wp\/v2\/media\/91830"}],"wp:attachment":[{"href":"https:\/\/e.kosmolat.eu\/lt\/wp-json\/wp\/v2\/media?parent=48177"}],"wp:term":[{"taxonomy":"product_cat","embeddable":true,"href":"https:\/\/e.kosmolat.eu\/lt\/wp-json\/wp\/v2\/product_cat?post=48177"},{"taxonomy":"product_tag","embeddable":true,"href":"https:\/\/e.kosmolat.eu\/lt\/wp-json\/wp\/v2\/product_tag?post=48177"}],"curies":[{"name":"wp","href":"https:\/\/api.w.org\/{rel}","templated":true}]}}