{"id":48169,"date":"2024-04-01T04:41:59","date_gmt":"2024-04-01T04:41:59","guid":{"rendered":"https:\/\/e.kosmolat.eu\/product\/cosmeplant-anti-acne-losjons-toniks-sejai-200-ml\/"},"modified":"2026-04-22T13:17:15","modified_gmt":"2026-04-22T13:17:15","slug":"cosmeplant-anti-acne-losjons-toniks-sejai-200-ml","status":"publish","type":"product","link":"https:\/\/e.kosmolat.eu\/lt\/produktas\/cosmeplant-anti-acne-losjons-toniks-sejai-200-ml\/","title":{"rendered":"COSMEPLANT ANTI-ACNE Veido tonikas, 200 ml"},"content":{"rendered":"<p>Produktas, praturtintas &nbsp;ingredientais nuo spuog\u0173 su \u012frodytu &nbsp;efektyvumu &nbsp;AC.NET ir ekologi&scaron;k\u0173 vaistini\u0173 \u017eoleli\u0173 ekstraktais, skirtas odos, linkusios \u012f b\u0117rim\u0105, prie\u017ei\u016brai. Pasi\u017eymi sebum\u0105 reguliuojan\u010diu poveikiu, sutraukia poras, \u017eymiai pagerina odos b\u016bkl\u0119.<\/p>\n<p><strong>Naudojimas: <\/strong>u\u017etepkite ant vatos diskelio ir &scaron;velniai nuvalykite veid\u0105, vengdami srities aplink akis ir l\u016bpas.<\/p>\n<p>Laikyti t&deg; nuo +5&deg;\u0421 iki +25&deg;\u0421, saugoti nuo tiesiogini\u0173 saul\u0117s spinduli\u0173.<\/p>\n<p><strong>Geriausias:<\/strong> 36 m\u0117nesiai nuo pagaminimo datos.&nbsp;<\/p>\n","protected":false},"excerpt":{"rendered":"<p>Produktas, praturtintas &nbsp;ingredientais nuo spuog\u0173 su \u012frodytu &nbsp;efektyvumu &nbsp;AC.NET ir ekologi&scaron;k\u0173 vaistini\u0173 \u017eoleli\u0173 ekstraktais, skirtas odos, linkusios \u012f b\u0117rim\u0105, prie\u017ei\u016brai. Pasi\u017eymi sebum\u0105 reguliuojan\u010diu poveikiu, sutraukia poras, \u017eymiai pagerina odos b\u016bkl\u0119. Naudojimas: u\u017etepkite ant vatos diskelio ir &scaron;velniai nuvalykite veid\u0105, vengdami srities aplink akis ir l\u016bpas. Laikyti t&deg; nuo +5&deg;\u0421 iki +25&deg;\u0421, saugoti nuo tiesiogini\u0173 saul\u0117s [&#8230;]\n","protected":false},"featured_media":91826,"template":"","meta":[],"product_cat":[2181],"product_tag":[],"class_list":{"0":"post-48169","1":"product","2":"type-product","3":"status-publish","4":"has-post-thumbnail","6":"product_brand-viorica-cosmeplant_bg-lt","7":"product_cat-bez-kategorijas-lt","9":"first","10":"instock","11":"taxable","12":"shipping-taxable","13":"product-type-simple"},"_links":{"self":[{"href":"https:\/\/e.kosmolat.eu\/lt\/wp-json\/wp\/v2\/product\/48169","targetHints":{"allow":["GET"]}}],"collection":[{"href":"https:\/\/e.kosmolat.eu\/lt\/wp-json\/wp\/v2\/product"}],"about":[{"href":"https:\/\/e.kosmolat.eu\/lt\/wp-json\/wp\/v2\/types\/product"}],"wp:featuredmedia":[{"embeddable":true,"href":"https:\/\/e.kosmolat.eu\/lt\/wp-json\/wp\/v2\/media\/91826"}],"wp:attachment":[{"href":"https:\/\/e.kosmolat.eu\/lt\/wp-json\/wp\/v2\/media?parent=48169"}],"wp:term":[{"taxonomy":"product_cat","embeddable":true,"href":"https:\/\/e.kosmolat.eu\/lt\/wp-json\/wp\/v2\/product_cat?post=48169"},{"taxonomy":"product_tag","embeddable":true,"href":"https:\/\/e.kosmolat.eu\/lt\/wp-json\/wp\/v2\/product_tag?post=48169"}],"curies":[{"name":"wp","href":"https:\/\/api.w.org\/{rel}","templated":true}]}}