{"id":48161,"date":"2024-04-01T04:41:38","date_gmt":"2024-04-01T04:41:38","guid":{"rendered":"https:\/\/e.kosmolat.eu\/product\/cosmeplant-anti-acne-nolobosa-dzilas-iedarb-sejas-gomaza-150-ml\/"},"modified":"2026-03-21T10:40:21","modified_gmt":"2026-03-21T10:40:21","slug":"cosmeplant-anti-acne-nolobosa-dzilas-iedarb-sejas-gomaza-150-ml","status":"publish","type":"product","link":"https:\/\/e.kosmolat.eu\/lt\/produktas\/cosmeplant-anti-acne-nolobosa-dzilas-iedarb-sejas-gomaza-150-ml\/","title":{"rendered":"COSMEPLANT ANTI-ACNE Giliai veikiantis \u0161vei\u010diamasis goma\u017eas, 150 ml"},"content":{"rendered":"<p>Produktas su arbatmed\u017ei\u0173 aliejumi, simondsij\u0173 mikrogranul\u0117mis ir ekologi&scaron;kais vaistini\u0173 \u017eoleli\u0173 ekstraktais, skirtas &scaron;velniam \u012f d\u0117mes linkusios veido odos &scaron;veitimui. Veiksmingai i&scaron;valo poras nuo negyv\u0173 odos l\u0105steli\u0173 ir ne&scaron;varum\u0173, skatina odos atsinaujinim\u0105, mink&scaron;tina ir lygina odos pavir&scaron;i\u0173.<\/p>\n<p><strong>Naudojimas:<\/strong> tepti ant dr\u0117gnos odos, vengiant aki\u0173 srities. &Scaron;velniai masa\u017euokite, tada nuplaukite &scaron;iltu vandeniu. Norint pasiekti maksimal\u0173 ir ilgalaik\u012f poveik\u012f, naudokite 2-3 kartus per savait\u0119.<\/p>\n<p>Laikyti t&deg; nuo +5&deg;\u0421 iki +25&deg;\u0421, saugoti nuo tiesiogini\u0173 saul\u0117s spinduli\u0173.<\/p>\n<p><strong>Geriausias: <\/strong>30 m\u0117nesiai nuo pagaminimo datos.&nbsp;<\/p>\n","protected":false},"excerpt":{"rendered":"<p>Produktas su arbatmed\u017ei\u0173 aliejumi, simondsij\u0173 mikrogranul\u0117mis ir ekologi&scaron;kais vaistini\u0173 \u017eoleli\u0173 ekstraktais, skirtas &scaron;velniam \u012f d\u0117mes linkusios veido odos &scaron;veitimui. Veiksmingai i&scaron;valo poras nuo negyv\u0173 odos l\u0105steli\u0173 ir ne&scaron;varum\u0173, skatina odos atsinaujinim\u0105, mink&scaron;tina ir lygina odos pavir&scaron;i\u0173. Naudojimas: tepti ant dr\u0117gnos odos, vengiant aki\u0173 srities. &Scaron;velniai masa\u017euokite, tada nuplaukite &scaron;iltu vandeniu. Norint pasiekti maksimal\u0173 ir ilgalaik\u012f [&#8230;]\n","protected":false},"featured_media":91822,"template":"","meta":[],"product_cat":[1396],"product_tag":[],"class_list":{"0":"post-48161","1":"product","2":"type-product","3":"status-publish","4":"has-post-thumbnail","6":"product_brand-viorica-cosmeplant_bg-lt","7":"product_cat-veido-sveitikliai-ir-pilingai","9":"first","10":"instock","11":"taxable","12":"shipping-taxable","13":"product-type-simple"},"_links":{"self":[{"href":"https:\/\/e.kosmolat.eu\/lt\/wp-json\/wp\/v2\/product\/48161","targetHints":{"allow":["GET"]}}],"collection":[{"href":"https:\/\/e.kosmolat.eu\/lt\/wp-json\/wp\/v2\/product"}],"about":[{"href":"https:\/\/e.kosmolat.eu\/lt\/wp-json\/wp\/v2\/types\/product"}],"wp:featuredmedia":[{"embeddable":true,"href":"https:\/\/e.kosmolat.eu\/lt\/wp-json\/wp\/v2\/media\/91822"}],"wp:attachment":[{"href":"https:\/\/e.kosmolat.eu\/lt\/wp-json\/wp\/v2\/media?parent=48161"}],"wp:term":[{"taxonomy":"product_cat","embeddable":true,"href":"https:\/\/e.kosmolat.eu\/lt\/wp-json\/wp\/v2\/product_cat?post=48161"},{"taxonomy":"product_tag","embeddable":true,"href":"https:\/\/e.kosmolat.eu\/lt\/wp-json\/wp\/v2\/product_tag?post=48161"}],"curies":[{"name":"wp","href":"https:\/\/api.w.org\/{rel}","templated":true}]}}