{"id":48153,"date":"2024-04-01T04:41:20","date_gmt":"2024-04-01T04:41:20","guid":{"rendered":"https:\/\/e.kosmolat.eu\/product\/cosmeplant-anti-acne-cleansing-gel\/"},"modified":"2026-04-22T13:16:58","modified_gmt":"2026-04-22T13:16:58","slug":"cosmeplant-anti-acne-attirosa-zeleja-sejas-mazgas-150-ml","status":"publish","type":"product","link":"https:\/\/e.kosmolat.eu\/lt\/produktas\/cosmeplant-anti-acne-attirosa-zeleja-sejas-mazgas-150-ml\/","title":{"rendered":"COSMEPLANT ANTI-ACNE valomasis gelis, 150 ml"},"content":{"rendered":"<p>Produktas su salicilo r\u016bg&scaron;timi, arbatmed\u017ei\u0173 aliejumi ir ekologi&scaron;kais \u017eoleli\u0173 ekstraktais skirtas kasdieniam d\u0117mi\u0173 linkusios odos valymui. I&scaron;valo poras nuo riebal\u0173 ir ne&scaron;varum\u0173, suma\u017eina rieb\u0173 blizges\u012f ir apsaugo nuo u\u017edegimo atsiradimo. Nesausina odos.<\/p>\n<p><strong>Naudojimas:<\/strong>&nbsp;tepkite ant dr\u0117gnos odos, &scaron;velniai masa\u017euokite, kol susidarys putos. Nuplaukite &scaron;iltu vandeniu. Naudokite ryte ir vakare.<\/p>\n<p>Laikyti t&deg; nuo +5&deg;\u0421 iki +25&deg;\u0421, saugoti nuo tiesiogini\u0173 saul\u0117s spinduli\u0173.<\/p>\n<p><strong>Geriausias:<\/strong> 36 m\u0117nesiai nuo pagaminimo datos.&nbsp;<\/p>\n","protected":false},"excerpt":{"rendered":"<p>Produktas su salicilo r\u016bg&scaron;timi, arbatmed\u017ei\u0173 aliejumi ir ekologi&scaron;kais \u017eoleli\u0173 ekstraktais skirtas kasdieniam d\u0117mi\u0173 linkusios odos valymui. I&scaron;valo poras nuo riebal\u0173 ir ne&scaron;varum\u0173, suma\u017eina rieb\u0173 blizges\u012f ir apsaugo nuo u\u017edegimo atsiradimo. Nesausina odos. Naudojimas:&nbsp;tepkite ant dr\u0117gnos odos, &scaron;velniai masa\u017euokite, kol susidarys putos. Nuplaukite &scaron;iltu vandeniu. Naudokite ryte ir vakare. Laikyti t&deg; nuo +5&deg;\u0421 iki +25&deg;\u0421, saugoti [&#8230;]\n","protected":false},"featured_media":91818,"template":"","meta":[],"product_cat":[2181],"product_tag":[],"class_list":{"0":"post-48153","1":"product","2":"type-product","3":"status-publish","4":"has-post-thumbnail","6":"product_brand-viorica-cosmeplant_bg-lt","7":"product_cat-bez-kategorijas-lt","9":"first","10":"instock","11":"taxable","12":"shipping-taxable","13":"product-type-simple"},"_links":{"self":[{"href":"https:\/\/e.kosmolat.eu\/lt\/wp-json\/wp\/v2\/product\/48153","targetHints":{"allow":["GET"]}}],"collection":[{"href":"https:\/\/e.kosmolat.eu\/lt\/wp-json\/wp\/v2\/product"}],"about":[{"href":"https:\/\/e.kosmolat.eu\/lt\/wp-json\/wp\/v2\/types\/product"}],"wp:featuredmedia":[{"embeddable":true,"href":"https:\/\/e.kosmolat.eu\/lt\/wp-json\/wp\/v2\/media\/91818"}],"wp:attachment":[{"href":"https:\/\/e.kosmolat.eu\/lt\/wp-json\/wp\/v2\/media?parent=48153"}],"wp:term":[{"taxonomy":"product_cat","embeddable":true,"href":"https:\/\/e.kosmolat.eu\/lt\/wp-json\/wp\/v2\/product_cat?post=48153"},{"taxonomy":"product_tag","embeddable":true,"href":"https:\/\/e.kosmolat.eu\/lt\/wp-json\/wp\/v2\/product_tag?post=48153"}],"curies":[{"name":"wp","href":"https:\/\/api.w.org\/{rel}","templated":true}]}}