{"id":48129,"date":"2024-04-01T04:39:24","date_gmt":"2024-04-01T04:39:24","guid":{"rendered":"https:\/\/e.kosmolat.eu\/product\/aquafruit-dusas-zeleja-relax-420-ml\/"},"modified":"2025-09-19T18:42:03","modified_gmt":"2025-09-19T18:42:03","slug":"aquafruit-dusas-zeleja-relax-420-ml","status":"publish","type":"product","link":"https:\/\/e.kosmolat.eu\/lt\/produktas\/aquafruit-dusas-zeleja-relax-420-ml\/","title":{"rendered":"Aquafruit Du\u0161o gelis Relax, 420 ml"},"content":{"rendered":"<p>Gelio sud\u0117tyje yra persik\u0173 aliejus, kuris turtingas mineralais ir vitaminais A, B ir C. Vitaminas E padidina odos stangrum\u0105, taip pat stimuliuoja regeneracijos ir atstatymo procesus. Naudojimo b\u016bdas:nedidel\u012f gelio kiek\u012f u\u017epilkite ant kempin\u0117s arba ant deln\u0173, sukelkite p\u016btas ir tolygiai paskirstykite ant k\u016bno odos, tada gerai nuplaukite \u0161iltu vandeniu. Tinka vis\u0173 tip\u0173 odai. Tinka kasdieniniam naudojimui.<\/p>\n","protected":false},"excerpt":{"rendered":"<p>Gelio sud\u0117tyje yra persik\u0173 aliejus, kuris turtingas mineralais ir vitaminais A, B ir C. Vitaminas E padidina odos stangrum\u0105, taip pat stimuliuoja regeneracijos ir atstatymo procesus. Naudojimo b\u016bdas:nedidel\u012f gelio kiek\u012f u\u017epilkite ant kempin\u0117s arba ant deln\u0173, sukelkite p\u016btas ir tolygiai paskirstykite ant k\u016bno odos, tada gerai nuplaukite \u0161iltu vandeniu. Tinka vis\u0173 tip\u0173 odai. Tinka kasdieniniam [&#8230;]\n","protected":false},"featured_media":82042,"template":"","meta":[],"product_cat":[1282],"product_tag":[],"class_list":{"0":"post-48129","1":"product","2":"type-product","3":"status-publish","4":"has-post-thumbnail","6":"product_brand-vecie-kodi-lt","7":"product_cat-duso-geliai-ir-duso-aliejai","9":"first","10":"outofstock","11":"taxable","12":"shipping-taxable","13":"product-type-simple"},"_links":{"self":[{"href":"https:\/\/e.kosmolat.eu\/lt\/wp-json\/wp\/v2\/product\/48129","targetHints":{"allow":["GET"]}}],"collection":[{"href":"https:\/\/e.kosmolat.eu\/lt\/wp-json\/wp\/v2\/product"}],"about":[{"href":"https:\/\/e.kosmolat.eu\/lt\/wp-json\/wp\/v2\/types\/product"}],"wp:featuredmedia":[{"embeddable":true,"href":"https:\/\/e.kosmolat.eu\/lt\/wp-json\/wp\/v2\/media\/82042"}],"wp:attachment":[{"href":"https:\/\/e.kosmolat.eu\/lt\/wp-json\/wp\/v2\/media?parent=48129"}],"wp:term":[{"taxonomy":"product_cat","embeddable":true,"href":"https:\/\/e.kosmolat.eu\/lt\/wp-json\/wp\/v2\/product_cat?post=48129"},{"taxonomy":"product_tag","embeddable":true,"href":"https:\/\/e.kosmolat.eu\/lt\/wp-json\/wp\/v2\/product_tag?post=48129"}],"curies":[{"name":"wp","href":"https:\/\/api.w.org\/{rel}","templated":true}]}}