{"id":48109,"date":"2024-04-01T04:38:29","date_gmt":"2024-04-01T04:38:29","guid":{"rendered":"https:\/\/e.kosmolat.eu\/product\/i_dd-balzams-eikalipts-un-kampars-42-ml\/"},"modified":"2026-04-14T15:46:53","modified_gmt":"2026-04-14T15:46:53","slug":"i_dd-balzams-eikalipts-un-kampars-42-ml","status":"publish","type":"product","link":"https:\/\/e.kosmolat.eu\/lt\/produktas\/i_dd-balzams-eikalipts-un-kampars-42-ml\/","title":{"rendered":"DOMA\u0160NIJ DOKTOR Balzamas eukaliptas ir kamparas, 42ml"},"content":{"rendered":"<p>INDIKACIJOS: balzamo naudingum\u0105 ir efektyvum\u0105 sudaro atskir\u0173 komponent\u0173 savyb\u0117s, kurie yra sud\u0117tyje, ir naudojami kaip papildoma priemon\u0117 nuo per\u0161alimo, kosulio ir \u016bmi\u0173 kv\u0117pavimo tak\u0173 lig\u0173.<br \/>\nEukalipto aliejus pa\u0161alina kv\u0117pavimo tak\u0173, nosies ir gerkl\u0117s organ\u0173 u\u017edegimo procesus. Kamparas turi dirginan\u010di\u0173 ir antiseptini\u0173 savybi\u0173. Naudojamas kaip tepalas esant u\u017edegimams.<br \/>\nTai n\u0117ra vaistas.<\/p>\n<p>NAUDOJIMO B\u016aDAS: nedidel\u012f balzamo kiek\u012f u\u017etepkite ant problemini\u0173 k\u016bno viet\u0173. 3-5 min pamasa\u017euokite, kol \u012fsigers. Geresniam rezultatui pasiekiant, apsivyniokite \u0161iltu rai\u0161\u010di\u0173. Nenaudokite apvyniojimui pl\u0117vel\u0117s. Proced\u016br\u0105 pakartokite kelis kertus per dien\u0105, ypa\u010d prie\u0161 mieg\u0105.<br \/>\nTik i\u0161oriniam naudojimui.<br \/>\nVengti kontakto su gleivine (nosis, akys), atviromis \u017eaizdomis.<\/p>\n<p>Laikymo s\u0105lygos: nuo 5\u00b0\u0421 iki +25\u00b0\u0421.<\/p>\n","protected":false},"excerpt":{"rendered":"<p>INDIKACIJOS: balzamo naudingum\u0105 ir efektyvum\u0105 sudaro atskir\u0173 komponent\u0173 savyb\u0117s, kurie yra sud\u0117tyje, ir naudojami kaip papildoma priemon\u0117 nuo per\u0161alimo, kosulio ir \u016bmi\u0173 kv\u0117pavimo tak\u0173 lig\u0173. Eukalipto aliejus pa\u0161alina kv\u0117pavimo tak\u0173, nosies ir gerkl\u0117s organ\u0173 u\u017edegimo procesus. Kamparas turi dirginan\u010di\u0173 ir antiseptini\u0173 savybi\u0173. Naudojamas kaip tepalas esant u\u017edegimams. Tai n\u0117ra vaistas. NAUDOJIMO B\u016aDAS: nedidel\u012f balzamo kiek\u012f [&#8230;]\n","protected":false},"featured_media":96610,"template":"","meta":[],"product_cat":[1390],"product_tag":[],"class_list":{"0":"post-48109","1":"product","2":"type-product","3":"status-publish","4":"has-post-thumbnail","6":"product_brand-elfa_ua-lt","7":"product_cat-kremai-aliejai-kuno-pienelis","9":"first","10":"outofstock","11":"taxable","12":"shipping-taxable","13":"product-type-simple"},"_links":{"self":[{"href":"https:\/\/e.kosmolat.eu\/lt\/wp-json\/wp\/v2\/product\/48109","targetHints":{"allow":["GET"]}}],"collection":[{"href":"https:\/\/e.kosmolat.eu\/lt\/wp-json\/wp\/v2\/product"}],"about":[{"href":"https:\/\/e.kosmolat.eu\/lt\/wp-json\/wp\/v2\/types\/product"}],"wp:featuredmedia":[{"embeddable":true,"href":"https:\/\/e.kosmolat.eu\/lt\/wp-json\/wp\/v2\/media\/96610"}],"wp:attachment":[{"href":"https:\/\/e.kosmolat.eu\/lt\/wp-json\/wp\/v2\/media?parent=48109"}],"wp:term":[{"taxonomy":"product_cat","embeddable":true,"href":"https:\/\/e.kosmolat.eu\/lt\/wp-json\/wp\/v2\/product_cat?post=48109"},{"taxonomy":"product_tag","embeddable":true,"href":"https:\/\/e.kosmolat.eu\/lt\/wp-json\/wp\/v2\/product_tag?post=48109"}],"curies":[{"name":"wp","href":"https:\/\/api.w.org\/{rel}","templated":true}]}}