{"id":48101,"date":"2024-04-01T04:38:12","date_gmt":"2024-04-01T04:38:12","guid":{"rendered":"https:\/\/e.kosmolat.eu\/product\/i_dd-balzams-sinepju-42-ml\/"},"modified":"2026-04-22T10:36:35","modified_gmt":"2026-04-22T10:36:35","slug":"i_dd-balzams-sinepju-42-ml","status":"publish","type":"product","link":"https:\/\/e.kosmolat.eu\/lt\/produktas\/i_dd-balzams-sinepju-42-ml\/","title":{"rendered":"DOMA\u0160NIJ DOKTOR  Balzamas Garsty\u010dios, 42 ml"},"content":{"rendered":"<p>Garsty\u010di\u0173 poveikis:<br \/>\n&#8211; turi prie\u0161u\u017edegimini\u0173 savybi\u0173 per\u0161alus ir sergant bronch\u0173 ligomis, gripo metu.<br \/>\n\u0160ildantis.<br \/>\nIndikacijos: balzamo naudingum\u0105 ir efektyvum\u0105 sudaro atskir\u0173 komponent\u0173 savyb\u0117s, kurie yra sud\u0117tyje.<br \/>\nGARSTY\u010cIOS naudojamos kaip \u0161ildanti priemon\u0117 su\u0161alus, per\u0161alus ir gripo metu. Padeda pagerinti kraujotak\u0105.<\/p>\n<p>NAUDOJIMO B\u016aDAS: u\u017etepkite lengvais masa\u017euojamais judesiais. Su\u0161alus u\u017etepkite nedidel\u012f balzamo kiek\u012f ant p\u0117d\u0173. Geresniam rezultatui pasiekti d\u0117v\u0117kite vilnones kojines. Proced\u016br\u0105 kartokite 1-2 kartus per dien\u0105, ypa\u010d efektyvus tepant prie\u0161 mieg\u0105.<\/p>\n<p>Atsargumo priemon\u0117s: Nenaudoti vaikams iki 3 met\u0173, jeigu yra padid\u0117j\u0119s jautrumas komponentams.<br \/>\nTik i\u0161oriniam naudojimui.<br \/>\nVengti kontakto su gleivine (nosis, akys), atviromis \u017eaizdomis.<\/p>\n<p>Laikymo s\u0105lygos: nuo 5\u00b0\u0421 iki +25\u00b0\u0421.<\/p>\n","protected":false},"excerpt":{"rendered":"<p>Garsty\u010di\u0173 poveikis: &#8211; turi prie\u0161u\u017edegimini\u0173 savybi\u0173 per\u0161alus ir sergant bronch\u0173 ligomis, gripo metu. \u0160ildantis. Indikacijos: balzamo naudingum\u0105 ir efektyvum\u0105 sudaro atskir\u0173 komponent\u0173 savyb\u0117s, kurie yra sud\u0117tyje. GARSTY\u010cIOS naudojamos kaip \u0161ildanti priemon\u0117 su\u0161alus, per\u0161alus ir gripo metu. Padeda pagerinti kraujotak\u0105. NAUDOJIMO B\u016aDAS: u\u017etepkite lengvais masa\u017euojamais judesiais. Su\u0161alus u\u017etepkite nedidel\u012f balzamo kiek\u012f ant p\u0117d\u0173. Geresniam rezultatui pasiekti [&#8230;]\n","protected":false},"featured_media":96602,"template":"","meta":[],"product_cat":[2181],"product_tag":[],"class_list":{"0":"post-48101","1":"product","2":"type-product","3":"status-publish","4":"has-post-thumbnail","6":"product_brand-elfa_ua-lt","7":"product_cat-bez-kategorijas-lt","9":"first","10":"instock","11":"taxable","12":"shipping-taxable","13":"product-type-simple"},"_links":{"self":[{"href":"https:\/\/e.kosmolat.eu\/lt\/wp-json\/wp\/v2\/product\/48101","targetHints":{"allow":["GET"]}}],"collection":[{"href":"https:\/\/e.kosmolat.eu\/lt\/wp-json\/wp\/v2\/product"}],"about":[{"href":"https:\/\/e.kosmolat.eu\/lt\/wp-json\/wp\/v2\/types\/product"}],"wp:featuredmedia":[{"embeddable":true,"href":"https:\/\/e.kosmolat.eu\/lt\/wp-json\/wp\/v2\/media\/96602"}],"wp:attachment":[{"href":"https:\/\/e.kosmolat.eu\/lt\/wp-json\/wp\/v2\/media?parent=48101"}],"wp:term":[{"taxonomy":"product_cat","embeddable":true,"href":"https:\/\/e.kosmolat.eu\/lt\/wp-json\/wp\/v2\/product_cat?post=48101"},{"taxonomy":"product_tag","embeddable":true,"href":"https:\/\/e.kosmolat.eu\/lt\/wp-json\/wp\/v2\/product_tag?post=48101"}],"curies":[{"name":"wp","href":"https:\/\/api.w.org\/{rel}","templated":true}]}}