{"id":48093,"date":"2024-04-01T04:37:52","date_gmt":"2024-04-01T04:37:52","guid":{"rendered":"https:\/\/e.kosmolat.eu\/product\/i_dk-maska-adai-ap-acim-antistress-tonizesana-un-atsvaidzinasana\/"},"modified":"2025-09-19T16:33:49","modified_gmt":"2025-09-19T16:33:49","slug":"i_dk-maska-adai-ap-acim-antistress-tonizesana-un-atsvaidzinasana","status":"publish","type":"product","link":"https:\/\/e.kosmolat.eu\/lt\/produktas\/i_dk-maska-adai-ap-acim-antistress-tonizesana-un-atsvaidzinasana\/","title":{"rendered":"I_&#8221;DK&#8221; Tonizuojanti kauk\u0117 odai, aplink akis 2 vnt"},"content":{"rendered":"<p>Kauk\u0117 atkuria ir stangrina od\u0105 aplink akis. Tonizuoja, ramina, dr\u0117kina od\u0105, suteikia jai elastingum\u0105, lygum\u0105, prisotina energijos. Apsaugo od\u0105 nuo i\u0161saus\u0117jimo, ramina od\u0105, atkuria j\u0105 po neigiam\u0173 stresini\u0173 faktori\u0173 (temperat\u016bros kaita, sausas oras, UV-filtrai). Prisotina od\u0105 gyvybei reikalingais elementais, gr\u0105\u017eina gaivum\u0105 ir \u017evilges\u012f, mink\u0161tina ir maitina od\u0105, atpalaiduoja.<\/p>\n<p>Naudojimo b\u016bdas: u\u017ed\u0117kite kauk\u0119 ant \u0161varios odos aplink akis kaip pavaizduota paveiksl\u0117lyje. Nuimkite po 20-25 min. Skys\u010dio liku\u010dius \u0161velniai \u012ftrinkite \u012f od\u0105. U\u017etepkite paaki\u0173 krem\u0105. Vienkartiniam naudojimui.<\/p>\n<p>Laikymo s\u0105lygos: nuo +5\u00b0\u0421 iki +25\u00b0C.\n  <\/p>\n","protected":false},"excerpt":{"rendered":"<p>Kauk\u0117 atkuria ir stangrina od\u0105 aplink akis. Tonizuoja, ramina, dr\u0117kina od\u0105, suteikia jai elastingum\u0105, lygum\u0105, prisotina energijos. Apsaugo od\u0105 nuo i\u0161saus\u0117jimo, ramina od\u0105, atkuria j\u0105 po neigiam\u0173 stresini\u0173 faktori\u0173 (temperat\u016bros kaita, sausas oras, UV-filtrai). Prisotina od\u0105 gyvybei reikalingais elementais, gr\u0105\u017eina gaivum\u0105 ir \u017evilges\u012f, mink\u0161tina ir maitina od\u0105, atpalaiduoja. Naudojimo b\u016bdas: u\u017ed\u0117kite kauk\u0119 ant \u0161varios odos [&#8230;]\n","protected":false},"featured_media":79758,"template":"","meta":[],"product_cat":[1369],"product_tag":[],"class_list":{"0":"post-48093","1":"product","2":"type-product","3":"status-publish","4":"has-post-thumbnail","6":"product_brand-malina-akcija-lt","7":"product_cat-veido-kaukes","9":"first","10":"outofstock","11":"taxable","12":"shipping-taxable","13":"product-type-simple"},"_links":{"self":[{"href":"https:\/\/e.kosmolat.eu\/lt\/wp-json\/wp\/v2\/product\/48093","targetHints":{"allow":["GET"]}}],"collection":[{"href":"https:\/\/e.kosmolat.eu\/lt\/wp-json\/wp\/v2\/product"}],"about":[{"href":"https:\/\/e.kosmolat.eu\/lt\/wp-json\/wp\/v2\/types\/product"}],"wp:featuredmedia":[{"embeddable":true,"href":"https:\/\/e.kosmolat.eu\/lt\/wp-json\/wp\/v2\/media\/79758"}],"wp:attachment":[{"href":"https:\/\/e.kosmolat.eu\/lt\/wp-json\/wp\/v2\/media?parent=48093"}],"wp:term":[{"taxonomy":"product_cat","embeddable":true,"href":"https:\/\/e.kosmolat.eu\/lt\/wp-json\/wp\/v2\/product_cat?post=48093"},{"taxonomy":"product_tag","embeddable":true,"href":"https:\/\/e.kosmolat.eu\/lt\/wp-json\/wp\/v2\/product_tag?post=48093"}],"curies":[{"name":"wp","href":"https:\/\/api.w.org\/{rel}","templated":true}]}}