{"id":48061,"date":"2024-04-01T04:36:33","date_gmt":"2024-04-01T04:36:33","guid":{"rendered":"https:\/\/e.kosmolat.eu\/product\/i_dd-matu-balzams-ciedru-sveki-spidums-un-speks-480-ml\/"},"modified":"2025-09-23T09:53:55","modified_gmt":"2025-09-23T09:53:55","slug":"i_dd-matu-balzams-ciedru-sveki-spidums-un-speks-480-ml","status":"publish","type":"product","link":"https:\/\/e.kosmolat.eu\/lt\/produktas\/i_dd-matu-balzams-ciedru-sveki-spidums-un-speks-480-ml\/","title":{"rendered":"DOMA\u0160NIJ DOKTOR Balzamas plaukams Kedr\u0173 sakai Spindesys ir galia, 480 ml"},"content":{"rendered":"<p>Vis\u0173 tip\u0173 plaukams. Balzamas suteikia plaukams visapus\u0119 prie\u017ei\u016br\u0105, suteikia jiems \u017evilgesio, glotnumo ir tvirtumo. Po balzamo plaukai atrodo i\u0161puosel\u0117ti ir lengvai \u0161ukuojami. Kedr\u0173 sakai stiprina plaukus, saugo juos nuo trapumo ir blankumo. Specialus s\u0117men\u0173, ricinos aliej\u0173 ir varnal\u0117\u0161\u0173 aliejaus ekstrakto kompleksas skatina plauk\u0173 augim\u0105, tod\u0117l jie tampa stipr\u016bs, glotn\u016bs ir elastingi.<\/p>\n<p>Naudojimas: paskirstykite tolygiai ant \u0161vari\u0173, dr\u0117gn\u0173 plauk\u0173, per vis\u0105 ilg\u012f, nuplaukite vandeniu.<\/p>\n<p>Atsargumo priemon\u0117s: patekus \u012f akis, praplauti vandeniu. Galimas padid\u0117j\u0119s individualus jautrumas atskiriems komponentams.<\/p>\n","protected":false},"excerpt":{"rendered":"<p>Vis\u0173 tip\u0173 plaukams. Balzamas suteikia plaukams visapus\u0119 prie\u017ei\u016br\u0105, suteikia jiems \u017evilgesio, glotnumo ir tvirtumo. Po balzamo plaukai atrodo i\u0161puosel\u0117ti ir lengvai \u0161ukuojami. Kedr\u0173 sakai stiprina plaukus, saugo juos nuo trapumo ir blankumo. Specialus s\u0117men\u0173, ricinos aliej\u0173 ir varnal\u0117\u0161\u0173 aliejaus ekstrakto kompleksas skatina plauk\u0173 augim\u0105, tod\u0117l jie tampa stipr\u016bs, glotn\u016bs ir elastingi. Naudojimas: paskirstykite tolygiai ant [&#8230;]\n","protected":false},"featured_media":78272,"template":"","meta":[],"product_cat":[1640],"product_tag":[],"class_list":{"0":"post-48061","1":"product","2":"type-product","3":"status-publish","4":"has-post-thumbnail","6":"product_brand-sale-lt","7":"product_cat-balzamai","9":"first","10":"outofstock","11":"taxable","12":"shipping-taxable","13":"product-type-simple"},"_links":{"self":[{"href":"https:\/\/e.kosmolat.eu\/lt\/wp-json\/wp\/v2\/product\/48061","targetHints":{"allow":["GET"]}}],"collection":[{"href":"https:\/\/e.kosmolat.eu\/lt\/wp-json\/wp\/v2\/product"}],"about":[{"href":"https:\/\/e.kosmolat.eu\/lt\/wp-json\/wp\/v2\/types\/product"}],"wp:featuredmedia":[{"embeddable":true,"href":"https:\/\/e.kosmolat.eu\/lt\/wp-json\/wp\/v2\/media\/78272"}],"wp:attachment":[{"href":"https:\/\/e.kosmolat.eu\/lt\/wp-json\/wp\/v2\/media?parent=48061"}],"wp:term":[{"taxonomy":"product_cat","embeddable":true,"href":"https:\/\/e.kosmolat.eu\/lt\/wp-json\/wp\/v2\/product_cat?post=48061"},{"taxonomy":"product_tag","embeddable":true,"href":"https:\/\/e.kosmolat.eu\/lt\/wp-json\/wp\/v2\/product_tag?post=48061"}],"curies":[{"name":"wp","href":"https:\/\/api.w.org\/{rel}","templated":true}]}}