{"id":47981,"date":"2024-04-01T04:31:32","date_gmt":"2024-04-01T04:31:32","guid":{"rendered":"https:\/\/e.kosmolat.eu\/product\/i_dd-krems-ar-kanepju-ellu-250-ml\/"},"modified":"2025-09-19T21:36:32","modified_gmt":"2025-09-19T21:36:32","slug":"i_dd-krems-ar-kanepju-ellu-250-ml","status":"publish","type":"product","link":"https:\/\/e.kosmolat.eu\/lt\/produktas\/i_dd-krems-ar-kanepju-ellu-250-ml\/","title":{"rendered":"I_DOMA\u0160NIJ DOKTOR Kremas su kanapi\u0173 aliejumi, 250 ml"},"content":{"rendered":"<p>Universalus kremas veido ir k\u016bno odai. Veiksminga j\u016bs\u0173 odos prie\u017ei\u016bra. Dr\u0117kinamasis kremas 3 in 1: normalizuoja hidrobalans\u0105, maitina, atgaivina od\u0105.<br \/>\nKanapi\u0173 ir kokos\u0173 aliejai padeda i\u0161laikyti odos elastingum\u0105 ir stangrum\u0105. Kremas puikiai \u012fsigeria nepalikdamas lipnumo. Rekomenduojama kasdienei prie\u017ei\u016brai.<\/p>\n<p>\nNaudojimas: u\u017etepkite kremo ant \u0161varios odos, masa\u017eo judesiais paskirstykite, kol visi\u0161kai \u012fsigers. Atsargumo priemon\u0117s: padid\u0117j\u0119s individualus jautrumas atskiriems komponentams. Gamybos data, galiojimo laikas ir partijos numeris: \u017er. Ant pakuot\u0117s. Laikymo s\u0105lygos: nuo +5 &deg; \u0421 iki +25 &deg; \u0421<br \/>\n&nbsp;<\/p>\n","protected":false},"excerpt":{"rendered":"<p>Universalus kremas veido ir k\u016bno odai. Veiksminga j\u016bs\u0173 odos prie\u017ei\u016bra. Dr\u0117kinamasis kremas 3 in 1: normalizuoja hidrobalans\u0105, maitina, atgaivina od\u0105. Kanapi\u0173 ir kokos\u0173 aliejai padeda i\u0161laikyti odos elastingum\u0105 ir stangrum\u0105. Kremas puikiai \u012fsigeria nepalikdamas lipnumo. Rekomenduojama kasdienei prie\u017ei\u016brai. Naudojimas: u\u017etepkite kremo ant \u0161varios odos, masa\u017eo judesiais paskirstykite, kol visi\u0161kai \u012fsigers. Atsargumo priemon\u0117s: padid\u0117j\u0119s individualus jautrumas [&#8230;]\n","protected":false},"featured_media":85198,"template":"","meta":[],"product_cat":[1322],"product_tag":[],"class_list":{"0":"post-47981","1":"product","2":"type-product","3":"status-publish","4":"has-post-thumbnail","6":"product_brand-elfa_ua-lt","7":"product_cat-veido-kremai","9":"first","10":"outofstock","11":"taxable","12":"shipping-taxable","13":"product-type-simple"},"_links":{"self":[{"href":"https:\/\/e.kosmolat.eu\/lt\/wp-json\/wp\/v2\/product\/47981","targetHints":{"allow":["GET"]}}],"collection":[{"href":"https:\/\/e.kosmolat.eu\/lt\/wp-json\/wp\/v2\/product"}],"about":[{"href":"https:\/\/e.kosmolat.eu\/lt\/wp-json\/wp\/v2\/types\/product"}],"wp:featuredmedia":[{"embeddable":true,"href":"https:\/\/e.kosmolat.eu\/lt\/wp-json\/wp\/v2\/media\/85198"}],"wp:attachment":[{"href":"https:\/\/e.kosmolat.eu\/lt\/wp-json\/wp\/v2\/media?parent=47981"}],"wp:term":[{"taxonomy":"product_cat","embeddable":true,"href":"https:\/\/e.kosmolat.eu\/lt\/wp-json\/wp\/v2\/product_cat?post=47981"},{"taxonomy":"product_tag","embeddable":true,"href":"https:\/\/e.kosmolat.eu\/lt\/wp-json\/wp\/v2\/product_tag?post=47981"}],"curies":[{"name":"wp","href":"https:\/\/api.w.org\/{rel}","templated":true}]}}