{"id":47949,"date":"2024-04-01T04:30:30","date_gmt":"2024-04-01T04:30:30","guid":{"rendered":"https:\/\/e.kosmolat.eu\/product\/lv-kosmetikas-ota-nr-3-acu-enam-mucinas-forma-mini\/"},"modified":"2025-09-19T18:24:15","modified_gmt":"2025-09-19T18:24:15","slug":"lv-kosmetikas-ota-nr-3-acu-enam-mucinas-forma-mini","status":"publish","type":"product","link":"https:\/\/e.kosmolat.eu\/lt\/produktas\/lv-kosmetikas-ota-nr-3-acu-enam-mucinas-forma-mini\/","title":{"rendered":"LUXVISAGE Teptukas kosmetinis \u0160 3 \u0161e\u0161\u0117li\u0173 kra\u0161tams mini"},"content":{"rendered":"<\/p>\n","protected":false},"excerpt":{"rendered":"","protected":false},"featured_media":81750,"template":"","meta":[],"product_cat":[1548],"product_tag":[],"class_list":{"0":"post-47949","1":"product","2":"type-product","3":"status-publish","4":"has-post-thumbnail","6":"product_brand-lux-visage_by-lt","7":"product_cat-teptukai","9":"first","10":"outofstock","11":"taxable","12":"shipping-taxable","13":"product-type-simple"},"_links":{"self":[{"href":"https:\/\/e.kosmolat.eu\/lt\/wp-json\/wp\/v2\/product\/47949","targetHints":{"allow":["GET"]}}],"collection":[{"href":"https:\/\/e.kosmolat.eu\/lt\/wp-json\/wp\/v2\/product"}],"about":[{"href":"https:\/\/e.kosmolat.eu\/lt\/wp-json\/wp\/v2\/types\/product"}],"wp:featuredmedia":[{"embeddable":true,"href":"https:\/\/e.kosmolat.eu\/lt\/wp-json\/wp\/v2\/media\/81750"}],"wp:attachment":[{"href":"https:\/\/e.kosmolat.eu\/lt\/wp-json\/wp\/v2\/media?parent=47949"}],"wp:term":[{"taxonomy":"product_cat","embeddable":true,"href":"https:\/\/e.kosmolat.eu\/lt\/wp-json\/wp\/v2\/product_cat?post=47949"},{"taxonomy":"product_tag","embeddable":true,"href":"https:\/\/e.kosmolat.eu\/lt\/wp-json\/wp\/v2\/product_tag?post=47949"}],"curies":[{"name":"wp","href":"https:\/\/api.w.org\/{rel}","templated":true}]}}