{"id":47941,"date":"2024-04-01T04:29:35","date_gmt":"2024-04-01T04:29:35","guid":{"rendered":"https:\/\/e.kosmolat.eu\/product\/i_ap-vannas-tablete-ciedru-100-g\/"},"modified":"2025-09-19T23:35:07","modified_gmt":"2025-09-19T23:35:07","slug":"i_ap-vannas-tablete-ciedru-100-g","status":"publish","type":"product","link":"https:\/\/e.kosmolat.eu\/lt\/produktas\/i_ap-vannas-tablete-ciedru-100-g\/","title":{"rendered":"I_MODUM AKADEMIJA PRIRODI Aromatin\u0117 vonios tablet\u0117 Kedras \u017dvalumas. 100 g"},"content":{"rendered":"<p>Aromatin\u0117 vonios tablet\u0117 Gamtos akademija Kedras<br \/>\n\u017dvalumas. Energija. Tonizavimas.<\/p>\n<p>Naudojimas: nuimkite pl\u0117vel\u0119, pamerkite aromatin\u0119 tablet\u0119 \u012f \u0161ilto vandens vonel\u0119. Jis burbuliuos kaip geizeris. Palaukite, kol i\u0161tirps. M\u0117gaukit\u0117s aromatin\u0119 voni\u0105 su kedr\u0173 eteriniu aliejumi. M\u0117gaukit\u0117s SPA proced\u016bromis savo namuose<br \/>\n&nbsp;<\/p>\n","protected":false},"excerpt":{"rendered":"<p>Aromatin\u0117 vonios tablet\u0117 Gamtos akademija Kedras \u017dvalumas. Energija. Tonizavimas. Naudojimas: nuimkite pl\u0117vel\u0119, pamerkite aromatin\u0119 tablet\u0119 \u012f \u0161ilto vandens vonel\u0119. Jis burbuliuos kaip geizeris. Palaukite, kol i\u0161tirps. M\u0117gaukit\u0117s aromatin\u0119 voni\u0105 su kedr\u0173 eteriniu aliejumi. M\u0117gaukit\u0117s SPA proced\u016bromis savo namuose &nbsp;<\/p>\n","protected":false},"featured_media":87190,"template":"","meta":[],"product_cat":[1612],"product_tag":[],"class_list":{"0":"post-47941","1":"product","2":"type-product","3":"status-publish","4":"has-post-thumbnail","6":"product_brand-modum_by-lt","7":"product_cat-putos-druska-vonios-bombos","9":"first","10":"outofstock","11":"taxable","12":"shipping-taxable","13":"product-type-simple"},"_links":{"self":[{"href":"https:\/\/e.kosmolat.eu\/lt\/wp-json\/wp\/v2\/product\/47941","targetHints":{"allow":["GET"]}}],"collection":[{"href":"https:\/\/e.kosmolat.eu\/lt\/wp-json\/wp\/v2\/product"}],"about":[{"href":"https:\/\/e.kosmolat.eu\/lt\/wp-json\/wp\/v2\/types\/product"}],"wp:featuredmedia":[{"embeddable":true,"href":"https:\/\/e.kosmolat.eu\/lt\/wp-json\/wp\/v2\/media\/87190"}],"wp:attachment":[{"href":"https:\/\/e.kosmolat.eu\/lt\/wp-json\/wp\/v2\/media?parent=47941"}],"wp:term":[{"taxonomy":"product_cat","embeddable":true,"href":"https:\/\/e.kosmolat.eu\/lt\/wp-json\/wp\/v2\/product_cat?post=47941"},{"taxonomy":"product_tag","embeddable":true,"href":"https:\/\/e.kosmolat.eu\/lt\/wp-json\/wp\/v2\/product_tag?post=47941"}],"curies":[{"name":"wp","href":"https:\/\/api.w.org\/{rel}","templated":true}]}}