{"id":47925,"date":"2024-04-01T04:29:05","date_gmt":"2024-04-01T04:29:05","guid":{"rendered":"https:\/\/e.kosmolat.eu\/product\/i_dd-majas-dusas-ziepes-alvveja-un-olivu-ella-500-ml\/"},"modified":"2025-09-19T22:52:20","modified_gmt":"2025-09-19T22:52:20","slug":"i_dd-majas-dusas-ziepes-alveja-un-olivu-ella-500-ml","status":"publish","type":"product","link":"https:\/\/e.kosmolat.eu\/lt\/produktas\/i_dd-majas-dusas-ziepes-alveja-un-olivu-ella-500-ml\/","title":{"rendered":"DOMA\u0160NIJ DOKTOR Naminis du\u0161o muilas Alavijas ir alyvuogi\u0173 aliejus, 500 ml"},"content":{"rendered":"<p>Sud\u0117tyje yra alyvuogi\u0173 aliejaus, \u017einomo d\u0117l savo nauding\u0173 savybi\u0173, taip pat komplekso jautriai odai i&scaron; ramun\u0117li\u0173, melis\u0173, laukini\u0173 dede&scaron;v\u0173, svilaro\u017ei\u0173, medetk\u0173, alavij\u0173 ekstrakt\u0173. Muilas puikiai putoja ir i&scaron;laiko od\u0105 &scaron;vari\u0105. Lengvo g\u0117li\u0173 aromato.<\/p>\n<p><strong>Naudojimo instrukcija: <\/strong>tepti ant dr\u0117gnos odos, nuplauti vandeniu.<\/p>\n<p><strong>Atsargumo priemon\u0117s:<\/strong> padid\u0117j\u0119s individualus jautrumas atskiriems komponentams.<\/p>\n","protected":false},"excerpt":{"rendered":"<p>Sud\u0117tyje yra alyvuogi\u0173 aliejaus, \u017einomo d\u0117l savo nauding\u0173 savybi\u0173, taip pat komplekso jautriai odai i&scaron; ramun\u0117li\u0173, melis\u0173, laukini\u0173 dede&scaron;v\u0173, svilaro\u017ei\u0173, medetk\u0173, alavij\u0173 ekstrakt\u0173. Muilas puikiai putoja ir i&scaron;laiko od\u0105 &scaron;vari\u0105. Lengvo g\u0117li\u0173 aromato. Naudojimo instrukcija: tepti ant dr\u0117gnos odos, nuplauti vandeniu. Atsargumo priemon\u0117s: padid\u0117j\u0119s individualus jautrumas atskiriems komponentams.<\/p>\n","protected":false},"featured_media":86534,"template":"","meta":[],"product_cat":[1609],"product_tag":[],"class_list":{"0":"post-47925","1":"product","2":"type-product","3":"status-publish","4":"has-post-thumbnail","6":"product_brand-elfa_ua-lt","7":"product_cat-muilas","9":"first","10":"outofstock","11":"taxable","12":"shipping-taxable","13":"product-type-simple"},"_links":{"self":[{"href":"https:\/\/e.kosmolat.eu\/lt\/wp-json\/wp\/v2\/product\/47925","targetHints":{"allow":["GET"]}}],"collection":[{"href":"https:\/\/e.kosmolat.eu\/lt\/wp-json\/wp\/v2\/product"}],"about":[{"href":"https:\/\/e.kosmolat.eu\/lt\/wp-json\/wp\/v2\/types\/product"}],"wp:featuredmedia":[{"embeddable":true,"href":"https:\/\/e.kosmolat.eu\/lt\/wp-json\/wp\/v2\/media\/86534"}],"wp:attachment":[{"href":"https:\/\/e.kosmolat.eu\/lt\/wp-json\/wp\/v2\/media?parent=47925"}],"wp:term":[{"taxonomy":"product_cat","embeddable":true,"href":"https:\/\/e.kosmolat.eu\/lt\/wp-json\/wp\/v2\/product_cat?post=47925"},{"taxonomy":"product_tag","embeddable":true,"href":"https:\/\/e.kosmolat.eu\/lt\/wp-json\/wp\/v2\/product_tag?post=47925"}],"curies":[{"name":"wp","href":"https:\/\/api.w.org\/{rel}","templated":true}]}}