{"id":47917,"date":"2024-04-01T04:28:36","date_gmt":"2024-04-01T04:28:36","guid":{"rendered":"https:\/\/e.kosmolat.eu\/product\/viorica-parfimerijas-udens-sievietem-paeonia-augusta-60-ml\/"},"modified":"2026-04-11T18:40:37","modified_gmt":"2026-04-11T18:40:37","slug":"viorica-parfimerijas-udens-sievietem-paeonia-augusta-60-ml","status":"publish","type":"product","link":"https:\/\/e.kosmolat.eu\/lt\/produktas\/viorica-parfimerijas-udens-sievietem-paeonia-augusta-60-ml\/","title":{"rendered":"VIORICA Parfumuotas vanduo moterims Paeonia Augusta, 60 ml"},"content":{"rendered":"<p>Tik i&scaron;oriniam naudojimui. Vengti patekimo \u012f akis. Patekus \u012f akis, plauti dideliu kiekiu vandens.<\/p>\n<p>Laikyti t&deg; nuo +5&deg;\u0421 iki +25&deg;\u0421, saugoti nuo tiesiogini\u0173 saul\u0117s spinduli\u0173 ir &scaron;ilumos &scaron;altini\u0173. Laikyti vaikams nepasiekiamoje vietoje.&nbsp;<\/p>\n<p><strong>Atsargiai: <\/strong>degus skystis. Nepurk&scaron;ti ant atviros liepsnos ar kit\u0173 \u012fkaitusi\u0173 pavir&scaron;i\u0173.&nbsp;<br \/>\n&nbsp;<\/p>\n","protected":false},"excerpt":{"rendered":"<p>Tik i&scaron;oriniam naudojimui. Vengti patekimo \u012f akis. Patekus \u012f akis, plauti dideliu kiekiu vandens. Laikyti t&deg; nuo +5&deg;\u0421 iki +25&deg;\u0421, saugoti nuo tiesiogini\u0173 saul\u0117s spinduli\u0173 ir &scaron;ilumos &scaron;altini\u0173. Laikyti vaikams nepasiekiamoje vietoje.&nbsp; Atsargiai: degus skystis. Nepurk&scaron;ti ant atviros liepsnos ar kit\u0173 \u012fkaitusi\u0173 pavir&scaron;i\u0173.&nbsp; &nbsp;<\/p>\n","protected":false},"featured_media":88302,"template":"","meta":[],"product_cat":[1447],"product_tag":[],"class_list":{"0":"post-47917","1":"product","2":"type-product","3":"status-publish","4":"has-post-thumbnail","6":"product_brand-viorica-cosmeplant_bg-lt","7":"product_cat-kvepalai-ir-tualetinis-vanduo-moterims","9":"first","10":"instock","11":"taxable","12":"shipping-taxable","13":"product-type-simple"},"_links":{"self":[{"href":"https:\/\/e.kosmolat.eu\/lt\/wp-json\/wp\/v2\/product\/47917","targetHints":{"allow":["GET"]}}],"collection":[{"href":"https:\/\/e.kosmolat.eu\/lt\/wp-json\/wp\/v2\/product"}],"about":[{"href":"https:\/\/e.kosmolat.eu\/lt\/wp-json\/wp\/v2\/types\/product"}],"wp:featuredmedia":[{"embeddable":true,"href":"https:\/\/e.kosmolat.eu\/lt\/wp-json\/wp\/v2\/media\/88302"}],"wp:attachment":[{"href":"https:\/\/e.kosmolat.eu\/lt\/wp-json\/wp\/v2\/media?parent=47917"}],"wp:term":[{"taxonomy":"product_cat","embeddable":true,"href":"https:\/\/e.kosmolat.eu\/lt\/wp-json\/wp\/v2\/product_cat?post=47917"},{"taxonomy":"product_tag","embeddable":true,"href":"https:\/\/e.kosmolat.eu\/lt\/wp-json\/wp\/v2\/product_tag?post=47917"}],"curies":[{"name":"wp","href":"https:\/\/api.w.org\/{rel}","templated":true}]}}