{"id":47913,"date":"2024-04-01T04:28:25","date_gmt":"2024-04-01T04:28:25","guid":{"rendered":"https:\/\/e.kosmolat.eu\/product\/viorica-vie-attir-putas-sejas-mazgasanai-200-ml\/"},"modified":"2026-04-24T05:30:29","modified_gmt":"2026-04-24T05:30:29","slug":"viorica-vie-attir-putas-sejas-mazgasanai-200-ml","status":"publish","type":"product","link":"https:\/\/e.kosmolat.eu\/lt\/produktas\/viorica-vie-attir-putas-sejas-mazgasanai-200-ml\/","title":{"rendered":"VIORICA VIE Veido valymo putos, 200 ml"},"content":{"rendered":"<p>Viephenol&trade; suteikia odos l\u0105stel\u0117ms galing\u0105 antioksidacin\u0119 apsaug\u0105 ir skatina j\u0173 atsinaujinim\u0105. Serbent\u0173 lap\u0173 ekstraktas valo od\u0105 ir sutraukia poras. Aloe vera ramina ir mink&scaron;tina od\u0105.&nbsp;<\/p>\n<p><strong>Naudojimas: <\/strong>tepti ant dr\u0117gnos odos, masa\u017euoti, nuplauti vandeniu. Prie&scaron; naudodami i&scaron;bandykite gamin\u012f ant vidinio dilbio pavir&scaron;iaus.<\/p>\n<p>Laikyti t&deg; nuo +5&deg;\u0421 iki +25&deg;\u0421, saugoti nuo tiesiogini\u0173 saul\u0117s spinduli\u0173.&nbsp;<br \/>\n&nbsp;<\/p>\n","protected":false},"excerpt":{"rendered":"<p>Viephenol&trade; suteikia odos l\u0105stel\u0117ms galing\u0105 antioksidacin\u0119 apsaug\u0105 ir skatina j\u0173 atsinaujinim\u0105. Serbent\u0173 lap\u0173 ekstraktas valo od\u0105 ir sutraukia poras. Aloe vera ramina ir mink&scaron;tina od\u0105.&nbsp; Naudojimas: tepti ant dr\u0117gnos odos, masa\u017euoti, nuplauti vandeniu. Prie&scaron; naudodami i&scaron;bandykite gamin\u012f ant vidinio dilbio pavir&scaron;iaus. Laikyti t&deg; nuo +5&deg;\u0421 iki +25&deg;\u0421, saugoti nuo tiesiogini\u0173 saul\u0117s spinduli\u0173.&nbsp; &nbsp;<\/p>\n","protected":false},"featured_media":88278,"template":"","meta":[],"product_cat":[1835],"product_tag":[],"class_list":{"0":"post-47913","1":"product","2":"type-product","3":"status-publish","4":"has-post-thumbnail","6":"product_brand-viorica-cosmeplant_bg-lt","7":"product_cat-prausimosi-putos","9":"first","10":"instock","11":"taxable","12":"shipping-taxable","13":"product-type-simple"},"_links":{"self":[{"href":"https:\/\/e.kosmolat.eu\/lt\/wp-json\/wp\/v2\/product\/47913","targetHints":{"allow":["GET"]}}],"collection":[{"href":"https:\/\/e.kosmolat.eu\/lt\/wp-json\/wp\/v2\/product"}],"about":[{"href":"https:\/\/e.kosmolat.eu\/lt\/wp-json\/wp\/v2\/types\/product"}],"wp:featuredmedia":[{"embeddable":true,"href":"https:\/\/e.kosmolat.eu\/lt\/wp-json\/wp\/v2\/media\/88278"}],"wp:attachment":[{"href":"https:\/\/e.kosmolat.eu\/lt\/wp-json\/wp\/v2\/media?parent=47913"}],"wp:term":[{"taxonomy":"product_cat","embeddable":true,"href":"https:\/\/e.kosmolat.eu\/lt\/wp-json\/wp\/v2\/product_cat?post=47913"},{"taxonomy":"product_tag","embeddable":true,"href":"https:\/\/e.kosmolat.eu\/lt\/wp-json\/wp\/v2\/product_tag?post=47913"}],"curies":[{"name":"wp","href":"https:\/\/api.w.org\/{rel}","templated":true}]}}