{"id":47909,"date":"2024-04-01T04:28:12","date_gmt":"2024-04-01T04:28:12","guid":{"rendered":"https:\/\/e.kosmolat.eu\/product\/rocs-baby-zobu-pasta-mazuliem-maiga-kopsana-ar-abolu-35-ml\/"},"modified":"2024-11-05T13:32:11","modified_gmt":"2024-11-05T13:32:11","slug":"rocs-baby-zobu-pasta-mazuliem-maiga-kopsana-ar-abolu-35-ml","status":"publish","type":"product","link":"https:\/\/e.kosmolat.eu\/lt\/produktas\/rocs-baby-zobu-pasta-mazuliem-maiga-kopsana-ar-abolu-35-ml\/","title":{"rendered":"R.O.C.S BABY Dant\u0173 pasta \u0161velni obuoli\u0173 Skonio prie\u017ei\u016bra, 35 ml"},"content":{"rendered":"<p>Nat\u016brali ir saugi k\u016bdikio dant\u0173 ir danten\u0173 apsauga nuo gimimo. Ksilitolis (10 %) ir alginatas &scaron;velniai apsaugo nuo kariogenini\u0173 bakterij\u0173 ir danten\u0173 u\u017edegimo. Unikali patentuota ir patento laukianti formul\u0117.<\/p>\n<p><strong>Galiojimo laikas: <\/strong>3 metai.<\/p>\n<p><em>*Klini&scaron;kai \u012frodyta<\/em><\/p>\n","protected":false},"excerpt":{"rendered":"<p>Nat\u016brali ir saugi k\u016bdikio dant\u0173 ir danten\u0173 apsauga nuo gimimo. Ksilitolis (10 %) ir alginatas &scaron;velniai apsaugo nuo kariogenini\u0173 bakterij\u0173 ir danten\u0173 u\u017edegimo. Unikali patentuota ir patento laukianti formul\u0117. Galiojimo laikas: 3 metai. *Klini&scaron;kai \u012frodyta<\/p>\n","protected":false},"featured_media":26838,"template":"","meta":[],"product_cat":[1337],"product_tag":[],"class_list":{"0":"post-47909","1":"product","2":"type-product","3":"status-publish","4":"has-post-thumbnail","6":"product_brand-rocs-lt","7":"product_cat-burnos-higiena","9":"first","10":"outofstock","11":"taxable","12":"shipping-taxable","13":"product-type-simple"},"_links":{"self":[{"href":"https:\/\/e.kosmolat.eu\/lt\/wp-json\/wp\/v2\/product\/47909","targetHints":{"allow":["GET"]}}],"collection":[{"href":"https:\/\/e.kosmolat.eu\/lt\/wp-json\/wp\/v2\/product"}],"about":[{"href":"https:\/\/e.kosmolat.eu\/lt\/wp-json\/wp\/v2\/types\/product"}],"wp:featuredmedia":[{"embeddable":true,"href":"https:\/\/e.kosmolat.eu\/lt\/wp-json\/wp\/v2\/media\/26838"}],"wp:attachment":[{"href":"https:\/\/e.kosmolat.eu\/lt\/wp-json\/wp\/v2\/media?parent=47909"}],"wp:term":[{"taxonomy":"product_cat","embeddable":true,"href":"https:\/\/e.kosmolat.eu\/lt\/wp-json\/wp\/v2\/product_cat?post=47909"},{"taxonomy":"product_tag","embeddable":true,"href":"https:\/\/e.kosmolat.eu\/lt\/wp-json\/wp\/v2\/product_tag?post=47909"}],"curies":[{"name":"wp","href":"https:\/\/api.w.org\/{rel}","templated":true}]}}