{"id":47893,"date":"2024-04-01T04:25:57","date_gmt":"2024-04-01T04:25:57","guid":{"rendered":"https:\/\/e.kosmolat.eu\/product\/i_me-too-2in1-dusas-zel-un-samp-berniem-little-marmaid-500-ml\/"},"modified":"2025-09-20T00:34:28","modified_gmt":"2025-09-20T00:34:28","slug":"i_me-too-2in1-dusas-zel-un-samp-berniem-little-marmaid-500-ml","status":"publish","type":"product","link":"https:\/\/e.kosmolat.eu\/lt\/produktas\/i_me-too-2in1-dusas-zel-un-samp-berniem-little-marmaid-500-ml\/","title":{"rendered":"I_ME TOO 2in1 Du\u0161o \u017eel\u0117 ir \u0161amp\u016bnas vaikams Little Mermaid, 500 ml"},"content":{"rendered":"<p>Kasdienei prie\u017ei\u016brai. Sud\u0117tyje yra ingredient\u0173, kurie &scaron;velnina od\u0105, palieka j\u0105 &scaron;vari\u0105 ir gaivi\u0105.<\/p>\n","protected":false},"excerpt":{"rendered":"<p>Kasdienei prie\u017ei\u016brai. Sud\u0117tyje yra ingredient\u0173, kurie &scaron;velnina od\u0105, palieka j\u0105 &scaron;vari\u0105 ir gaivi\u0105.<\/p>\n","protected":false},"featured_media":88122,"template":"","meta":[],"product_cat":[1799],"product_tag":[],"class_list":{"0":"post-47893","1":"product","2":"type-product","3":"status-publish","4":"has-post-thumbnail","6":"product_brand-vento_cz-lt","7":"product_cat-duso-geliai-muilas-vonios-putos","9":"first","10":"outofstock","11":"taxable","12":"shipping-taxable","13":"product-type-simple"},"_links":{"self":[{"href":"https:\/\/e.kosmolat.eu\/lt\/wp-json\/wp\/v2\/product\/47893","targetHints":{"allow":["GET"]}}],"collection":[{"href":"https:\/\/e.kosmolat.eu\/lt\/wp-json\/wp\/v2\/product"}],"about":[{"href":"https:\/\/e.kosmolat.eu\/lt\/wp-json\/wp\/v2\/types\/product"}],"wp:featuredmedia":[{"embeddable":true,"href":"https:\/\/e.kosmolat.eu\/lt\/wp-json\/wp\/v2\/media\/88122"}],"wp:attachment":[{"href":"https:\/\/e.kosmolat.eu\/lt\/wp-json\/wp\/v2\/media?parent=47893"}],"wp:term":[{"taxonomy":"product_cat","embeddable":true,"href":"https:\/\/e.kosmolat.eu\/lt\/wp-json\/wp\/v2\/product_cat?post=47893"},{"taxonomy":"product_tag","embeddable":true,"href":"https:\/\/e.kosmolat.eu\/lt\/wp-json\/wp\/v2\/product_tag?post=47893"}],"curies":[{"name":"wp","href":"https:\/\/api.w.org\/{rel}","templated":true}]}}