{"id":47885,"date":"2024-04-01T04:25:30","date_gmt":"2024-04-01T04:25:30","guid":{"rendered":"https:\/\/e.kosmolat.eu\/product\/shary-aktivi-atjaunojosa-auduma-sejas-maska-antistress-un-jaunibas-saglabasana-22-g\/"},"modified":"2025-09-19T22:30:34","modified_gmt":"2025-09-19T22:30:34","slug":"shary-aktivi-atjaunojosa-auduma-sejas-maska-antistress-un-jaunibas-saglabasana-22-g","status":"publish","type":"product","link":"https:\/\/e.kosmolat.eu\/lt\/produktas\/shary-aktivi-atjaunojosa-auduma-sejas-maska-antistress-un-jaunibas-saglabasana-22-g\/","title":{"rendered":"SHARY Aktyviai regeneruojanti med\u017eiagin\u0117 veido kauk\u0117  &#8220;Antistresas ir jaunyst\u0117s i\u0161saugojimas&#8221;"},"content":{"rendered":"<p>Stresas ir kiti i\u0161oriniai veiksniai neigiamai veikia odos b\u016bkl\u0119. Atgaivinan\u010dios proced\u016bros tikslas &ndash; padidinti stangrum\u0105, suma\u017einti rauk\u0161les ir suteikti spindes\u012f. Lak\u0161tin\u0117 kauk\u0117 su niacinamidu ir peptidais naikina nuovargio po\u017eymius, lygina, kovoja su su am\u017eiumi susijusiais poky\u010diais. Kreminis kauk\u0117s serumas apgaubia od\u0105 \u0161velniu debes\u0117liu, kuris padeda numal\u0161inti dirginim\u0105 ir nuraminti jautri\u0105 veido od\u0105.<br \/>\n<strong>Veikliosios med\u017eiagos:<\/strong><br \/>\nPeptidai, niacinamidas, hialurono r\u016bg\u0161tis, argininas, inulinas, alantoinas, betainas, pieno ekstraktas, pieno baltymai, pantenolis, taukmed\u017eio sviestas<\/p>\n<p><strong>Naudojimas:<\/strong><\/p>\n<p>Ant \u0161varios, sausos veido odos u\u017ed\u0117kite lak\u0161tin\u0119 kauk\u0119 ir i\u0161lyginkite susidariusias rauk\u0161les. Po 10-15 minu\u010di\u0173 nuimkite kauk\u0119, likusi\u0105 dal\u012f paskirstykite ant veido ir masa\u017euokite.<br \/>\n<strong>Atsargumo priemon\u0117s: <\/strong><\/p>\n<p>Tik i\u0161oriniam naudojimui. Patekus ant gleivin\u0117s, nuplauti vandeniu. Nenaudoti ant pa\u017eeistos odos. Pasteb\u0117jus sudirgim\u0105, &nbsp;nustokite naudoti. Laikymo s\u0105lygos: laikyti nuo 5 iki +25&deg;C temperat\u016broje nuo saul\u0117s spinduli\u0173, vaikams nepasiekiamoje vietoje.<br \/>\n&nbsp;<\/p>\n","protected":false},"excerpt":{"rendered":"<p>Stresas ir kiti i\u0161oriniai veiksniai neigiamai veikia odos b\u016bkl\u0119. Atgaivinan\u010dios proced\u016bros tikslas &ndash; padidinti stangrum\u0105, suma\u017einti rauk\u0161les ir suteikti spindes\u012f. Lak\u0161tin\u0117 kauk\u0117 su niacinamidu ir peptidais naikina nuovargio po\u017eymius, lygina, kovoja su su am\u017eiumi susijusiais poky\u010diais. Kreminis kauk\u0117s serumas apgaubia od\u0105 \u0161velniu debes\u0117liu, kuris padeda numal\u0161inti dirginim\u0105 ir nuraminti jautri\u0105 veido od\u0105. Veikliosios med\u017eiagos: Peptidai, [&#8230;]\n","protected":false},"featured_media":86182,"template":"","meta":[],"product_cat":[1369],"product_tag":[],"class_list":{"0":"post-47885","1":"product","2":"type-product","3":"status-publish","4":"has-post-thumbnail","6":"product_brand-malina-akcija-lt","7":"product_cat-veido-kaukes","9":"first","10":"outofstock","11":"taxable","12":"shipping-taxable","13":"product-type-simple"},"_links":{"self":[{"href":"https:\/\/e.kosmolat.eu\/lt\/wp-json\/wp\/v2\/product\/47885","targetHints":{"allow":["GET"]}}],"collection":[{"href":"https:\/\/e.kosmolat.eu\/lt\/wp-json\/wp\/v2\/product"}],"about":[{"href":"https:\/\/e.kosmolat.eu\/lt\/wp-json\/wp\/v2\/types\/product"}],"wp:featuredmedia":[{"embeddable":true,"href":"https:\/\/e.kosmolat.eu\/lt\/wp-json\/wp\/v2\/media\/86182"}],"wp:attachment":[{"href":"https:\/\/e.kosmolat.eu\/lt\/wp-json\/wp\/v2\/media?parent=47885"}],"wp:term":[{"taxonomy":"product_cat","embeddable":true,"href":"https:\/\/e.kosmolat.eu\/lt\/wp-json\/wp\/v2\/product_cat?post=47885"},{"taxonomy":"product_tag","embeddable":true,"href":"https:\/\/e.kosmolat.eu\/lt\/wp-json\/wp\/v2\/product_tag?post=47885"}],"curies":[{"name":"wp","href":"https:\/\/api.w.org\/{rel}","templated":true}]}}