{"id":47877,"date":"2024-04-01T04:25:07","date_gmt":"2024-04-01T04:25:07","guid":{"rendered":"https:\/\/e.kosmolat.eu\/product\/shary-dzili-mitrinosa-auduma-sejas-maska-akva-kopsana-un-tulitejs-mikstums-22-g\/"},"modified":"2025-09-19T22:30:17","modified_gmt":"2025-09-19T22:30:17","slug":"shary-dzili-mitrinosa-auduma-sejas-maska-akva-kopsana-un-tulitejs-mikstums-22-g","status":"publish","type":"product","link":"https:\/\/e.kosmolat.eu\/lt\/produktas\/shary-dzili-mitrinosa-auduma-sejas-maska-akva-kopsana-un-tulitejs-mikstums-22-g\/","title":{"rendered":"SHARY Giliai dr\u0117kinanti med\u017eiagin\u0117 veido kauk\u0117 Aqua prie\u017ei\u016bra ir mink\u0161tumas, 22 g"},"content":{"rendered":"<p>Reguliarus odos dr\u0117kinimas &ndash; raktas \u012f gro\u017e\u012f ir jaunyst\u0119. Dr\u0117gm\u0117s tr\u016bkumas epidermio l\u0105stel\u0117se sukelia sausum\u0105, elastingumo praradim\u0105. Lak\u0161tin\u0117 kauk\u0117 su hialurono r\u016bg\u0161timi ir augal\u0173 ekstraktais atkuria vandens balans\u0105, gerina tonus\u0105 ir lygina smulkias rauk\u0161leles. Gelinis serumas gaivina, suteikia maksimal\u0173 komfort\u0105 ir \u0161velnum\u0105.<\/p>\n<p><strong>Veikliosios med\u017eiagos:<\/strong><br \/>\nHialurono r\u016bg\u0161tis, natrio hialuronatas, betainas, konjac manano ekstraktas, alavijo ekstraktas, skvalenas, pantenolis, ry\u017ei\u0173 ekstraktas, migdol\u0173 aliejus<\/p>\n<p><strong>Naudojimas<\/strong>:<\/p>\n<p>Ant \u0161varios, sausos veido odos u\u017ed\u0117kite lak\u0161tin\u0119 kauk\u0119 ir i\u0161lyginkite susidariusias rauk\u0161les. Po 10-15 minu\u010di\u0173 nuimkite kauk\u0119, likusi\u0105 dal\u012f paskirstykite ant veido ir masa\u017euokite.<\/p>\n<p><strong>Atsargumo priemon\u0117s: <\/strong><\/p>\n<p>Tik i\u0161oriniam naudojimui. Patekus ant gleivin\u0117s, nuplauti vandeniu. Nenaudoti ant pa\u017eeistos odos. Pasteb\u0117jus sudirgim\u0105, &nbsp;nustokite naudoti.<\/p>\n<p><strong>Laikymo s\u0105lygos: <\/strong><\/p>\n<p>laikyti nuo 5 iki +25&deg;C temperat\u016broje nuo saul\u0117s spinduli\u0173, vaikams nepasiekiamoje vietoje.<br \/>\n&nbsp;<\/p>\n","protected":false},"excerpt":{"rendered":"<p>Reguliarus odos dr\u0117kinimas &ndash; raktas \u012f gro\u017e\u012f ir jaunyst\u0119. Dr\u0117gm\u0117s tr\u016bkumas epidermio l\u0105stel\u0117se sukelia sausum\u0105, elastingumo praradim\u0105. Lak\u0161tin\u0117 kauk\u0117 su hialurono r\u016bg\u0161timi ir augal\u0173 ekstraktais atkuria vandens balans\u0105, gerina tonus\u0105 ir lygina smulkias rauk\u0161leles. Gelinis serumas gaivina, suteikia maksimal\u0173 komfort\u0105 ir \u0161velnum\u0105. Veikliosios med\u017eiagos: Hialurono r\u016bg\u0161tis, natrio hialuronatas, betainas, konjac manano ekstraktas, alavijo ekstraktas, skvalenas, [&#8230;]\n","protected":false},"featured_media":86178,"template":"","meta":[],"product_cat":[1369],"product_tag":[],"class_list":{"0":"post-47877","1":"product","2":"type-product","3":"status-publish","4":"has-post-thumbnail","6":"product_brand-malina-akcija-lt","7":"product_cat-veido-kaukes","9":"first","10":"outofstock","11":"taxable","12":"shipping-taxable","13":"product-type-simple"},"_links":{"self":[{"href":"https:\/\/e.kosmolat.eu\/lt\/wp-json\/wp\/v2\/product\/47877","targetHints":{"allow":["GET"]}}],"collection":[{"href":"https:\/\/e.kosmolat.eu\/lt\/wp-json\/wp\/v2\/product"}],"about":[{"href":"https:\/\/e.kosmolat.eu\/lt\/wp-json\/wp\/v2\/types\/product"}],"wp:featuredmedia":[{"embeddable":true,"href":"https:\/\/e.kosmolat.eu\/lt\/wp-json\/wp\/v2\/media\/86178"}],"wp:attachment":[{"href":"https:\/\/e.kosmolat.eu\/lt\/wp-json\/wp\/v2\/media?parent=47877"}],"wp:term":[{"taxonomy":"product_cat","embeddable":true,"href":"https:\/\/e.kosmolat.eu\/lt\/wp-json\/wp\/v2\/product_cat?post=47877"},{"taxonomy":"product_tag","embeddable":true,"href":"https:\/\/e.kosmolat.eu\/lt\/wp-json\/wp\/v2\/product_tag?post=47877"}],"curies":[{"name":"wp","href":"https:\/\/api.w.org\/{rel}","templated":true}]}}