{"id":47829,"date":"2024-04-01T04:23:27","date_gmt":"2024-04-01T04:23:27","guid":{"rendered":"https:\/\/e.kosmolat.eu\/product\/mr-mattes-tualetes-bl-3in1-ar-okeana-arom-40-g\/"},"modified":"2026-03-23T15:26:22","modified_gmt":"2026-03-23T15:26:22","slug":"mr-mattes-tualetes-bl-3in1-ar-okeana-arom-40-g","status":"publish","type":"product","link":"https:\/\/e.kosmolat.eu\/lt\/produktas\/mr-mattes-tualetes-bl-3in1-ar-okeana-arom-40-g\/","title":{"rendered":"MR. MATES 3 in 1 Tualeto blokelis su vandenyno aromatu, 40 g"},"content":{"rendered":"<p>I&scaron;valo, putoja ir aromatizuoja.<\/p>\n<p><strong>Naudojimas:<\/strong> pakelkite unitazo dangt\u012f, i&scaron;imkite \u012frengin\u012f i&scaron; pakuot\u0117s ir pakabinkite ant unitazo kra&scaron;to. Vidutini&scaron;kai naudojant, pakanka 3&ndash;4 savait\u0117ms.<\/p>\n<p><strong>Sud\u0117tis:<\/strong> 30 % ir daugiau anijonini\u0173 aktyvi\u0173j\u0173 pavir&scaron;inio med\u017eiagos, ma\u017eiau kaip 5 % &nbsp;nejonini\u0173 &nbsp;aktyvi\u0173j\u0173 pavir&scaron;inio med\u017eiagos, ma\u017eiau kaip 5 % fosfat\u0173. Kvapai.&nbsp;<\/p>\n<p>&nbsp;<\/p>\n<p><strong><img decoding=\"async\" alt=\"\" src=\"file:\/\/\/C:\/Users\/masha\/Desktop\/GHS05.jpg\" style=\"height:40px; width:40px\" \/>GHS05<\/strong> <strong>Pavojinga<\/strong><br \/>\n<strong>H318<\/strong> Smarkiai pa\u017eeid\u017eia akis<br \/>\n<strong>H315<\/strong> Dirgina od\u0105 &nbsp; &nbsp; &nbsp;<br \/>\n<strong>H412<\/strong> Kenksminga vandens organizmams, sukelia ilgalaikius pakitimus.<\/p>\n<p>P102 Laikyti vaikams neprieinamoje vietoje<br \/>\nP264 Po naudojimo kruop&scaron;\u010diai nuplaukite rankas<br \/>\nP273 Saugoti, kad nepatekt\u0173 \u012f aplink\u0105.<br \/>\nP280 M\u016bv\u0117ti apsaugines pir&scaron;tines\/d\u0117v\u0117ti apsauginius drabu\u017eius\/naudoti aki\u0173 (veido) apsaugos priemones.<br \/>\nP305+P351+P338 PATEKUS \u012e AKIS: Kelias minutes atsargiai plauti vandeniu. I&scaron;imti kontaktinius l\u0119&scaron;ius, jeigu jie yra ir jeigu lengvai galima tai padaryti. Toliau plauti akis.<br \/>\nP302+P352 PATEKUS ANT ODOS: Nuplauti dideliu kiekiu muilo ir vandens<br \/>\nP332+P313 Jeigu sudirginama oda: kreiptis \u012f gydytoj\u0105<br \/>\nP310 Nedelsiant skambinti \u012f APSINUODIJIM\u0172 KONTROL\u0116S IR INFORMACIJOS BIUR\u0104 arba kreiptis \u012f gydytoj\u0105.<br \/>\nP501 Turin\u012f\/talpykl\u0105 i&scaron;pilti (i&scaron;mesti) &#8211; sunaudot\u0105 &nbsp;pakuot\u0117 utilizuoti &nbsp;kaip buitines atliekas.<br \/>\n&nbsp;<\/p>\n","protected":false},"excerpt":{"rendered":"<p>I&scaron;valo, putoja ir aromatizuoja. Naudojimas: pakelkite unitazo dangt\u012f, i&scaron;imkite \u012frengin\u012f i&scaron; pakuot\u0117s ir pakabinkite ant unitazo kra&scaron;to. Vidutini&scaron;kai naudojant, pakanka 3&ndash;4 savait\u0117ms. Sud\u0117tis: 30 % ir daugiau anijonini\u0173 aktyvi\u0173j\u0173 pavir&scaron;inio med\u017eiagos, ma\u017eiau kaip 5 % &nbsp;nejonini\u0173 &nbsp;aktyvi\u0173j\u0173 pavir&scaron;inio med\u017eiagos, ma\u017eiau kaip 5 % fosfat\u0173. Kvapai.&nbsp; &nbsp; GHS05 Pavojinga H318 Smarkiai pa\u017eeid\u017eia akis H315 Dirgina od\u0105 [&#8230;]\n","protected":false},"featured_media":91606,"template":"","meta":[],"product_cat":[1524],"product_tag":[],"class_list":{"0":"post-47829","1":"product","2":"type-product","3":"status-publish","4":"has-post-thumbnail","6":"product_brand-mattes_pl-lt","7":"product_cat-oro-gaivikliai-namu-kvapikliai","9":"first","10":"instock","11":"taxable","12":"shipping-taxable","13":"product-type-simple"},"_links":{"self":[{"href":"https:\/\/e.kosmolat.eu\/lt\/wp-json\/wp\/v2\/product\/47829","targetHints":{"allow":["GET"]}}],"collection":[{"href":"https:\/\/e.kosmolat.eu\/lt\/wp-json\/wp\/v2\/product"}],"about":[{"href":"https:\/\/e.kosmolat.eu\/lt\/wp-json\/wp\/v2\/types\/product"}],"wp:featuredmedia":[{"embeddable":true,"href":"https:\/\/e.kosmolat.eu\/lt\/wp-json\/wp\/v2\/media\/91606"}],"wp:attachment":[{"href":"https:\/\/e.kosmolat.eu\/lt\/wp-json\/wp\/v2\/media?parent=47829"}],"wp:term":[{"taxonomy":"product_cat","embeddable":true,"href":"https:\/\/e.kosmolat.eu\/lt\/wp-json\/wp\/v2\/product_cat?post=47829"},{"taxonomy":"product_tag","embeddable":true,"href":"https:\/\/e.kosmolat.eu\/lt\/wp-json\/wp\/v2\/product_tag?post=47829"}],"curies":[{"name":"wp","href":"https:\/\/api.w.org\/{rel}","templated":true}]}}