{"id":47805,"date":"2024-04-01T04:22:45","date_gmt":"2024-04-01T04:22:45","guid":{"rendered":"https:\/\/e.kosmolat.eu\/product\/lybar-original-kosmetiskie-vates-diski-120-gab\/"},"modified":"2025-12-23T07:33:43","modified_gmt":"2025-12-23T07:33:43","slug":"lybar-original-kosmetiskie-vates-diski-120-gab","status":"publish","type":"product","link":"https:\/\/e.kosmolat.eu\/lt\/produktas\/lybar-original-kosmetiskie-vates-diski-120-gab\/","title":{"rendered":"LYBAR ORIGINAL Kosmetiniai vatos diskeliai, 120 vnt."},"content":{"rendered":"<p>Kosmetiniai vatos diskeliai makia\u017eui pa&scaron;alinti, pagaminti i&scaron; 100% medviln\u0117s. Sukurta kasdienei veido, kaklo ir dekolt\u0117 zonos prie\u017ei\u016brai.<\/p>\n","protected":false},"excerpt":{"rendered":"<p>Kosmetiniai vatos diskeliai makia\u017eui pa&scaron;alinti, pagaminti i&scaron; 100% medviln\u0117s. Sukurta kasdienei veido, kaklo ir dekolt\u0117 zonos prie\u017ei\u016brai.<\/p>\n","protected":false},"featured_media":91594,"template":"","meta":[],"product_cat":[1812],"product_tag":[],"class_list":{"0":"post-47805","1":"product","2":"type-product","3":"status-publish","4":"has-post-thumbnail","6":"product_brand-mattes_pl-lt","7":"product_cat-vatos-produktai","9":"first","10":"outofstock","11":"taxable","12":"shipping-taxable","13":"product-type-simple"},"_links":{"self":[{"href":"https:\/\/e.kosmolat.eu\/lt\/wp-json\/wp\/v2\/product\/47805","targetHints":{"allow":["GET"]}}],"collection":[{"href":"https:\/\/e.kosmolat.eu\/lt\/wp-json\/wp\/v2\/product"}],"about":[{"href":"https:\/\/e.kosmolat.eu\/lt\/wp-json\/wp\/v2\/types\/product"}],"wp:featuredmedia":[{"embeddable":true,"href":"https:\/\/e.kosmolat.eu\/lt\/wp-json\/wp\/v2\/media\/91594"}],"wp:attachment":[{"href":"https:\/\/e.kosmolat.eu\/lt\/wp-json\/wp\/v2\/media?parent=47805"}],"wp:term":[{"taxonomy":"product_cat","embeddable":true,"href":"https:\/\/e.kosmolat.eu\/lt\/wp-json\/wp\/v2\/product_cat?post=47805"},{"taxonomy":"product_tag","embeddable":true,"href":"https:\/\/e.kosmolat.eu\/lt\/wp-json\/wp\/v2\/product_tag?post=47805"}],"curies":[{"name":"wp","href":"https:\/\/api.w.org\/{rel}","templated":true}]}}