{"id":47797,"date":"2024-04-01T04:22:31","date_gmt":"2024-04-01T04:22:31","guid":{"rendered":"https:\/\/e.kosmolat.eu\/product\/rebi-dental-bernu-zobu-birste-m16-miksta\/"},"modified":"2026-03-13T07:37:01","modified_gmt":"2026-03-13T07:37:01","slug":"rebi-dental-bernu-zobu-birste-m16-miksta","status":"publish","type":"product","link":"https:\/\/e.kosmolat.eu\/lt\/produktas\/rebi-dental-bernu-zobu-birste-m16-miksta\/","title":{"rendered":"REBI-DENTAL Vaiki\u0161kas dant\u0173 \u0161epet\u0117lis M16, mink\u0161tas"},"content":{"rendered":"","protected":false},"excerpt":{"rendered":"","protected":false},"featured_media":91590,"template":"","meta":[],"product_cat":[2181],"product_tag":[],"class_list":{"0":"post-47797","1":"product","2":"type-product","3":"status-publish","4":"has-post-thumbnail","6":"product_brand-mattes_pl-lt","7":"product_cat-bez-kategorijas-lt","9":"first","10":"instock","11":"taxable","12":"shipping-taxable","13":"product-type-simple"},"_links":{"self":[{"href":"https:\/\/e.kosmolat.eu\/lt\/wp-json\/wp\/v2\/product\/47797","targetHints":{"allow":["GET"]}}],"collection":[{"href":"https:\/\/e.kosmolat.eu\/lt\/wp-json\/wp\/v2\/product"}],"about":[{"href":"https:\/\/e.kosmolat.eu\/lt\/wp-json\/wp\/v2\/types\/product"}],"wp:featuredmedia":[{"embeddable":true,"href":"https:\/\/e.kosmolat.eu\/lt\/wp-json\/wp\/v2\/media\/91590"}],"wp:attachment":[{"href":"https:\/\/e.kosmolat.eu\/lt\/wp-json\/wp\/v2\/media?parent=47797"}],"wp:term":[{"taxonomy":"product_cat","embeddable":true,"href":"https:\/\/e.kosmolat.eu\/lt\/wp-json\/wp\/v2\/product_cat?post=47797"},{"taxonomy":"product_tag","embeddable":true,"href":"https:\/\/e.kosmolat.eu\/lt\/wp-json\/wp\/v2\/product_tag?post=47797"}],"curies":[{"name":"wp","href":"https:\/\/api.w.org\/{rel}","templated":true}]}}