{"id":47789,"date":"2024-04-01T04:22:19","date_gmt":"2024-04-01T04:22:19","guid":{"rendered":"https:\/\/e.kosmolat.eu\/product\/rebi-dental-bernu-zobu-birste-m14-miksta\/"},"modified":"2026-04-14T05:54:28","modified_gmt":"2026-04-14T05:54:28","slug":"rebi-dental-bernu-zobu-birste-m14-miksta","status":"publish","type":"product","link":"https:\/\/e.kosmolat.eu\/lt\/produktas\/rebi-dental-bernu-zobu-birste-m14-miksta\/","title":{"rendered":"REBI-DENTAL Vaiki\u0161kas dant\u0173 \u0161epet\u0117lis M14, mink\u0161tas"},"content":{"rendered":"","protected":false},"excerpt":{"rendered":"","protected":false},"featured_media":91586,"template":"","meta":[],"product_cat":[1337],"product_tag":[],"class_list":{"0":"post-47789","1":"product","2":"type-product","3":"status-publish","4":"has-post-thumbnail","6":"product_brand-mattes_pl-lt","7":"product_cat-burnos-higiena","9":"first","10":"instock","11":"taxable","12":"shipping-taxable","13":"product-type-simple"},"_links":{"self":[{"href":"https:\/\/e.kosmolat.eu\/lt\/wp-json\/wp\/v2\/product\/47789","targetHints":{"allow":["GET"]}}],"collection":[{"href":"https:\/\/e.kosmolat.eu\/lt\/wp-json\/wp\/v2\/product"}],"about":[{"href":"https:\/\/e.kosmolat.eu\/lt\/wp-json\/wp\/v2\/types\/product"}],"wp:featuredmedia":[{"embeddable":true,"href":"https:\/\/e.kosmolat.eu\/lt\/wp-json\/wp\/v2\/media\/91586"}],"wp:attachment":[{"href":"https:\/\/e.kosmolat.eu\/lt\/wp-json\/wp\/v2\/media?parent=47789"}],"wp:term":[{"taxonomy":"product_cat","embeddable":true,"href":"https:\/\/e.kosmolat.eu\/lt\/wp-json\/wp\/v2\/product_cat?post=47789"},{"taxonomy":"product_tag","embeddable":true,"href":"https:\/\/e.kosmolat.eu\/lt\/wp-json\/wp\/v2\/product_tag?post=47789"}],"curies":[{"name":"wp","href":"https:\/\/api.w.org\/{rel}","templated":true}]}}