{"id":47781,"date":"2024-04-01T04:20:41","date_gmt":"2024-04-01T04:20:41","guid":{"rendered":"https:\/\/e.kosmolat.eu\/product\/rebi-dental-zobu-birste-m43-cieta\/"},"modified":"2026-03-31T09:31:56","modified_gmt":"2026-03-31T09:31:56","slug":"rebi-dental-zobu-birste-m43-cieta","status":"publish","type":"product","link":"https:\/\/e.kosmolat.eu\/lt\/produktas\/rebi-dental-zobu-birste-m43-cieta\/","title":{"rendered":"REBI-DENTAL dant\u0173 \u0161epet\u0117lis M43, kietas"},"content":{"rendered":"","protected":false},"excerpt":{"rendered":"","protected":false},"featured_media":91582,"template":"","meta":[],"product_cat":[2181],"product_tag":[],"class_list":{"0":"post-47781","1":"product","2":"type-product","3":"status-publish","4":"has-post-thumbnail","6":"product_brand-mattes_pl-lt","7":"product_cat-bez-kategorijas-lt","9":"first","10":"instock","11":"taxable","12":"shipping-taxable","13":"product-type-simple"},"_links":{"self":[{"href":"https:\/\/e.kosmolat.eu\/lt\/wp-json\/wp\/v2\/product\/47781","targetHints":{"allow":["GET"]}}],"collection":[{"href":"https:\/\/e.kosmolat.eu\/lt\/wp-json\/wp\/v2\/product"}],"about":[{"href":"https:\/\/e.kosmolat.eu\/lt\/wp-json\/wp\/v2\/types\/product"}],"wp:featuredmedia":[{"embeddable":true,"href":"https:\/\/e.kosmolat.eu\/lt\/wp-json\/wp\/v2\/media\/91582"}],"wp:attachment":[{"href":"https:\/\/e.kosmolat.eu\/lt\/wp-json\/wp\/v2\/media?parent=47781"}],"wp:term":[{"taxonomy":"product_cat","embeddable":true,"href":"https:\/\/e.kosmolat.eu\/lt\/wp-json\/wp\/v2\/product_cat?post=47781"},{"taxonomy":"product_tag","embeddable":true,"href":"https:\/\/e.kosmolat.eu\/lt\/wp-json\/wp\/v2\/product_tag?post=47781"}],"curies":[{"name":"wp","href":"https:\/\/api.w.org\/{rel}","templated":true}]}}