{"id":47765,"date":"2024-04-01T04:20:10","date_gmt":"2024-04-01T04:20:10","guid":{"rendered":"https:\/\/e.kosmolat.eu\/product\/rebi-dental-zobu-birste-m43-miksta\/"},"modified":"2025-09-20T04:07:03","modified_gmt":"2025-09-20T04:07:03","slug":"rebi-dental-zobu-birste-m43-miksta","status":"publish","type":"product","link":"https:\/\/e.kosmolat.eu\/lt\/produktas\/rebi-dental-zobu-birste-m43-miksta\/","title":{"rendered":"REBI-DENTAL Dant\u0173 \u0161epet\u0117lis M43, mink\u0161tas"},"content":{"rendered":"","protected":false},"excerpt":{"rendered":"","protected":false},"featured_media":91574,"template":"","meta":[],"product_cat":[1354],"product_tag":[],"class_list":{"0":"post-47765","1":"product","2":"type-product","3":"status-publish","4":"has-post-thumbnail","6":"product_brand-mattes_pl-lt","7":"product_cat-dantu-sepeteliai","9":"first","10":"outofstock","11":"taxable","12":"shipping-taxable","13":"product-type-simple"},"_links":{"self":[{"href":"https:\/\/e.kosmolat.eu\/lt\/wp-json\/wp\/v2\/product\/47765","targetHints":{"allow":["GET"]}}],"collection":[{"href":"https:\/\/e.kosmolat.eu\/lt\/wp-json\/wp\/v2\/product"}],"about":[{"href":"https:\/\/e.kosmolat.eu\/lt\/wp-json\/wp\/v2\/types\/product"}],"wp:featuredmedia":[{"embeddable":true,"href":"https:\/\/e.kosmolat.eu\/lt\/wp-json\/wp\/v2\/media\/91574"}],"wp:attachment":[{"href":"https:\/\/e.kosmolat.eu\/lt\/wp-json\/wp\/v2\/media?parent=47765"}],"wp:term":[{"taxonomy":"product_cat","embeddable":true,"href":"https:\/\/e.kosmolat.eu\/lt\/wp-json\/wp\/v2\/product_cat?post=47765"},{"taxonomy":"product_tag","embeddable":true,"href":"https:\/\/e.kosmolat.eu\/lt\/wp-json\/wp\/v2\/product_tag?post=47765"}],"curies":[{"name":"wp","href":"https:\/\/api.w.org\/{rel}","templated":true}]}}