{"id":47733,"date":"2024-04-01T04:18:59","date_gmt":"2024-04-01T04:18:59","guid":{"rendered":"https:\/\/e.kosmolat.eu\/product\/milo-mitras-salv-tirisanai-universalas-25-gab\/"},"modified":"2026-04-22T07:32:18","modified_gmt":"2026-04-22T07:32:18","slug":"milo-mitras-salv-tirisanai-universalas-25-gab","status":"publish","type":"product","link":"https:\/\/e.kosmolat.eu\/lt\/produktas\/milo-mitras-salv-tirisanai-universalas-25-gab\/","title":{"rendered":"MILO Dr\u0117gno valymo servet\u0117l\u0117s Universalios, 25 vnt."},"content":{"rendered":"<p>Universalios dr\u0117gnos servet\u0117l\u0117s, skirtos \u012fvairi\u0173 nam\u0173 pavir&scaron;i\u0173 (keramikos, plyteli\u0173, metalini\u0173 pavir&scaron;i\u0173 ir kt.) valymui. Vis\u0173 pirma skirta virtuv\u0117s, vonios ir tualeto valymui. Idealiai tinka greitam valymui, lengvai ir be vargo atsikratyti susikaupusi\u0173 ne&scaron;varum\u0173.<\/p>\n<p><strong>Atsargumo priemon\u0117s:<\/strong> prie&scaron; naudojant servet\u0117l\u0119 rekomenduojama i&scaron;bandyti ant nedidelio pavir&scaron;iaus ploto. Servet\u0117l\u0117 skirta tik vienkartiniam naudojimui.<\/p>\n<p><strong>Naudojimas:<\/strong> i&scaron;imkite servet\u0117l\u0119 ir nuvalykite pavir&scaron;i\u0173.<\/p>\n<p><strong>Sud\u0117tis:<\/strong> ma\u017eiau kaip 5 % nejonini\u0173 &nbsp;aktyvi\u0173j\u0173 pavir&scaron;inio med\u017eiagos. Kvapai. Konservantai.<\/p>\n<p>P102 Laikyti vaikams neprieinamoje vietoje<br \/>\nP264 Po naudojimo kruop&scaron;\u010diai nuplaukite rankas<br \/>\nP280 M\u016bv\u0117ti apsaugines pir&scaron;tines.<br \/>\nP403+P235 Laikyti gerai v\u0117dinamoje vietoje. Talpykl\u0105 laikyti sandariai u\u017edaryt\u0105.<br \/>\nP402+P404 Laikyti sausoje vietoje. Laikyti u\u017edaroje talpykloje.<br \/>\nP410+P412 Saugoti nuo saul\u0117s &scaron;viesos. Nelaikyti auk&scaron;tesn\u0117je kaip 50 o C.<br \/>\nP501 Turin\u012f\/talpykl\u0105 i&scaron;pilti (i&scaron;mesti) &#8211; sunaudot\u0105 &nbsp;pakuot\u0117 utilizuoti &nbsp;kaip buitines atliekas.<br \/>\n&nbsp;<\/p>\n","protected":false},"excerpt":{"rendered":"<p>Universalios dr\u0117gnos servet\u0117l\u0117s, skirtos \u012fvairi\u0173 nam\u0173 pavir&scaron;i\u0173 (keramikos, plyteli\u0173, metalini\u0173 pavir&scaron;i\u0173 ir kt.) valymui. Vis\u0173 pirma skirta virtuv\u0117s, vonios ir tualeto valymui. Idealiai tinka greitam valymui, lengvai ir be vargo atsikratyti susikaupusi\u0173 ne&scaron;varum\u0173. Atsargumo priemon\u0117s: prie&scaron; naudojant servet\u0117l\u0119 rekomenduojama i&scaron;bandyti ant nedidelio pavir&scaron;iaus ploto. Servet\u0117l\u0117 skirta tik vienkartiniam naudojimui. Naudojimas: i&scaron;imkite servet\u0117l\u0119 ir nuvalykite pavir&scaron;i\u0173. [&#8230;]\n","protected":false},"featured_media":78383,"template":"","meta":[],"product_cat":[2181],"product_tag":[],"class_list":{"0":"post-47733","1":"product","2":"type-product","3":"status-publish","4":"has-post-thumbnail","6":"product_brand-mattes_pl-lt","7":"product_cat-bez-kategorijas-lt","9":"first","10":"instock","11":"taxable","12":"shipping-taxable","13":"product-type-simple"},"_links":{"self":[{"href":"https:\/\/e.kosmolat.eu\/lt\/wp-json\/wp\/v2\/product\/47733","targetHints":{"allow":["GET"]}}],"collection":[{"href":"https:\/\/e.kosmolat.eu\/lt\/wp-json\/wp\/v2\/product"}],"about":[{"href":"https:\/\/e.kosmolat.eu\/lt\/wp-json\/wp\/v2\/types\/product"}],"wp:featuredmedia":[{"embeddable":true,"href":"https:\/\/e.kosmolat.eu\/lt\/wp-json\/wp\/v2\/media\/78383"}],"wp:attachment":[{"href":"https:\/\/e.kosmolat.eu\/lt\/wp-json\/wp\/v2\/media?parent=47733"}],"wp:term":[{"taxonomy":"product_cat","embeddable":true,"href":"https:\/\/e.kosmolat.eu\/lt\/wp-json\/wp\/v2\/product_cat?post=47733"},{"taxonomy":"product_tag","embeddable":true,"href":"https:\/\/e.kosmolat.eu\/lt\/wp-json\/wp\/v2\/product_tag?post=47733"}],"curies":[{"name":"wp","href":"https:\/\/api.w.org\/{rel}","templated":true}]}}